{"id":21638,"date":"2023-03-04T18:52:08","date_gmt":"2023-03-04T18:52:08","guid":{"rendered":"https:\/\/chilimag.hu\/webshop\/?post_type=product&#038;p=21638"},"modified":"2026-03-02T10:23:52","modified_gmt":"2026-03-02T10:23:52","slug":"gorogdinnye-janosik-z-s-sl","status":"publish","type":"product","link":"https:\/\/chilimag.hu\/webshop\/termek\/gorogdinnye-janosik-z-s-sl\/","title":{"rendered":"G\u00f6r\u00f6gdinnye Janosik Z.S SL"},"content":{"rendered":"","protected":false},"excerpt":{"rendered":"<p><img decoding=\"async\" class=\"active-logo\" src=\"https:\/\/b2b.seklos.lt\/themes\/warehouse\/img\/logo_en.png\" alt=\"Agrofirma S\u0117klos, UAB\" width=\"280\" height=\"95\" \/><\/p>\n<p>Magas h\u0151m\u00e9rs\u00e9klet\u0171, szabadban \u00e9s \u00fcvegh\u00e1zban termesztett z\u00f6lds\u00e9g. K\u00f6z\u00e9pkorai fajta. A gy\u00fcm\u00f6lcs\u00f6k s\u00falya k\u00f6r\u00fclbel\u00fcl 3,5-5,5 kg. A h\u00fas s\u00e1rga, \u00e9des \u00e9s l\u00e9d\u00fas. V\u00e1lasszon napos, sz\u00e9lt\u0151l v\u00e9dett ter\u00fcletet a harci dinny\u00e9k termeszt\u00e9s\u00e9hez. A gy\u00fcm\u00f6lcs\u00f6k \u00e9r\u00e9s\u00e9nek el\u00e9r\u00e9s\u00e9hez \u00fcvegh\u00e1zban vagy szabadf\u00f6ld\u00f6n kell ki\u00fcltetni a pal\u00e1nt\u00e1kat. A n\u00f6v\u00e9nyek elpusztulhatnak, ha a h\u0151m\u00e9rs\u00e9klet 15 \u00b0C-n\u00e1l alacsonyabb. A betakar\u00edt\u00e1st az els\u0151 fagyok el\u0151tt kell leszedni.<br \/>\nB \u00e1rcsoport<br \/>\nMennyis\u00e9g kiszerel\u00e9sben 0,5g<br \/>\nMagok sz\u00e1ma grammonk\u00e9nt Kb. 10-20 mag<br \/>\nTranszplant\u00e1ci\u00f3 V-VI<br \/>\n\u00dcltet\u00e9si t\u00e1vols\u00e1gok 100&#215;50-70 cm<br \/>\nSz\u00fcret VIII-IX<br \/>\nNapos hely Igen<br \/>\nTermeszt\u00e9si hely \u00dcvegh\u00e1zban, sz\u00e1nt\u00f3f\u00f6ld\u00f6n<br \/>\nA fajta korai ideje Korai<br \/>\nVet\u00e9sid\u0151 a talajban V-VI<br \/>\nA pal\u00e1nt\u00e1k vet\u00e9si ideje III-IV<br \/>\nGy\u00e1rt\u00f3 \u017dalia stotel\u0117<\/p>\n","protected":false},"featured_media":21639,"comment_status":"closed","ping_status":"closed","template":"","meta":[],"product_brand":[],"product_cat":[420],"product_tag":[],"class_list":{"0":"post-21638","1":"product","2":"type-product","3":"status-publish","4":"has-post-thumbnail","6":"product_cat-dinnye-es-tok-vetomagok-zalia-stotele","8":"first","9":"instock","10":"taxable","11":"shipping-taxable","12":"purchasable","13":"product-type-simple"},"_links":{"self":[{"href":"https:\/\/chilimag.hu\/webshop\/wp-json\/wp\/v2\/product\/21638","targetHints":{"allow":["GET"]}}],"collection":[{"href":"https:\/\/chilimag.hu\/webshop\/wp-json\/wp\/v2\/product"}],"about":[{"href":"https:\/\/chilimag.hu\/webshop\/wp-json\/wp\/v2\/types\/product"}],"replies":[{"embeddable":true,"href":"https:\/\/chilimag.hu\/webshop\/wp-json\/wp\/v2\/comments?post=21638"}],"wp:featuredmedia":[{"embeddable":true,"href":"https:\/\/chilimag.hu\/webshop\/wp-json\/wp\/v2\/media\/21639"}],"wp:attachment":[{"href":"https:\/\/chilimag.hu\/webshop\/wp-json\/wp\/v2\/media?parent=21638"}],"wp:term":[{"taxonomy":"product_brand","embeddable":true,"href":"https:\/\/chilimag.hu\/webshop\/wp-json\/wp\/v2\/product_brand?post=21638"},{"taxonomy":"product_cat","embeddable":true,"href":"https:\/\/chilimag.hu\/webshop\/wp-json\/wp\/v2\/product_cat?post=21638"},{"taxonomy":"product_tag","embeddable":true,"href":"https:\/\/chilimag.hu\/webshop\/wp-json\/wp\/v2\/product_tag?post=21638"}],"curies":[{"name":"wp","href":"https:\/\/api.w.org\/{rel}","templated":true}]}}