{"id":21621,"date":"2023-03-03T18:58:28","date_gmt":"2023-03-03T18:58:28","guid":{"rendered":"https:\/\/chilimag.hu\/webshop\/?post_type=product&#038;p=21621"},"modified":"2025-08-28T07:40:06","modified_gmt":"2025-08-28T07:40:06","slug":"uborka-liszt-z-s-sl","status":"publish","type":"product","link":"https:\/\/chilimag.hu\/webshop\/termek\/uborka-liszt-z-s-sl\/","title":{"rendered":"Uborka Liszt Hibrid Z.S SL"},"content":{"rendered":"","protected":false},"excerpt":{"rendered":"<p><img decoding=\"async\" class=\"active-logo\" src=\"https:\/\/b2b.seklos.lt\/themes\/warehouse\/img\/logo_en.png\" alt=\"Agrofirma S\u0117klos, UAB\" width=\"280\" height=\"95\" \/><\/p>\n<p>Nagyon korai, nagy hozam\u00fa, hossz\u00fa term\u0151k\u00e9pess\u00e9g\u0171, korai els\u0151 term\u00e9st hoz\u00f3 hibrid. A n\u00f6v\u00e9nyek nyitott t\u00edpus\u00faak, kis lombozat\u00faak \u2013 ez megk\u00f6nny\u00edti a betakar\u00edt\u00e1st. A hibrid betegs\u00e9gekkel szemben ellen\u00e1ll\u00f3, a teljes veget\u00e1ci\u00f3s id\u0151szak alatt egyenletes hozamot \u00e9s nagyon j\u00f3 regener\u00e1ci\u00f3t biztos\u00edt ezen id\u0151szak v\u00e9g\u00e9n. Gy\u00fcm\u00f6lcsei durv\u00e1n massz\u00edvak, apr\u00f3 mag\u00fcregekkel, ropog\u00f3sak. Frissen fogyaszthat\u00f3, bef\u0151z\u00e9sre, savany\u00edt\u00e1sra alkalmas. \u00dcvegh\u00e1zakban \u00e9s szabadban termesztik.<br \/>\nMennyis\u00e9g kiszerel\u00e9sben 0,5g<br \/>\nMagok sz\u00e1ma grammonk\u00e9nt Kb. 35-50 mag<br \/>\nSz\u00fcret VI-IX<br \/>\nMagh\u00edrek 2020<br \/>\nTermeszt\u00e9si hely \u00dcvegh\u00e1zban, sz\u00e1nt\u00f3f\u00f6ld\u00f6n<br \/>\nElk\u00e9sz\u00edt\u00e9si m\u00f3dszerek P\u00e1col\u00e1s, Konzerv\u00e1l\u00e1s<br \/>\nA fajta korai ideje Korai<br \/>\n\u00d6nbeporz\u00f3 Igen<br \/>\nVet\u00e9sid\u0151 a talajban V-VI<br \/>\nA pal\u00e1nt\u00e1k vet\u00e9sideje V-VI<br \/>\nGy\u00fcm\u00f6lcs t\u00edpusa Er\u0151s szit\u00e1l\u00e1s<br \/>\nGy\u00e1rt\u00f3 \u017dalia stotel\u0117<\/p>\n","protected":false},"featured_media":21622,"comment_status":"closed","ping_status":"closed","template":"","meta":[],"product_brand":[],"product_cat":[411],"product_tag":[],"class_list":{"0":"post-21621","1":"product","2":"type-product","3":"status-publish","4":"has-post-thumbnail","6":"product_cat-uborka-es-padlizsan-vetomagok-zalia-stotele","8":"first","9":"instock","10":"taxable","11":"shipping-taxable","12":"purchasable","13":"product-type-simple"},"_links":{"self":[{"href":"https:\/\/chilimag.hu\/webshop\/wp-json\/wp\/v2\/product\/21621","targetHints":{"allow":["GET"]}}],"collection":[{"href":"https:\/\/chilimag.hu\/webshop\/wp-json\/wp\/v2\/product"}],"about":[{"href":"https:\/\/chilimag.hu\/webshop\/wp-json\/wp\/v2\/types\/product"}],"replies":[{"embeddable":true,"href":"https:\/\/chilimag.hu\/webshop\/wp-json\/wp\/v2\/comments?post=21621"}],"wp:featuredmedia":[{"embeddable":true,"href":"https:\/\/chilimag.hu\/webshop\/wp-json\/wp\/v2\/media\/21622"}],"wp:attachment":[{"href":"https:\/\/chilimag.hu\/webshop\/wp-json\/wp\/v2\/media?parent=21621"}],"wp:term":[{"taxonomy":"product_brand","embeddable":true,"href":"https:\/\/chilimag.hu\/webshop\/wp-json\/wp\/v2\/product_brand?post=21621"},{"taxonomy":"product_cat","embeddable":true,"href":"https:\/\/chilimag.hu\/webshop\/wp-json\/wp\/v2\/product_cat?post=21621"},{"taxonomy":"product_tag","embeddable":true,"href":"https:\/\/chilimag.hu\/webshop\/wp-json\/wp\/v2\/product_tag?post=21621"}],"curies":[{"name":"wp","href":"https:\/\/api.w.org\/{rel}","templated":true}]}}