{"id":21615,"date":"2023-03-03T18:50:39","date_gmt":"2023-03-03T18:50:39","guid":{"rendered":"https:\/\/chilimag.hu\/webshop\/?post_type=product&#038;p=21615"},"modified":"2025-12-09T15:06:47","modified_gmt":"2025-12-09T15:06:47","slug":"uborka-dafne-z-s-sl","status":"publish","type":"product","link":"https:\/\/chilimag.hu\/webshop\/termek\/uborka-dafne-z-s-sl\/","title":{"rendered":"Uborka Dafne Hibrid  Z.S SL"},"content":{"rendered":"","protected":false},"excerpt":{"rendered":"<p><img decoding=\"async\" class=\"active-logo\" src=\"https:\/\/b2b.seklos.lt\/themes\/warehouse\/img\/logo_en.png\" alt=\"Agrofirma S\u0117klos, UAB\" width=\"280\" height=\"95\" \/><\/p>\n<p>Nagyon kor\u00e1n \u00e9r\u0151, nagy hozam\u00fa, partenokarpos hibrid. Ellen\u00e1ll a Cladosporium cladosporioidesnek, a mozaikv\u00edrusnak, k\u00f6zepesen ellen\u00e1ll a lisztharmatnak \u00e9s a peronoszp\u00f3ra ellen. \u00dcvegh\u00e1zakban \u00e9s szabadban termesztik. M\u00e9lyz\u00f6ld sz\u00edn\u0171, t\u00fcsk\u00e9s t\u00edpus\u00fa gy\u00fcm\u00f6lcs\u00f6k keser\u0171 \u00edz n\u00e9lk\u00fcliek. Frissen fogyasztva, savany\u00edt\u00e1sra, tart\u00f3s\u00edt\u00e1sra alkalmas<br \/>\nG \u00e1rcsoport<br \/>\nMennyis\u00e9g kiszerel\u00e9sben 0,5g<br \/>\nMagok sz\u00e1ma grammonk\u00e9nt Kb. 35-50 mag<br \/>\nSz\u00fcret VI-IX<br \/>\nNapos hely Igen<br \/>\nTermeszt\u00e9si hely \u00dcvegh\u00e1zban, sz\u00e1nt\u00f3f\u00f6ld\u00f6n<br \/>\nElk\u00e9sz\u00edt\u00e9si m\u00f3dszerek P\u00e1col\u00e1s, Konzerv\u00e1l\u00e1s<br \/>\nA fajta korai ideje Korai<br \/>\n\u00d6nbeporz\u00f3 Igen<br \/>\nVet\u00e9sid\u0151 a talajban V-VI<br \/>\nA pal\u00e1nt\u00e1k vet\u00e9sideje V-VI<br \/>\nGy\u00fcm\u00f6lcs t\u00edpusa Er\u0151s szit\u00e1l\u00e1s<br \/>\nGy\u00e1rt\u00f3 \u017dalia stotel\u0117<\/p>\n","protected":false},"featured_media":21616,"comment_status":"closed","ping_status":"closed","template":"","meta":[],"product_brand":[],"product_cat":[411],"product_tag":[],"class_list":{"0":"post-21615","1":"product","2":"type-product","3":"status-publish","4":"has-post-thumbnail","6":"product_cat-uborka-es-padlizsan-vetomagok-zalia-stotele","8":"first","9":"instock","10":"taxable","11":"shipping-taxable","12":"purchasable","13":"product-type-simple"},"_links":{"self":[{"href":"https:\/\/chilimag.hu\/webshop\/wp-json\/wp\/v2\/product\/21615","targetHints":{"allow":["GET"]}}],"collection":[{"href":"https:\/\/chilimag.hu\/webshop\/wp-json\/wp\/v2\/product"}],"about":[{"href":"https:\/\/chilimag.hu\/webshop\/wp-json\/wp\/v2\/types\/product"}],"replies":[{"embeddable":true,"href":"https:\/\/chilimag.hu\/webshop\/wp-json\/wp\/v2\/comments?post=21615"}],"wp:featuredmedia":[{"embeddable":true,"href":"https:\/\/chilimag.hu\/webshop\/wp-json\/wp\/v2\/media\/21616"}],"wp:attachment":[{"href":"https:\/\/chilimag.hu\/webshop\/wp-json\/wp\/v2\/media?parent=21615"}],"wp:term":[{"taxonomy":"product_brand","embeddable":true,"href":"https:\/\/chilimag.hu\/webshop\/wp-json\/wp\/v2\/product_brand?post=21615"},{"taxonomy":"product_cat","embeddable":true,"href":"https:\/\/chilimag.hu\/webshop\/wp-json\/wp\/v2\/product_cat?post=21615"},{"taxonomy":"product_tag","embeddable":true,"href":"https:\/\/chilimag.hu\/webshop\/wp-json\/wp\/v2\/product_tag?post=21615"}],"curies":[{"name":"wp","href":"https:\/\/api.w.org\/{rel}","templated":true}]}}