{"id":21613,"date":"2023-03-03T18:48:27","date_gmt":"2023-03-03T18:48:27","guid":{"rendered":"https:\/\/chilimag.hu\/webshop\/?post_type=product&#038;p=21613"},"modified":"2025-08-28T07:34:15","modified_gmt":"2025-08-28T07:34:15","slug":"uborka-bara-z-s-sl","status":"publish","type":"product","link":"https:\/\/chilimag.hu\/webshop\/termek\/uborka-bara-z-s-sl\/","title":{"rendered":"Uborka B\u00e1ra Hibrid Z.S SL"},"content":{"rendered":"","protected":false},"excerpt":{"rendered":"<p><img decoding=\"async\" class=\"active-logo\" src=\"https:\/\/b2b.seklos.lt\/themes\/warehouse\/img\/logo_en.png\" alt=\"Agrofirma S\u0117klos, UAB\" width=\"280\" height=\"95\" \/><\/p>\n<p>Nagyon korai, er\u0151s, t\u00f6bbc\u00e9l\u00fa hibrid. Friss felhaszn\u00e1l\u00e1sra, bef\u0151z\u00e9sre, p\u00e1col\u00e1sra alkalmas. Gy\u00fcm\u00f6lcsei s\u00f6t\u00e9tz\u00f6ldek, t\u00fcsk\u00e9s t\u00edpus\u00faak, nem hajlamosak megvastagodni \u00e9s \u00fcregesedni, j\u00f3 \u00edz\u0171ek \u00e9s ropog\u00f3sak, nemcsak frissen, hanem feldolgoz\u00e1s ut\u00e1n is. A hibrid rezisztens az uborka mozaikv\u00edrussal, kladospor\u00f3zissal, antracn\u00f3zissal szemben, j\u00f3l t\u0171ri a peronoszp\u00f3rat. Szabadban termesztik.<\/p>\n<p>D \u00e1rcsoport<br \/>\nMennyis\u00e9g kiszerel\u00e9sben 0,5g<br \/>\nMagok sz\u00e1ma grammonk\u00e9nt Kb. 35-50 mag<br \/>\nSz\u00fcret VI-IX<br \/>\nNapos hely Igen<br \/>\nTerm\u0151f\u00f6ld<br \/>\nElk\u00e9sz\u00edt\u00e9si m\u00f3dszerek P\u00e1col\u00e1s, Konzerv\u00e1l\u00e1s<br \/>\nA fajta korai ideje Korai<br \/>\n\u00d6nbeporz\u00f3 sz<br \/>\nVet\u00e9sid\u0151 a talajban V-VI<br \/>\nA pal\u00e1nt\u00e1k vet\u00e9sideje V-VI<br \/>\nGy\u00fcm\u00f6lcs t\u00edpusa Er\u0151s szit\u00e1l\u00e1s<br \/>\nGy\u00e1rt\u00f3 \u017dalia stotel\u0117<\/p>\n","protected":false},"featured_media":21614,"comment_status":"closed","ping_status":"closed","template":"","meta":[],"product_brand":[],"product_cat":[411],"product_tag":[],"class_list":{"0":"post-21613","1":"product","2":"type-product","3":"status-publish","4":"has-post-thumbnail","6":"product_cat-uborka-es-padlizsan-vetomagok-zalia-stotele","8":"first","9":"instock","10":"taxable","11":"shipping-taxable","12":"purchasable","13":"product-type-simple"},"_links":{"self":[{"href":"https:\/\/chilimag.hu\/webshop\/wp-json\/wp\/v2\/product\/21613","targetHints":{"allow":["GET"]}}],"collection":[{"href":"https:\/\/chilimag.hu\/webshop\/wp-json\/wp\/v2\/product"}],"about":[{"href":"https:\/\/chilimag.hu\/webshop\/wp-json\/wp\/v2\/types\/product"}],"replies":[{"embeddable":true,"href":"https:\/\/chilimag.hu\/webshop\/wp-json\/wp\/v2\/comments?post=21613"}],"wp:featuredmedia":[{"embeddable":true,"href":"https:\/\/chilimag.hu\/webshop\/wp-json\/wp\/v2\/media\/21614"}],"wp:attachment":[{"href":"https:\/\/chilimag.hu\/webshop\/wp-json\/wp\/v2\/media?parent=21613"}],"wp:term":[{"taxonomy":"product_brand","embeddable":true,"href":"https:\/\/chilimag.hu\/webshop\/wp-json\/wp\/v2\/product_brand?post=21613"},{"taxonomy":"product_cat","embeddable":true,"href":"https:\/\/chilimag.hu\/webshop\/wp-json\/wp\/v2\/product_cat?post=21613"},{"taxonomy":"product_tag","embeddable":true,"href":"https:\/\/chilimag.hu\/webshop\/wp-json\/wp\/v2\/product_tag?post=21613"}],"curies":[{"name":"wp","href":"https:\/\/api.w.org\/{rel}","templated":true}]}}