{"id":21609,"date":"2023-03-03T18:41:35","date_gmt":"2023-03-03T18:41:35","guid":{"rendered":"https:\/\/chilimag.hu\/webshop\/?post_type=product&#038;p=21609"},"modified":"2026-02-15T13:01:06","modified_gmt":"2026-02-15T13:01:06","slug":"uborka-superstar-z-s-sl","status":"publish","type":"product","link":"https:\/\/chilimag.hu\/webshop\/termek\/uborka-superstar-z-s-sl\/","title":{"rendered":"Uborka Superstar Hibrid Z.S SL"},"content":{"rendered":"","protected":false},"excerpt":{"rendered":"<p><img decoding=\"async\" class=\"active-logo\" src=\"https:\/\/b2b.seklos.lt\/themes\/warehouse\/img\/logo_en.png\" alt=\"Agrofirma S\u0117klos, UAB\" width=\"280\" height=\"95\" \/><\/p>\n<p>Korai, partenokarpos, szeletel\u0151 t\u00edpus\u00fa hibrid. Ellen\u00e1ll az uborka mozaikv\u00edrus\u00e1nak \u00e9s varasod\u00e1snak. A veget\u00e1ci\u00f3s id\u0151szak a hajt\u00e1sok ki\u00fcltet\u00e9s\u00e9t\u0151l sz\u00e1m\u00edtott 66 nap. Gy\u00fcm\u00f6lcse enyh\u00e9n bord\u00e1zott, s\u00f6t\u00e9tz\u00f6ld, 25-30 cm hossz\u00fa, 380-420 gramm s\u00faly\u00fa. \u00dcvegh\u00e1zban termesztik kora tavaszi, ny\u00e1ri betakar\u00edt\u00e1sra. Frissen haszn\u00e1lt. A legjobban humuszban n\u0151, term\u00e9keny, v\u00edz- \u00e9s leveg\u0151\u00e1tereszt\u0151 talajban.<br \/>\nM \u00e1rcsoport<br \/>\nMennyis\u00e9g kiszerel\u00e9sben 0,5g<br \/>\nMagok sz\u00e1ma grammonk\u00e9nt Kb. 35-50 mag<br \/>\nTranszplant\u00e1ci\u00f3 IV-V<br \/>\n\u00dcltet\u00e9si t\u00e1vols\u00e1gok 80&#215;20-35 cm<br \/>\nSz\u00fcreti V-VII<br \/>\nNapos hely Igen<br \/>\nProfesszion\u00e1lis haszn\u00e1latra alkalmas Igen<br \/>\nTermeszt\u00e9si hely \u00dcvegh\u00e1zban<br \/>\nA fajta korai ideje Korai<br \/>\n\u00d6nbeporz\u00f3 Igen<br \/>\nA pal\u00e1nt\u00e1k vet\u00e9si ideje III-V<br \/>\nGy\u00fcm\u00f6lcs t\u00edpusa Sima<br \/>\nGy\u00e1rt\u00f3 \u017dalia stotel\u0117<\/p>\n","protected":false},"featured_media":21610,"comment_status":"closed","ping_status":"closed","template":"","meta":[],"product_brand":[],"product_cat":[411],"product_tag":[],"class_list":{"0":"post-21609","1":"product","2":"type-product","3":"status-publish","4":"has-post-thumbnail","6":"product_cat-uborka-es-padlizsan-vetomagok-zalia-stotele","8":"first","9":"instock","10":"taxable","11":"shipping-taxable","12":"purchasable","13":"product-type-simple"},"_links":{"self":[{"href":"https:\/\/chilimag.hu\/webshop\/wp-json\/wp\/v2\/product\/21609","targetHints":{"allow":["GET"]}}],"collection":[{"href":"https:\/\/chilimag.hu\/webshop\/wp-json\/wp\/v2\/product"}],"about":[{"href":"https:\/\/chilimag.hu\/webshop\/wp-json\/wp\/v2\/types\/product"}],"replies":[{"embeddable":true,"href":"https:\/\/chilimag.hu\/webshop\/wp-json\/wp\/v2\/comments?post=21609"}],"wp:featuredmedia":[{"embeddable":true,"href":"https:\/\/chilimag.hu\/webshop\/wp-json\/wp\/v2\/media\/21610"}],"wp:attachment":[{"href":"https:\/\/chilimag.hu\/webshop\/wp-json\/wp\/v2\/media?parent=21609"}],"wp:term":[{"taxonomy":"product_brand","embeddable":true,"href":"https:\/\/chilimag.hu\/webshop\/wp-json\/wp\/v2\/product_brand?post=21609"},{"taxonomy":"product_cat","embeddable":true,"href":"https:\/\/chilimag.hu\/webshop\/wp-json\/wp\/v2\/product_cat?post=21609"},{"taxonomy":"product_tag","embeddable":true,"href":"https:\/\/chilimag.hu\/webshop\/wp-json\/wp\/v2\/product_tag?post=21609"}],"curies":[{"name":"wp","href":"https:\/\/api.w.org\/{rel}","templated":true}]}}