{"id":21592,"date":"2023-03-03T18:05:56","date_gmt":"2023-03-03T18:05:56","guid":{"rendered":"https:\/\/chilimag.hu\/webshop\/?post_type=product&#038;p=21592"},"modified":"2025-08-28T07:34:59","modified_gmt":"2025-08-28T07:34:59","slug":"uborka-bohemia-z-s-sl","status":"publish","type":"product","link":"https:\/\/chilimag.hu\/webshop\/termek\/uborka-bohemia-z-s-sl\/","title":{"rendered":"Uborka Bohemia Hibrid Z.S SL"},"content":{"rendered":"","protected":false},"excerpt":{"rendered":"<p><img decoding=\"async\" class=\"active-logo\" src=\"https:\/\/b2b.seklos.lt\/themes\/warehouse\/img\/logo_en.png\" alt=\"Agrofirma S\u0117klos, UAB\" width=\"280\" height=\"95\" \/><\/p>\n<p>Korai, nagy hozam\u00fa uborka hibrid. Gy\u00fcm\u00f6lcsei kiv\u00e1l\u00f3 min\u0151s\u00e9g\u0171ek, t\u00fcsk\u00e9sek, finomak, keser\u0171 \u00edz\u0171ek. Ellen\u00e1ll az uborka mozaik v\u00edrus\u00e1nak, a t\u00f6kf\u00e9l\u00e9k peronoszp\u00f3r\u00e1j\u00e1nak, a cladosporosisnak. Friss felhaszn\u00e1l\u00e1sra, bef\u0151z\u00e9sre, p\u00e1col\u00e1sra alkalmas. A legjobban humuszos, t\u00e1pl\u00e1l\u00f3, vizet \u00e9s leveg\u0151t \u00e1tereszt\u0151 talajban n\u0151. Az ubork\u00e1t 2-3 \u00e9v m\u00falva javasolt ugyanoda \u00fcltetni.<br \/>\nG \u00e1rcsoport<br \/>\nMennyis\u00e9g egy csomagban 1,5g<br \/>\nMagok sz\u00e1ma grammonk\u00e9nt Kb. 35-50 mag<br \/>\nSz\u00fcret V-IX<br \/>\nNapos hely Igen<br \/>\nTerm\u0151f\u00f6ld<br \/>\nElk\u00e9sz\u00edt\u00e9si m\u00f3dszerek P\u00e1col\u00e1s, Konzerv\u00e1l\u00e1s<br \/>\nA fajta korai ideje Korai<br \/>\n\u00d6nbeporz\u00f3 sz<br \/>\nVet\u00e9sid\u0151 a talajban V-VI<br \/>\nA pal\u00e1nt\u00e1k vet\u00e9sideje V-VI<br \/>\nGy\u00fcm\u00f6lcs t\u00edpusa Er\u0151s szit\u00e1l\u00e1s<br \/>\nGy\u00e1rt\u00f3 \u017dalia stotel\u0117<\/p>\n","protected":false},"featured_media":21593,"comment_status":"closed","ping_status":"closed","template":"","meta":[],"product_brand":[],"product_cat":[411],"product_tag":[],"class_list":{"0":"post-21592","1":"product","2":"type-product","3":"status-publish","4":"has-post-thumbnail","6":"product_cat-uborka-es-padlizsan-vetomagok-zalia-stotele","8":"first","9":"instock","10":"taxable","11":"shipping-taxable","12":"purchasable","13":"product-type-simple"},"_links":{"self":[{"href":"https:\/\/chilimag.hu\/webshop\/wp-json\/wp\/v2\/product\/21592","targetHints":{"allow":["GET"]}}],"collection":[{"href":"https:\/\/chilimag.hu\/webshop\/wp-json\/wp\/v2\/product"}],"about":[{"href":"https:\/\/chilimag.hu\/webshop\/wp-json\/wp\/v2\/types\/product"}],"replies":[{"embeddable":true,"href":"https:\/\/chilimag.hu\/webshop\/wp-json\/wp\/v2\/comments?post=21592"}],"wp:featuredmedia":[{"embeddable":true,"href":"https:\/\/chilimag.hu\/webshop\/wp-json\/wp\/v2\/media\/21593"}],"wp:attachment":[{"href":"https:\/\/chilimag.hu\/webshop\/wp-json\/wp\/v2\/media?parent=21592"}],"wp:term":[{"taxonomy":"product_brand","embeddable":true,"href":"https:\/\/chilimag.hu\/webshop\/wp-json\/wp\/v2\/product_brand?post=21592"},{"taxonomy":"product_cat","embeddable":true,"href":"https:\/\/chilimag.hu\/webshop\/wp-json\/wp\/v2\/product_cat?post=21592"},{"taxonomy":"product_tag","embeddable":true,"href":"https:\/\/chilimag.hu\/webshop\/wp-json\/wp\/v2\/product_tag?post=21592"}],"curies":[{"name":"wp","href":"https:\/\/api.w.org\/{rel}","templated":true}]}}