{"id":21588,"date":"2023-03-03T17:59:23","date_gmt":"2023-03-03T17:59:23","guid":{"rendered":"https:\/\/chilimag.hu\/webshop\/?post_type=product&#038;p=21588"},"modified":"2025-08-28T07:40:28","modified_gmt":"2025-08-28T07:40:28","slug":"uborka-mandy-z-s-sl","status":"publish","type":"product","link":"https:\/\/chilimag.hu\/webshop\/termek\/uborka-mandy-z-s-sl\/","title":{"rendered":"Uborka Mandy Hibrid Z.S SL"},"content":{"rendered":"","protected":false},"excerpt":{"rendered":"<p><img decoding=\"async\" class=\"active-logo\" src=\"https:\/\/b2b.seklos.lt\/themes\/warehouse\/img\/logo_en.png\" alt=\"Agrofirma S\u0117klos, UAB\" width=\"280\" height=\"95\" \/><\/p>\n<p>K\u00f6z\u00e9pkorai, nagy hozam\u00fa \u00e9s partenokarpikus hibrid. \u00dcvegh\u00e1zban \u00e9s szabadf\u00f6ld\u00f6n is termeszthet\u0151. Gy\u00fcm\u00f6lcse s\u00f6t\u00e9tz\u00f6ld, t\u00fcsk\u00e9s, 7-12 cm hossz\u00fa, t\u00f6k\u00e9letes \u00edz\u0171, nem keser\u0171. Gy\u00fcm\u00f6lcsei hengeresek, kis maggal. A fajta ellen\u00e1ll\u00f3 az uborka mozaikv\u00edrussal, a t\u00f6kf\u00e9l\u00e9k peronoszp\u00f3r\u00e1j\u00e1val, a Cladosporosissal szemben. Gy\u00fcm\u00f6lcs\u00f6k alkalmasak konzerviparra. A magvak kezelhet\u0151k. Ha a magvakat kezelik, a kezel\u00e9s neve a csomagol\u00e1s alj\u00e1n tal\u00e1lhat\u00f3.<br \/>\nM \u00e1rcsoport<br \/>\nMennyis\u00e9g kiszerel\u00e9sben 0,5g<br \/>\nMagok sz\u00e1ma grammonk\u00e9nt Kb. 35-50 mag<br \/>\nTranszplant\u00e1ci\u00f3 V-VI<br \/>\nSz\u00fcret V-IX<br \/>\nNapos hely Igen<br \/>\nProfesszion\u00e1lis haszn\u00e1latra alkalmas Igen<br \/>\nP\u00e1col\u00e1s t\u00e9lre Igen<br \/>\nTermeszt\u00e9si hely \u00dcvegh\u00e1zban, sz\u00e1nt\u00f3f\u00f6ld\u00f6n<br \/>\nElk\u00e9sz\u00edt\u00e9si m\u00f3dszerek P\u00e1col\u00e1s, Konzerv\u00e1l\u00e1s<br \/>\nA fajta korai ideje M\u00e9rs\u00e9kelten korai<br \/>\n\u00d6nbeporz\u00f3 Igen<br \/>\nVet\u00e9sid\u0151 a talajban V-VI<br \/>\nA pal\u00e1nt\u00e1k vet\u00e9sideje V-VI<br \/>\nGy\u00fcm\u00f6lcs t\u00edpusa Er\u0151s szit\u00e1l\u00e1s<br \/>\nGy\u00e1rt\u00f3 \u017dalia stotel\u0117<\/p>\n","protected":false},"featured_media":21589,"comment_status":"closed","ping_status":"closed","template":"","meta":[],"product_brand":[],"product_cat":[411],"product_tag":[],"class_list":{"0":"post-21588","1":"product","2":"type-product","3":"status-publish","4":"has-post-thumbnail","6":"product_cat-uborka-es-padlizsan-vetomagok-zalia-stotele","8":"first","9":"instock","10":"taxable","11":"shipping-taxable","12":"purchasable","13":"product-type-simple"},"_links":{"self":[{"href":"https:\/\/chilimag.hu\/webshop\/wp-json\/wp\/v2\/product\/21588","targetHints":{"allow":["GET"]}}],"collection":[{"href":"https:\/\/chilimag.hu\/webshop\/wp-json\/wp\/v2\/product"}],"about":[{"href":"https:\/\/chilimag.hu\/webshop\/wp-json\/wp\/v2\/types\/product"}],"replies":[{"embeddable":true,"href":"https:\/\/chilimag.hu\/webshop\/wp-json\/wp\/v2\/comments?post=21588"}],"wp:featuredmedia":[{"embeddable":true,"href":"https:\/\/chilimag.hu\/webshop\/wp-json\/wp\/v2\/media\/21589"}],"wp:attachment":[{"href":"https:\/\/chilimag.hu\/webshop\/wp-json\/wp\/v2\/media?parent=21588"}],"wp:term":[{"taxonomy":"product_brand","embeddable":true,"href":"https:\/\/chilimag.hu\/webshop\/wp-json\/wp\/v2\/product_brand?post=21588"},{"taxonomy":"product_cat","embeddable":true,"href":"https:\/\/chilimag.hu\/webshop\/wp-json\/wp\/v2\/product_cat?post=21588"},{"taxonomy":"product_tag","embeddable":true,"href":"https:\/\/chilimag.hu\/webshop\/wp-json\/wp\/v2\/product_tag?post=21588"}],"curies":[{"name":"wp","href":"https:\/\/api.w.org\/{rel}","templated":true}]}}