{"id":21571,"date":"2023-03-03T17:11:21","date_gmt":"2023-03-03T17:11:21","guid":{"rendered":"https:\/\/chilimag.hu\/webshop\/?post_type=product&#038;p=21571"},"modified":"2026-05-08T13:30:49","modified_gmt":"2026-05-08T13:30:49","slug":"tozeg-palantazashoz-sl-20-l","status":"publish","type":"product","link":"https:\/\/chilimag.hu\/webshop\/termek\/tozeg-palantazashoz-sl-20-l\/","title":{"rendered":"T\u0151zeg pal\u00e1nt\u00e1z\u00e1shoz \u00e9s magvet\u00e9shez  SL 20 L"},"content":{"rendered":"","protected":false},"excerpt":{"rendered":"<p>Le\u00edr\u00e1s<\/p>\n<p>K\u00f6rnyezetbar\u00e1t t\u0151zeg speci\u00e1lis receptje alapj\u00e1n szakszer\u0171en elk\u00e9sz\u00edtett sokoldal\u00fa, t\u0151zegszubsztr\u00e1t paradicsom, paprika \u00e9s padlizs\u00e1n magjainak mag\u00e1gyba vet\u00e9s\u00e9re, pal\u00e1nt\u00e1k kisz\u00far\u00e1s\u00e1ra, \u00fajratelep\u00edt\u00e9s\u00e9re \u00e9s termeszt\u00e9s\u00e9re, m\u00e1s n\u00f6v\u00e9nyek \u00fajratelep\u00edt\u00e9s\u00e9re, p\u00f3tl\u00e1s\u00e1ra \u00e9s jav\u00edt\u00e1s\u00e1ra. \u00fcltet\u00e9si talaj ny\u00edlt \u00e9s z\u00e1rt talajban.<\/p>\n<p style=\"font-weight: 400;\">T\u0150ZEG ALJZAT PARADICSOMHOZ, PADLIZS\u00c1NHOZ \u00c9S PAPRIK\u00c1HOZ<\/p>\n<p style=\"font-weight: 400;\">Rendeltet\u00e9s: univerz\u00e1lis, szakszer\u0171en elk\u00e9sz\u00edtett, speci\u00e1lis \u00f6sszet\u00e9tel\u0171 t\u0151zeg szubsztr\u00e1tum \u00f6kol\u00f3giai tiszta t\u0151zegb\u0151l paradicsom, paprika, padlizs\u00e1n \u00e9s pal\u00e1nta termeszt\u00e9s\u00e9re \u00e9s \u00fajra telep\u00edt\u00e9s\u00e9re a pal\u00e1ntal\u00e1d\u00e1kig, fedett \u00e9s ny\u00edlt term\u0151talaj \u00fajra telep\u00edt\u00e9s\u00e9re, m\u0171vel\u00e9s\u00e9re, szapor\u00edt\u00e1s\u00e1ra, kieg\u00e9sz\u00edt\u00e9s\u00e9re \u00e9s jav\u00edt\u00e1s\u00e1ra. Az aljzat por\u00f3zus, felsz\u00edvja a vizet \u00e9s megtartja a nedvess\u00e9get mentes a betegs\u00e9gek hordoz\u00f3it\u00f3l. A m\u0171tr\u00e1gy\u00e1t \u00e9s a term\u00e9szetes \u00e1sv\u00e1nyi adal\u00e9kokat \u00fagy v\u00e1lasztj\u00e1k meg, hogy a n\u00f6v\u00e9nyek k\u00f6nnyen fel tudj\u00e1k venni azokat.<\/p>\n<p style=\"font-weight: 400;\">Talajjav\u00edt\u00f3 anyagok \u00e9s t\u00e1ptalajok term\u00e9kcsoport: termeszt\u0151zeg kever\u00e9k.<\/p>\n<p style=\"font-weight: 400;\">F\u0151 \u00f6sszetev\u0151k: t\u0151zeg (H4-H6), m\u00e9szk\u0151, \u00e1sv\u00e1nyi m\u0171tr\u00e1gya.<\/p>\n<p style=\"font-weight: 400;\">\u00d6sszet\u00e9tel: 65%-ot meg nem halad\u00f3 p\u00e1ratartalom, p-5,5-6,5, elektr (ECmS\/cm)-0,7-0,9, kalcium (Ca) 1,1%, magn\u00e9zium (Mg)-0,01%, frakci\u00f3 0-20 m 200 Tippek: haszn\u00e1lat el\u0151tt az aljzatot leveg\u0151ztetni \u00e9s nedves\u00edteni kell. \u00dajra \u00fcltet\u00e9s ut\u00e1n legal\u00e1bb egy h\u00f3napig ne m\u0171tr\u00e1gy\u00e1zzunk, csak \u00f6nt\u00f6z\u00e9ssel tartsuk fenn a p\u00e1ratartalmat. Egy h\u00f3nap eltelt\u00e9vel, tov\u00e1bbi tr\u00e1gy\u00e1z\u00e1s az \u00f6nt\u00f6z\u00e9s sor\u00e1n. H\u0171v\u00f6s id\u0151ben \u00fcltess\u00fck \u00e1t a n\u00f6v\u00e9nyeket. Keverje \u00f6ssze a kerti talajt az aljzattal 1:1 ar\u00e1nyban. Az aljzat j\u00f3 talajtakar\u00f3 is. \u00d6nmag\u00e1ban vagy k\u00e9reggel keverve (forg\u00e1cs) haszn\u00e1lhat\u00f3. A haszn\u00e1lt aljzat kiv\u00e1l\u00f3an alkalmas a kerti alapszerkezet mozgat\u00e1s\u00e1ra \u00e9s a tr\u00e1gy\u00e1z\u00f3 hat\u00e1sra.<\/p>\n<p style=\"font-weight: 400;\">Biztons\u00e1g \u00e9s t\u00e1rol\u00e1s: haszn\u00e1latkor tartsa be az \u00e1ltal\u00e1nos higi\u00e9niai k\u00f6vetelm\u00e9nyeket. Viseljen keszty\u0171t. B\u0151rrel vagy szemmel val\u00f3 \u00e9rintkez\u00e9s ut\u00e1n mossa le v\u00edzzel. Gyermekekt\u0151l \u00f3vjuk! Tartsa sz\u00e1raz helyen k\u00f6zvetlen napf\u00e9nyt\u0151l, nedvess\u00e9gt\u0151l, potenci\u00e1lt\u00f3l v\u00e9dett helyen szennyez\u0151d\u00e9s \u00e9s a csomagol\u00e1s mechanikai s\u00e9r\u00fcl\u00e9se. T\u00e1rol\u00e1s: h\u0151m\u00e9rs\u00e9klet nem haladja meg a +40\u00b0C-ot. Ha az aljzat lefagy \u00e9s kiolvad, a tulajdons\u00e1gok nem v\u00e1ltoznak.<\/p>\n<p>T\u00e9rfogat t\u00f6lt\u00e9skor 20 l<br \/>\nC\u00e9l z\u00f6lds\u00e9gekhez, pal\u00e1nt\u00e1khoz<br \/>\nGy\u00e1rt\u00f3 S\u0116KLOS LT<br \/>\nKiszerel\u00e9s 20 l<\/p>\n","protected":false},"featured_media":21572,"comment_status":"closed","ping_status":"closed","template":"","meta":[],"product_brand":[],"product_cat":[371],"product_tag":[],"class_list":{"0":"post-21571","1":"product","2":"type-product","3":"status-publish","4":"has-post-thumbnail","6":"product_cat-seklos-lt-tozegek","8":"first","9":"instock","10":"taxable","11":"shipping-taxable","12":"purchasable","13":"product-type-simple"},"_links":{"self":[{"href":"https:\/\/chilimag.hu\/webshop\/wp-json\/wp\/v2\/product\/21571","targetHints":{"allow":["GET"]}}],"collection":[{"href":"https:\/\/chilimag.hu\/webshop\/wp-json\/wp\/v2\/product"}],"about":[{"href":"https:\/\/chilimag.hu\/webshop\/wp-json\/wp\/v2\/types\/product"}],"replies":[{"embeddable":true,"href":"https:\/\/chilimag.hu\/webshop\/wp-json\/wp\/v2\/comments?post=21571"}],"wp:featuredmedia":[{"embeddable":true,"href":"https:\/\/chilimag.hu\/webshop\/wp-json\/wp\/v2\/media\/21572"}],"wp:attachment":[{"href":"https:\/\/chilimag.hu\/webshop\/wp-json\/wp\/v2\/media?parent=21571"}],"wp:term":[{"taxonomy":"product_brand","embeddable":true,"href":"https:\/\/chilimag.hu\/webshop\/wp-json\/wp\/v2\/product_brand?post=21571"},{"taxonomy":"product_cat","embeddable":true,"href":"https:\/\/chilimag.hu\/webshop\/wp-json\/wp\/v2\/product_cat?post=21571"},{"taxonomy":"product_tag","embeddable":true,"href":"https:\/\/chilimag.hu\/webshop\/wp-json\/wp\/v2\/product_tag?post=21571"}],"curies":[{"name":"wp","href":"https:\/\/api.w.org\/{rel}","templated":true}]}}