{"id":21568,"date":"2023-03-03T17:01:21","date_gmt":"2023-03-03T17:01:21","guid":{"rendered":"https:\/\/chilimag.hu\/webshop\/?post_type=product&#038;p=21568"},"modified":"2026-05-08T13:30:49","modified_gmt":"2026-05-08T13:30:49","slug":"univerzalis-ulteto-tozeg-zoldcsegekhez-es-viragokhoz-20-l","status":"publish","type":"product","link":"https:\/\/chilimag.hu\/webshop\/termek\/univerzalis-ulteto-tozeg-zoldcsegekhez-es-viragokhoz-20-l\/","title":{"rendered":"Univerz\u00e1lis \u00fcltet\u0151 t\u0151zeg z\u00f6lds\u00e9gekhez \u00e9s vir\u00e1gokhoz 20 L SL"},"content":{"rendered":"","protected":false},"excerpt":{"rendered":"<p>T\u0150ZEG ALJZAT UNIVERZ\u00c1LIS<br \/>\nK\u00f6rnyezetbar\u00e1t t\u0151zeg speci\u00e1lis receptje szerint szakszer\u0171en elk\u00e9sz\u00edtett, sokoldal\u00fa, t\u0151zegszubsztr\u00e1tum, mely cserepes n\u00f6v\u00e9nyek \u00e9s vir\u00e1gok, z\u00f6lds\u00e9gek \u00e9s pal\u00e1nt\u00e1k termeszt\u00e9s\u00e9re \u00e9s \u00fajratelep\u00edt\u00e9s\u00e9re szolg\u00e1l, nyitott \u00e9s z\u00e1rt talajon, az \u00fcltet\u00e9si talaj felt\u00f6lt\u00e9s\u00e9re \u00e9s d\u00fas\u00edt\u00e1s\u00e1ra.<br \/>\nT\u00e9rfogat t\u00f6lt\u00e9skor 20 l<br \/>\nC\u00e9l z\u00f6lds\u00e9gekhez, Univerz\u00e1lis, Szoban\u00f6v\u00e9nyekhez, Pal\u00e1nt\u00e1khoz, Vir\u00e1gokhoz<br \/>\nGy\u00e1rt\u00f3 S\u0116KLOS LT<br \/>\nKiszerel\u00e9s 20 l<\/p>\n<p>\u00d6kol\u00f3giai tiszta t\u0151zegb\u0151l, belt\u00e9ri vir\u00e1gok \u00e9s viragmagvak termeszt\u00e9s\u00e9re, pal\u00e1ntal\u00e1d\u00e1kba t\u00f6rt\u00e9n\u0151 \u00fajratelep\u00edt\u00e9s\u00e9re, pal\u00e1nta \u00e1t\u00fcltet\u00e9s\u00e9re, termeszt\u00e9s\u00e9re, n\u00f6v\u00e9nyek szapor\u00edt\u00e1s\u00e1ra (\u00e1gakkal, cs\u00edr\u00e1kkal, fut\u00f3kkal, hagym\u00e1kkal), oszt\u00e1s, gum\u00f3k stb.) fedettes ny\u00edlt term\u0151talaj kieg\u00e9sz\u00edt\u00e9se \u00e9s jav\u00edt\u00e1sa. Az aljzat por\u00f3zus, felsz\u00edvja a vizet \u00e9s megtartja a nedvess\u00e9get, \u00e9s mentes a betegs\u00e9g vektorait\u00f3l. A m\u0171tr\u00e1gy\u00e1t \u00e9s a term\u00e9szetes \u00e1sv\u00e1nyi adal\u00e9kokat \u00fagy v\u00e1lasz\u00e1k meg, hogy a n\u00f6v\u00e9nyek k\u00f6nnyen be\u00e9p\u00edthess\u00e9k azokat.<\/p>\n<p>Rendeltet\u00e9s: univerz\u00e1lis, professzion\u00e1lisan elk\u00e9sz\u00edtett t\u0151zegszubsztr\u00e1tum speci\u00e1lis \u00f6sszet\u00e9tel,<\/p>\n<p>Talajjav\u00edt\u00f3 anyag \u00e9s termeszt\u0151k\u00f6zeg term\u00e9kcsoport: termeszt\u0151k\u00f6zeg kever\u00e9k.<\/p>\n<p>Tippek: haszn\u00e1lat el\u0151tt az aljzatot szell\u0151ztetni \u00e9s ne m\u0171tr\u00e1gy\u00e1zzunk, csak \u00f6nt\u00f6z\u00e9ssel tartsuk fen a p\u00e1ratartalmat. Egy h\u00f3nap eltelt\u00e9vel, csillagozott tov\u00e1bbi tr\u00e1gy\u00e1z\u00e1s az \u00f6nt\u00f6z\u00e9s sor\u00e1n. H\u0171v\u00f6s id\u0151ben \u00fcltess\u00fck \u00e1t a n\u00f6v\u00e9nyeket. Keverje \u00f6ssze a kerti talajt az aljzattal 1:1 ar\u00e1nyban. Az aljzat is j\u00f3 talaj takar\u00f3. \u00d6nmag\u00e1ban vagy k\u00e9reggel keverve (forg\u00e1cs) haszn\u00e1lhat\u00f3. A haszn\u00e1lt aljzat kiv\u00e1l\u00f3an alkalmas a kerti talajszerkezet mozgat\u00e1s\u00e1ra \u00e9s a tr\u00e1gy\u00e1z\u00f3 hat\u00e1sra.<\/p>\n<p>F\u0151bb \u00f6sszetev\u0151k: t\u0151zeg (H4-H6), m\u00e9szk\u0151, m\u0171tr\u00e1ga, felsz\u00edv\u00f3d\u00e1st jav\u00edt\u00f3 szerek. \u00d6sszet\u00e9tel: p\u00e1ratartalom legfeljebb 65%, pH-5,5 6,5, elektromos vezet\u0151k\u00e9pess\u00e9g (EC mS\/cm) &#8211; 0,6, kalcium (Ca) 1,3%, magn\u00e9zium (Mg)-0,07%, frakob 0-6 mm. nedves\u00edteni kell. \u00dajra\u00fcltet\u00e9s ut\u00e1n legal\u00e1bb 1 h\u00f3napig<\/p>\n<p>&nbsp;<\/p>\n","protected":false},"featured_media":21569,"comment_status":"closed","ping_status":"closed","template":"","meta":[],"product_brand":[],"product_cat":[371],"product_tag":[],"class_list":{"0":"post-21568","1":"product","2":"type-product","3":"status-publish","4":"has-post-thumbnail","6":"product_cat-seklos-lt-tozegek","8":"first","9":"instock","10":"taxable","11":"shipping-taxable","12":"purchasable","13":"product-type-simple"},"_links":{"self":[{"href":"https:\/\/chilimag.hu\/webshop\/wp-json\/wp\/v2\/product\/21568","targetHints":{"allow":["GET"]}}],"collection":[{"href":"https:\/\/chilimag.hu\/webshop\/wp-json\/wp\/v2\/product"}],"about":[{"href":"https:\/\/chilimag.hu\/webshop\/wp-json\/wp\/v2\/types\/product"}],"replies":[{"embeddable":true,"href":"https:\/\/chilimag.hu\/webshop\/wp-json\/wp\/v2\/comments?post=21568"}],"wp:featuredmedia":[{"embeddable":true,"href":"https:\/\/chilimag.hu\/webshop\/wp-json\/wp\/v2\/media\/21569"}],"wp:attachment":[{"href":"https:\/\/chilimag.hu\/webshop\/wp-json\/wp\/v2\/media?parent=21568"}],"wp:term":[{"taxonomy":"product_brand","embeddable":true,"href":"https:\/\/chilimag.hu\/webshop\/wp-json\/wp\/v2\/product_brand?post=21568"},{"taxonomy":"product_cat","embeddable":true,"href":"https:\/\/chilimag.hu\/webshop\/wp-json\/wp\/v2\/product_cat?post=21568"},{"taxonomy":"product_tag","embeddable":true,"href":"https:\/\/chilimag.hu\/webshop\/wp-json\/wp\/v2\/product_tag?post=21568"}],"curies":[{"name":"wp","href":"https:\/\/api.w.org\/{rel}","templated":true}]}}