{"id":21388,"date":"2023-02-23T19:11:51","date_gmt":"2023-02-23T19:11:51","guid":{"rendered":"https:\/\/chilimag.hu\/webshop\/?post_type=product&#038;p=21388"},"modified":"2024-10-03T18:05:55","modified_gmt":"2024-10-03T18:05:55","slug":"zoldborso-rajnai-250-gr-bk","status":"publish","type":"product","link":"https:\/\/chilimag.hu\/webshop\/termek\/zoldborso-rajnai-250-gr-bk\/","title":{"rendered":"Z\u00f6ldbors\u00f3 Rajnai 250 gr BK"},"content":{"rendered":"","protected":false},"excerpt":{"rendered":"<p>Korai kifejt\u0151bors\u00f3 fajta.<br \/>\nA n\u00f6v\u00e9ny magass\u00e1ga<br \/>\n35-40 cm. H\u00fcvelye 7-<br \/>\n8 cm hossz\u00fa, melyben<br \/>\n7-9 s\u00f6t\u00e9tz\u00f6ld szem fejl\u0151dik.<br \/>\nA folyamatos szed\u00e9s<br \/>\n\u00e9rdek\u00e9ben javasolt a<br \/>\nszakaszos vet\u00e9s. Friss fogyaszt\u00e1sra<br \/>\n\u00e9s m\u00e9lyh\u0171tve<br \/>\nis kiv\u00e1l\u00f3.<\/p>\n","protected":false},"featured_media":21389,"comment_status":"closed","ping_status":"closed","template":"","meta":[],"product_brand":[],"product_cat":[285],"product_tag":[],"class_list":{"0":"post-21388","1":"product","2":"type-product","3":"status-publish","4":"has-post-thumbnail","6":"product_cat-borso-es-bab-vetomagok","8":"first","9":"outofstock","10":"taxable","11":"shipping-taxable","12":"purchasable","13":"product-type-simple"},"_links":{"self":[{"href":"https:\/\/chilimag.hu\/webshop\/wp-json\/wp\/v2\/product\/21388","targetHints":{"allow":["GET"]}}],"collection":[{"href":"https:\/\/chilimag.hu\/webshop\/wp-json\/wp\/v2\/product"}],"about":[{"href":"https:\/\/chilimag.hu\/webshop\/wp-json\/wp\/v2\/types\/product"}],"replies":[{"embeddable":true,"href":"https:\/\/chilimag.hu\/webshop\/wp-json\/wp\/v2\/comments?post=21388"}],"wp:featuredmedia":[{"embeddable":true,"href":"https:\/\/chilimag.hu\/webshop\/wp-json\/wp\/v2\/media\/21389"}],"wp:attachment":[{"href":"https:\/\/chilimag.hu\/webshop\/wp-json\/wp\/v2\/media?parent=21388"}],"wp:term":[{"taxonomy":"product_brand","embeddable":true,"href":"https:\/\/chilimag.hu\/webshop\/wp-json\/wp\/v2\/product_brand?post=21388"},{"taxonomy":"product_cat","embeddable":true,"href":"https:\/\/chilimag.hu\/webshop\/wp-json\/wp\/v2\/product_cat?post=21388"},{"taxonomy":"product_tag","embeddable":true,"href":"https:\/\/chilimag.hu\/webshop\/wp-json\/wp\/v2\/product_tag?post=21388"}],"curies":[{"name":"wp","href":"https:\/\/api.w.org\/{rel}","templated":true}]}}