{"id":21203,"date":"2023-02-17T17:30:53","date_gmt":"2023-02-17T17:30:53","guid":{"rendered":"https:\/\/chilimag.hu\/webshop\/?post_type=product&#038;p=21203"},"modified":"2026-02-22T09:15:50","modified_gmt":"2026-02-22T09:15:50","slug":"rovarcsapda-keklap-10-db-os","status":"publish","type":"product","link":"https:\/\/chilimag.hu\/webshop\/termek\/rovarcsapda-keklap-10-db-os\/","title":{"rendered":"Rovarcsapda k\u00e9klap 10 db-os"},"content":{"rendered":"","protected":false},"excerpt":{"rendered":"<p>A ragacsok szerepe bizonyos rovarfajok azonos\u00edt\u00e1sa, seg\u00edts\u00e9g\u00fckkel annak megl\u00e9te vagy hi\u00e1nya, valamint a kezel\u00e9sek elv\u00e9gz\u00e9s\u00e9nek legmegfelel\u0151bb id\u0151pontj\u00e1nak meghat\u00e1roz\u00e1sa. A ragacsok \u00a0lapokat a lev\u00e9ltetvek, tripszek, tetvek jelenl\u00e9t\u00e9nek meg\u00e1llap\u00edt\u00e1s\u00e1ra haszn\u00e1lj\u00e1k. M\u00e9rete: 10&#215;25 cm. A k\u00e9szlet 10 darabot tartalmaz.<\/p>\n","protected":false},"featured_media":21204,"comment_status":"closed","ping_status":"closed","template":"","meta":[],"product_brand":[],"product_cat":[340],"product_tag":[],"class_list":{"0":"post-21203","1":"product","2":"type-product","3":"status-publish","4":"has-post-thumbnail","6":"product_cat-kartevo-csapdak","8":"first","9":"instock","10":"taxable","11":"shipping-taxable","12":"purchasable","13":"product-type-simple"},"_links":{"self":[{"href":"https:\/\/chilimag.hu\/webshop\/wp-json\/wp\/v2\/product\/21203","targetHints":{"allow":["GET"]}}],"collection":[{"href":"https:\/\/chilimag.hu\/webshop\/wp-json\/wp\/v2\/product"}],"about":[{"href":"https:\/\/chilimag.hu\/webshop\/wp-json\/wp\/v2\/types\/product"}],"replies":[{"embeddable":true,"href":"https:\/\/chilimag.hu\/webshop\/wp-json\/wp\/v2\/comments?post=21203"}],"wp:featuredmedia":[{"embeddable":true,"href":"https:\/\/chilimag.hu\/webshop\/wp-json\/wp\/v2\/media\/21204"}],"wp:attachment":[{"href":"https:\/\/chilimag.hu\/webshop\/wp-json\/wp\/v2\/media?parent=21203"}],"wp:term":[{"taxonomy":"product_brand","embeddable":true,"href":"https:\/\/chilimag.hu\/webshop\/wp-json\/wp\/v2\/product_brand?post=21203"},{"taxonomy":"product_cat","embeddable":true,"href":"https:\/\/chilimag.hu\/webshop\/wp-json\/wp\/v2\/product_cat?post=21203"},{"taxonomy":"product_tag","embeddable":true,"href":"https:\/\/chilimag.hu\/webshop\/wp-json\/wp\/v2\/product_tag?post=21203"}],"curies":[{"name":"wp","href":"https:\/\/api.w.org\/{rel}","templated":true}]}}