{"id":21095,"date":"2023-02-12T12:29:00","date_gmt":"2023-02-12T12:29:00","guid":{"rendered":"https:\/\/chilimag.hu\/webshop\/?post_type=product&#038;p=21095"},"modified":"2025-08-20T14:05:50","modified_gmt":"2025-08-20T14:05:50","slug":"uborka-santana-f1-sl-agr","status":"publish","type":"product","link":"https:\/\/chilimag.hu\/webshop\/termek\/uborka-santana-f1-sl-agr\/","title":{"rendered":"Uborka Santana Hibrid SL AGR"},"content":{"rendered":"","protected":false},"excerpt":{"rendered":"<p><img decoding=\"async\" class=\"logo\" src=\"https:\/\/b2b.seklos.lt\/themes\/warehouse\/img\/logo_en.png\" alt=\"Agrofirma S\u0117klos, UAB\" \/><\/p>\n<p>K\u00f6z\u00e9pkorai, gyorsan n\u00f6v\u0151, betegs\u00e9gekkel szemben ellen\u00e1ll\u00f3 hibrid fajta. A n\u00f6v\u00e9ny egyenletesen n\u00f6vekszik, \u00e9s rengeteg gy\u00fcm\u00f6lcs\u00f6t hoz. A h\u00e9ja finoman foltos, a gy\u00fcm\u00f6lcs\u00f6k nem keser\u0171ek. Fogyaszthat\u00f3k nyersen vagy p\u00e1colva. Ezeket a n\u00f6v\u00e9nyeket jellemz\u0151en \u00fcvegh\u00e1zban \u00e9s szabadban is termesztik.<\/p>\n<p>S\u00falya 0,5g<br \/>\nMagok sz\u00e1ma grammonk\u00e9nt 120-160<br \/>\nSz\u00fcret VIII-IX<br \/>\nVet\u00e9sid\u0151 a talajban V-VI, 1-2 cm<br \/>\nA pal\u00e1nt\u00e1k vet\u00e9si ideje IV, 1-2 cm<br \/>\nGy\u00e1rt\u00f3 Agronom<br \/>\nT\u00e1vols\u00e1gok, cm V-VI, 50&#215;50 cm<\/p>\n","protected":false},"featured_media":21096,"comment_status":"closed","ping_status":"closed","template":"","meta":[],"product_brand":[],"product_cat":[404],"product_tag":[],"class_list":{"0":"post-21095","1":"product","2":"type-product","3":"status-publish","4":"has-post-thumbnail","6":"product_cat-uborka-es-padlizsan-vetomagok-agronom","8":"first","9":"instock","10":"taxable","11":"shipping-taxable","12":"purchasable","13":"product-type-simple"},"_links":{"self":[{"href":"https:\/\/chilimag.hu\/webshop\/wp-json\/wp\/v2\/product\/21095","targetHints":{"allow":["GET"]}}],"collection":[{"href":"https:\/\/chilimag.hu\/webshop\/wp-json\/wp\/v2\/product"}],"about":[{"href":"https:\/\/chilimag.hu\/webshop\/wp-json\/wp\/v2\/types\/product"}],"replies":[{"embeddable":true,"href":"https:\/\/chilimag.hu\/webshop\/wp-json\/wp\/v2\/comments?post=21095"}],"wp:featuredmedia":[{"embeddable":true,"href":"https:\/\/chilimag.hu\/webshop\/wp-json\/wp\/v2\/media\/21096"}],"wp:attachment":[{"href":"https:\/\/chilimag.hu\/webshop\/wp-json\/wp\/v2\/media?parent=21095"}],"wp:term":[{"taxonomy":"product_brand","embeddable":true,"href":"https:\/\/chilimag.hu\/webshop\/wp-json\/wp\/v2\/product_brand?post=21095"},{"taxonomy":"product_cat","embeddable":true,"href":"https:\/\/chilimag.hu\/webshop\/wp-json\/wp\/v2\/product_cat?post=21095"},{"taxonomy":"product_tag","embeddable":true,"href":"https:\/\/chilimag.hu\/webshop\/wp-json\/wp\/v2\/product_tag?post=21095"}],"curies":[{"name":"wp","href":"https:\/\/api.w.org\/{rel}","templated":true}]}}