{"id":21093,"date":"2023-02-12T12:26:58","date_gmt":"2023-02-12T12:26:58","guid":{"rendered":"https:\/\/chilimag.hu\/webshop\/?post_type=product&#038;p=21093"},"modified":"2026-01-25T12:14:42","modified_gmt":"2026-01-25T12:14:42","slug":"paprika-lamia-sl-agr","status":"publish","type":"product","link":"https:\/\/chilimag.hu\/webshop\/termek\/paprika-lamia-sl-agr\/","title":{"rendered":"Paprika Lamia SL AGR"},"content":{"rendered":"","protected":false},"excerpt":{"rendered":"<p><img decoding=\"async\" class=\"logo\" src=\"https:\/\/b2b.seklos.lt\/themes\/warehouse\/img\/logo_en.png\" alt=\"Agrofirma S\u0117klos, UAB\" \/><\/p>\n<p>Ez egy k\u00f6z\u00e9pkorai fajta. A n\u00f6v\u00e9nyek el\u00e9rhetik a 70-80 cm magass\u00e1got. Az \u00e9rett term\u00e9s narancss\u00e1rga, falvastags\u00e1ga 6-7 mm, t\u00f6mege k\u00f6r\u00fclbel\u00fcl 130 g. Ezeket a n\u00f6v\u00e9nyeket jellemz\u0151en \u00fcvegh\u00e1zban \u00e9s szabadban is termesztik.<\/p>\n<p>S\u00falya 0,1g<br \/>\nMagok sz\u00e1ma grammonk\u00e9nt 120-160<br \/>\nSz\u00fcret VIII-IX<br \/>\nA pal\u00e1nt\u00e1k vet\u00e9si ideje V, 50&#215;50 cm<br \/>\nGy\u00e1rt\u00f3 Agronom<br \/>\nT\u00e1vols\u00e1gok, cm V-VI, 50&#215;50 cm<\/p>\n","protected":false},"featured_media":21094,"comment_status":"closed","ping_status":"closed","template":"","meta":[],"product_brand":[],"product_cat":[401],"product_tag":[],"class_list":{"0":"post-21093","1":"product","2":"type-product","3":"status-publish","4":"has-post-thumbnail","6":"product_cat-paprika-vetomagok-agronom","8":"first","9":"instock","10":"taxable","11":"shipping-taxable","12":"purchasable","13":"product-type-simple"},"_links":{"self":[{"href":"https:\/\/chilimag.hu\/webshop\/wp-json\/wp\/v2\/product\/21093","targetHints":{"allow":["GET"]}}],"collection":[{"href":"https:\/\/chilimag.hu\/webshop\/wp-json\/wp\/v2\/product"}],"about":[{"href":"https:\/\/chilimag.hu\/webshop\/wp-json\/wp\/v2\/types\/product"}],"replies":[{"embeddable":true,"href":"https:\/\/chilimag.hu\/webshop\/wp-json\/wp\/v2\/comments?post=21093"}],"wp:featuredmedia":[{"embeddable":true,"href":"https:\/\/chilimag.hu\/webshop\/wp-json\/wp\/v2\/media\/21094"}],"wp:attachment":[{"href":"https:\/\/chilimag.hu\/webshop\/wp-json\/wp\/v2\/media?parent=21093"}],"wp:term":[{"taxonomy":"product_brand","embeddable":true,"href":"https:\/\/chilimag.hu\/webshop\/wp-json\/wp\/v2\/product_brand?post=21093"},{"taxonomy":"product_cat","embeddable":true,"href":"https:\/\/chilimag.hu\/webshop\/wp-json\/wp\/v2\/product_cat?post=21093"},{"taxonomy":"product_tag","embeddable":true,"href":"https:\/\/chilimag.hu\/webshop\/wp-json\/wp\/v2\/product_tag?post=21093"}],"curies":[{"name":"wp","href":"https:\/\/api.w.org\/{rel}","templated":true}]}}