{"id":21091,"date":"2023-02-12T12:25:08","date_gmt":"2023-02-12T12:25:08","guid":{"rendered":"https:\/\/chilimag.hu\/webshop\/?post_type=product&#038;p=21091"},"modified":"2026-03-04T19:47:37","modified_gmt":"2026-03-04T19:47:37","slug":"viragmag-keverek-piros-es-kek-pipacs-es-buzavirag-sl-eln","status":"publish","type":"product","link":"https:\/\/chilimag.hu\/webshop\/termek\/viragmag-keverek-piros-es-kek-pipacs-es-buzavirag-sl-eln\/","title":{"rendered":"Vir\u00e1gmag kever\u00e9k piros \u00e9s k\u00e9k (pipacs \u00e9s b\u00fazavir\u00e1g) magszalagos  SL ELN"},"content":{"rendered":"","protected":false},"excerpt":{"rendered":"<p><img decoding=\"async\" class=\"active-logo\" src=\"https:\/\/b2b.seklos.lt\/themes\/warehouse\/img\/logo_en.png\" alt=\"Agrofirma S\u0117klos, UAB\" width=\"280\" height=\"95\" \/><\/p>\n<p>Ez a v\u00f6r\u00f6s m\u00e1k \u00e9s a k\u00e9k b\u00fazavir\u00e1g magkever\u00e9ke. Ezeket a vir\u00e1gokat k\u00f6nny\u0171 termeszteni \u00e9s karbantartani. Ny\u00e1ri vir\u00e1g\u00e1gy\u00e1sokban, meredek lejt\u0151k\u00f6n vagy m\u00e1s vadvir\u00e1gokkal kevert r\u00e9teken \u00e9rdemes termeszteni. Ha hagyjuk a n\u00f6v\u00e9nyeket vir\u00e1gozni \u00e9s kisz\u00f3rni a magjukat, akkor a k\u00f6vetkez\u0151 \u00e9vben t\u00f6bb vir\u00e1g lesz. A vet\u0151szalagnak a k\u00f6vetkez\u0151 el\u0151nyei vannak: a t\u00e1bl\u00e1s term\u0151f\u00f6ld egyenletes sort\u00e1vols\u00e1ggal. A talajt a szalagok lerak\u00e1sa el\u0151tt meg kell \u00f6nt\u00f6zni. Helyezze fel a szalagot, \u00f6ntse r\u00e1 a talajt \u00e9s \u00f6nt\u00f6zze meg \u00fajra.<br \/>\nA 4 m hossz\u00fa szalagr\u00f3l megk\u00f6zel\u00edt\u0151leg 700 pal\u00e1nt\u00e1ra sz\u00e1m\u00edthatunk.<br \/>\n\u00d6sszet\u00e9tel: K\u00d6Z\u00d6SS\u00c9GI M\u00c1K (Papaver rhoeas) \u2013 500, B\u00daZRAVIR\u00c1G (Centaurea cyanus) \u2013 200.<\/p>\n<p>Vet\u00e9sid\u0151 a talajban IV-V, IX<br \/>\nGy\u00e1rt\u00f3: Lucia Elite<br \/>\nMagszalag hossza 4 m<br \/>\nVir\u00e1gz\u00e1si id\u0151szak V-IX<br \/>\nT\u00e1vols\u00e1gok, cm 10&#215;10 cm<\/p>\n","protected":false},"featured_media":21092,"comment_status":"closed","ping_status":"closed","template":"","meta":[],"product_brand":[],"product_cat":[369],"product_tag":[],"class_list":{"0":"post-21091","1":"product","2":"type-product","3":"status-publish","4":"has-post-thumbnail","6":"product_cat-virag-vetomagok-lucia-elite","8":"first","9":"instock","10":"taxable","11":"shipping-taxable","12":"purchasable","13":"product-type-simple"},"_links":{"self":[{"href":"https:\/\/chilimag.hu\/webshop\/wp-json\/wp\/v2\/product\/21091","targetHints":{"allow":["GET"]}}],"collection":[{"href":"https:\/\/chilimag.hu\/webshop\/wp-json\/wp\/v2\/product"}],"about":[{"href":"https:\/\/chilimag.hu\/webshop\/wp-json\/wp\/v2\/types\/product"}],"replies":[{"embeddable":true,"href":"https:\/\/chilimag.hu\/webshop\/wp-json\/wp\/v2\/comments?post=21091"}],"wp:featuredmedia":[{"embeddable":true,"href":"https:\/\/chilimag.hu\/webshop\/wp-json\/wp\/v2\/media\/21092"}],"wp:attachment":[{"href":"https:\/\/chilimag.hu\/webshop\/wp-json\/wp\/v2\/media?parent=21091"}],"wp:term":[{"taxonomy":"product_brand","embeddable":true,"href":"https:\/\/chilimag.hu\/webshop\/wp-json\/wp\/v2\/product_brand?post=21091"},{"taxonomy":"product_cat","embeddable":true,"href":"https:\/\/chilimag.hu\/webshop\/wp-json\/wp\/v2\/product_cat?post=21091"},{"taxonomy":"product_tag","embeddable":true,"href":"https:\/\/chilimag.hu\/webshop\/wp-json\/wp\/v2\/product_tag?post=21091"}],"curies":[{"name":"wp","href":"https:\/\/api.w.org\/{rel}","templated":true}]}}