{"id":21089,"date":"2023-02-12T12:21:20","date_gmt":"2023-02-12T12:21:20","guid":{"rendered":"https:\/\/chilimag.hu\/webshop\/?post_type=product&#038;p=21089"},"modified":"2025-08-21T10:41:16","modified_gmt":"2025-08-21T10:41:16","slug":"kapor-moravan-vetoszalagos-sl-eln","status":"publish","type":"product","link":"https:\/\/chilimag.hu\/webshop\/termek\/kapor-moravan-vetoszalagos-sl-eln\/","title":{"rendered":"Kapor Moravan Vet\u0151szalagos SL ELN"},"content":{"rendered":"","protected":false},"excerpt":{"rendered":"<p><img decoding=\"async\" class=\"active-logo\" src=\"https:\/\/b2b.seklos.lt\/themes\/warehouse\/img\/logo_en.png\" alt=\"Agrofirma S\u0117klos, UAB\" width=\"280\" height=\"95\" \/><\/p>\n<p>K\u00f6z\u00e9pkorai \u00e9r\u00e9s\u0171, arom\u00e1s fajta, b\u0151s\u00e9ges m\u00e9lyz\u00f6ld lombozatot produk\u00e1l. A n\u00f6v\u00e9nyek a betakar\u00edt\u00e1s ut\u00e1n lassan csavarodnak \u00e9s hervadnak. Friss fogyaszt\u00e1sra, sz\u00e1r\u00edt\u00e1sra \u00e9s fagyaszt\u00e1sra alkalmas.<br \/>\nT\u00e9len a kaprot otthon is lehet termeszteni az ablakp\u00e1rk\u00e1nyon l\u00e9v\u0151 dobozokban, de tov\u00e1bbi megvil\u00e1g\u00edt\u00e1sra lesz sz\u00fcks\u00e9g.<br \/>\nA vet\u0151magszalag el\u0151nyei: b\u0151s\u00e9gesebb, jobb min\u0151s\u00e9g\u0171 betakar\u00edt\u00e1s. Megfelel\u0151 nedvess\u00e9g mellett a magok gyorsan \u00e9s egyenletesen cs\u00edr\u00e1znak. A teny\u00e9szt\u00e9s rendezett, a sork\u00f6z\u00f6k egyenl\u0151ek, \u00edgy k\u00f6nnyebb \u00e9s k\u00e9nyelmesebb a gyoml\u00e1l\u00e1s \u00e9s a kert\u00e9szeti f\u00f3li\u00e1val t\u00f6rt\u00e9n\u0151 term\u00e9nytakar\u00e1s. A szalagok lerak\u00e1sa el\u0151tt \u00f6nt\u00f6zze meg a talajt. Ezut\u00e1n fedje le a szalagot f\u00f6lddel \u00e9s b\u0151s\u00e9gesen v\u00edzzel.<br \/>\nEgy 4 m hossz\u00fa szalagon k\u00f6r\u00fclbel\u00fcl 280 kaporpal\u00e1nta teremhet.<\/p>\n<p>Sz\u00fcret VI-IX<br \/>\nVet\u00e9sid\u0151 \u00fcvegh\u00e1zban III-VIII, X<br \/>\nGy\u00e1rt\u00f3: Lucia Elite<br \/>\nMagszalag hossza 4 m<br \/>\nT\u00e1vols\u00e1gok, cm 5&#215;20 cm<\/p>\n","protected":false},"featured_media":21090,"comment_status":"closed","ping_status":"closed","template":"","meta":[],"product_brand":[],"product_cat":[368],"product_tag":[],"class_list":{"0":"post-21089","1":"product","2":"type-product","3":"status-publish","4":"has-post-thumbnail","6":"product_cat-zoldseg-vetomagok","8":"first","9":"instock","10":"taxable","11":"shipping-taxable","12":"purchasable","13":"product-type-simple"},"_links":{"self":[{"href":"https:\/\/chilimag.hu\/webshop\/wp-json\/wp\/v2\/product\/21089","targetHints":{"allow":["GET"]}}],"collection":[{"href":"https:\/\/chilimag.hu\/webshop\/wp-json\/wp\/v2\/product"}],"about":[{"href":"https:\/\/chilimag.hu\/webshop\/wp-json\/wp\/v2\/types\/product"}],"replies":[{"embeddable":true,"href":"https:\/\/chilimag.hu\/webshop\/wp-json\/wp\/v2\/comments?post=21089"}],"wp:featuredmedia":[{"embeddable":true,"href":"https:\/\/chilimag.hu\/webshop\/wp-json\/wp\/v2\/media\/21090"}],"wp:attachment":[{"href":"https:\/\/chilimag.hu\/webshop\/wp-json\/wp\/v2\/media?parent=21089"}],"wp:term":[{"taxonomy":"product_brand","embeddable":true,"href":"https:\/\/chilimag.hu\/webshop\/wp-json\/wp\/v2\/product_brand?post=21089"},{"taxonomy":"product_cat","embeddable":true,"href":"https:\/\/chilimag.hu\/webshop\/wp-json\/wp\/v2\/product_cat?post=21089"},{"taxonomy":"product_tag","embeddable":true,"href":"https:\/\/chilimag.hu\/webshop\/wp-json\/wp\/v2\/product_tag?post=21089"}],"curies":[{"name":"wp","href":"https:\/\/api.w.org\/{rel}","templated":true}]}}