{"id":21087,"date":"2023-02-12T12:18:05","date_gmt":"2023-02-12T12:18:05","guid":{"rendered":"https:\/\/chilimag.hu\/webshop\/?post_type=product&#038;p=21087"},"modified":"2025-08-21T10:27:15","modified_gmt":"2025-08-21T10:27:15","slug":"napraforgovirag-sunspot-gold-sl-eln","status":"publish","type":"product","link":"https:\/\/chilimag.hu\/webshop\/termek\/napraforgovirag-sunspot-gold-sl-eln\/","title":{"rendered":"Napraforg\u00f3vir\u00e1g Sunspot Gold SL ELN"},"content":{"rendered":"","protected":false},"excerpt":{"rendered":"<p><img decoding=\"async\" class=\"logo\" src=\"https:\/\/b2b.seklos.lt\/themes\/warehouse\/img\/logo_en.png\" alt=\"Agrofirma S\u0117klos, UAB\" \/><\/p>\n<p>K\u00f6nnyen termeszthet\u0151 egyny\u00e1ri vir\u00e1gok, f\u00e9nyes, nagy vir\u00e1gzattal. Ennek a fajt\u00e1nak a napraforg\u00f3ja 40-60 cm magasra n\u0151. A n\u00f6v\u00e9nyek massz\u00edvak, vir\u00e1gzatuk 20-25 cm sz\u00e9les, elk\u00e9peszt\u0151en f\u00e9nyes sugaras vir\u00e1gzattal \u00e9s s\u00f6t\u00e9t korongos vir\u00e1gzattal. Ezeket a n\u00f6v\u00e9nyeket vir\u00e1g\u00e1gy\u00e1sban vagy cser\u00e9pben nevelhetj\u00fck, vir\u00e1gaikat begy\u0171jtve csokrok k\u00e9sz\u00edthet\u0151k. A legjobb, ha a pal\u00e1nt\u00e1kat el\u00fclteti az els\u0151 vir\u00e1gokhoz, majd a magokat k\u00f6zvetlen\u00fcl a talajba veti a k\u00f6vetkez\u0151 vir\u00e1gokhoz, ha azt szeretn\u00e9, hogy eg\u00e9sz ny\u00e1ron vir\u00e1gz\u00f3 napraforg\u00f3 legyen. Ezek a n\u00f6v\u00e9nyek kedvelik a term\u00e9keny talajt, de nagyon fontos, hogy ne szenvedjenek nedvess\u00e9ghi\u00e1nyt\u00f3l. A napraforg\u00f3mag \u00e9rz\u00e9keny a tavaszi fagyokra, ez\u00e9rt a fagyvesz\u00e9ly elm\u00falt\u00e1val a szabadba kell \u00fcltetni.<br \/>\n2,0 g (nagyj\u00e1b\u00f3l 70 mag) el\u00e9g lesz 50 j\u00f3 min\u0151s\u00e9g\u0171 pal\u00e1nta kics\u00edr\u00e1z\u00e1s\u00e1hoz.<\/p>\n<p>S\u00faly 2 g<br \/>\nMagok sz\u00e1ma grammonk\u00e9nt 35<br \/>\nVet\u00e9sid\u0151 a talajban V-VI<br \/>\nVet\u00e9sid\u0151 \u00fcvegh\u00e1zban III-IV<br \/>\nGy\u00e1rt\u00f3: Lucia Elite<br \/>\nVir\u00e1gz\u00e1si id\u0151szak VII-IX<br \/>\nT\u00e1vols\u00e1gok, cm V-VI, 30&#215;35 cm<\/p>\n","protected":false},"featured_media":21088,"comment_status":"closed","ping_status":"closed","template":"","meta":[],"product_brand":[],"product_cat":[369],"product_tag":[],"class_list":{"0":"post-21087","1":"product","2":"type-product","3":"status-publish","4":"has-post-thumbnail","6":"product_cat-virag-vetomagok-lucia-elite","8":"first","9":"instock","10":"taxable","11":"shipping-taxable","12":"purchasable","13":"product-type-simple"},"_links":{"self":[{"href":"https:\/\/chilimag.hu\/webshop\/wp-json\/wp\/v2\/product\/21087","targetHints":{"allow":["GET"]}}],"collection":[{"href":"https:\/\/chilimag.hu\/webshop\/wp-json\/wp\/v2\/product"}],"about":[{"href":"https:\/\/chilimag.hu\/webshop\/wp-json\/wp\/v2\/types\/product"}],"replies":[{"embeddable":true,"href":"https:\/\/chilimag.hu\/webshop\/wp-json\/wp\/v2\/comments?post=21087"}],"wp:featuredmedia":[{"embeddable":true,"href":"https:\/\/chilimag.hu\/webshop\/wp-json\/wp\/v2\/media\/21088"}],"wp:attachment":[{"href":"https:\/\/chilimag.hu\/webshop\/wp-json\/wp\/v2\/media?parent=21087"}],"wp:term":[{"taxonomy":"product_brand","embeddable":true,"href":"https:\/\/chilimag.hu\/webshop\/wp-json\/wp\/v2\/product_brand?post=21087"},{"taxonomy":"product_cat","embeddable":true,"href":"https:\/\/chilimag.hu\/webshop\/wp-json\/wp\/v2\/product_cat?post=21087"},{"taxonomy":"product_tag","embeddable":true,"href":"https:\/\/chilimag.hu\/webshop\/wp-json\/wp\/v2\/product_tag?post=21087"}],"curies":[{"name":"wp","href":"https:\/\/api.w.org\/{rel}","templated":true}]}}