{"id":21083,"date":"2023-02-12T12:13:28","date_gmt":"2023-02-12T12:13:28","guid":{"rendered":"https:\/\/chilimag.hu\/webshop\/?post_type=product&#038;p=21083"},"modified":"2026-02-18T16:03:34","modified_gmt":"2026-02-18T16:03:34","slug":"borsovirag-ruffled-sl-eln","status":"publish","type":"product","link":"https:\/\/chilimag.hu\/webshop\/termek\/borsovirag-ruffled-sl-eln\/","title":{"rendered":"Bors\u00f3vir\u00e1g Ruffled SL ELN"},"content":{"rendered":"","protected":false},"excerpt":{"rendered":"<p><img decoding=\"async\" class=\"active-logo\" src=\"https:\/\/b2b.seklos.lt\/themes\/warehouse\/img\/logo_en.png\" alt=\"Agrofirma S\u0117klos, UAB\" width=\"280\" height=\"95\" \/><\/p>\n<p>Ezek egyny\u00e1ri, k\u00f6nnyen termeszthet\u0151 k\u00fasz\u00f3vir\u00e1gok, amelyek eg\u00e9sz ny\u00e1ron folyamatosan vir\u00e1goznak. Ez a fajta k\u00fcl\u00f6n\u00f6sen dekorat\u00edv sz\u00e9p, hull\u00e1mos \u00e9s kellemes illat\u00fa vir\u00e1gai miatt, melyeket csokrokba szedhet\u00fcnk, vagy \u00e9telek d\u00edsz\u00edt\u00e9s\u00e9re haszn\u00e1lhatjuk. A n\u00f6v\u00e9nyeket f\u00fcgg\u0151legesen is el lehet \u00fcltetni, de sz\u00e9lv\u00e9dett vir\u00e1g\u00e1gy\u00e1sban kell nevelni. Az \u00e9desbors\u00f3 nem ig\u00e9nyel k\u00fcl\u00f6nleges talajviszonyokat, de napos helyen jobban fejl\u0151dik, \u00e9s \u00e9lvezi az \u00f6nt\u00f6z\u00e9st. Magjaikat k\u00f6zvetlen\u00fcl a v\u00e9gs\u0151 n\u00f6veked\u00e9si helyre kell elvetni m\u00e1jus elej\u00e9n. Ezeket 3-5 magb\u00f3l \u00e1ll\u00f3 csoportokban kell elvetni a t\u00e1maszt\u00e9kok k\u00f6zel\u00e9ben. Az elhervadt vir\u00e1gok leszed\u00e9se seg\u00edt megakad\u00e1lyozni a h\u00fcvely n\u00f6veked\u00e9s\u00e9t, \u00e9s el\u0151seg\u00edti az intenz\u00edvebb vir\u00e1gz\u00e1st \u00e9s az \u00e9l\u00e9nkebb sz\u00edneket.<br \/>\n2,0 g (nagyj\u00e1b\u00f3l 20 mag) elegend\u0151 egy 4 m hossz\u00fa zsin\u00f3r elvet\u00e9s\u00e9hez.<\/p>\n<p>S\u00faly 2 g<br \/>\nMagok sz\u00e1ma grammonk\u00e9nt 12<br \/>\nVet\u00e9sid\u0151 a talajban IV-V<br \/>\nGy\u00e1rt\u00f3: Lucia Elite<br \/>\nVir\u00e1gz\u00e1si id\u0151szak VI-VII<br \/>\nT\u00e1vols\u00e1gok, cm 30&#215;30 cm<\/p>\n","protected":false},"featured_media":21084,"comment_status":"closed","ping_status":"closed","template":"","meta":[],"product_brand":[],"product_cat":[369],"product_tag":[],"class_list":{"0":"post-21083","1":"product","2":"type-product","3":"status-publish","4":"has-post-thumbnail","6":"product_cat-virag-vetomagok-lucia-elite","8":"first","9":"instock","10":"taxable","11":"shipping-taxable","12":"purchasable","13":"product-type-simple"},"_links":{"self":[{"href":"https:\/\/chilimag.hu\/webshop\/wp-json\/wp\/v2\/product\/21083","targetHints":{"allow":["GET"]}}],"collection":[{"href":"https:\/\/chilimag.hu\/webshop\/wp-json\/wp\/v2\/product"}],"about":[{"href":"https:\/\/chilimag.hu\/webshop\/wp-json\/wp\/v2\/types\/product"}],"replies":[{"embeddable":true,"href":"https:\/\/chilimag.hu\/webshop\/wp-json\/wp\/v2\/comments?post=21083"}],"wp:featuredmedia":[{"embeddable":true,"href":"https:\/\/chilimag.hu\/webshop\/wp-json\/wp\/v2\/media\/21084"}],"wp:attachment":[{"href":"https:\/\/chilimag.hu\/webshop\/wp-json\/wp\/v2\/media?parent=21083"}],"wp:term":[{"taxonomy":"product_brand","embeddable":true,"href":"https:\/\/chilimag.hu\/webshop\/wp-json\/wp\/v2\/product_brand?post=21083"},{"taxonomy":"product_cat","embeddable":true,"href":"https:\/\/chilimag.hu\/webshop\/wp-json\/wp\/v2\/product_cat?post=21083"},{"taxonomy":"product_tag","embeddable":true,"href":"https:\/\/chilimag.hu\/webshop\/wp-json\/wp\/v2\/product_tag?post=21083"}],"curies":[{"name":"wp","href":"https:\/\/api.w.org\/{rel}","templated":true}]}}