{"id":21075,"date":"2023-02-12T12:01:48","date_gmt":"2023-02-12T12:01:48","guid":{"rendered":"https:\/\/chilimag.hu\/webshop\/?post_type=product&#038;p=21075"},"modified":"2025-08-21T10:42:55","modified_gmt":"2025-08-21T10:42:55","slug":"paprika-chili-vulcain-sl-eln","status":"publish","type":"product","link":"https:\/\/chilimag.hu\/webshop\/termek\/paprika-chili-vulcain-sl-eln\/","title":{"rendered":"Paprika chili Vulcain SL ELN"},"content":{"rendered":"","protected":false},"excerpt":{"rendered":"<p><img decoding=\"async\" class=\"active-logo\" src=\"https:\/\/b2b.seklos.lt\/themes\/warehouse\/img\/logo_en.png\" alt=\"Agrofirma S\u0117klos, UAB\" width=\"280\" height=\"95\" \/><\/p>\n<p>Ez a fajta dekorat\u00edvs\u00e1g\u00e1r\u00f3l \u00e9s kis s\u00e1rga term\u00e9seir\u0151l nevezetes, amelyek \u00e9get\u0151 \u00e9rz\u00e9st okoznak. A n\u00f6v\u00e9ny eg\u00e9sz \u00e9vben hoz gy\u00fcm\u00f6lcs\u00f6t. Term\u00e9se kicsi, 5 g k\u00f6r\u00fcli. Val\u00f3sz\u00edn\u0171leg ez a fajta adja a legcs\u00edp\u0151sebb chilipaprik\u00e1t a cs\u00edp\u0151ss\u00e9g szempontj\u00e1b\u00f3l (700 000-900 000 SHU a Scoville-sk\u00e1l\u00e1n). Mivel a n\u00f6v\u00e9ny magas, \u00e1ltal\u00e1ban cser\u00e9pben termesztik, amelyet a forr\u00f3 ny\u00e1ri h\u00f3napokban szabadba vagy \u00fcvegezett erk\u00e9lyre lehet helyezni, majd a hidegebb h\u00f3napokban be lehet vinni. Magj\u00e1t szubsztr\u00e1tummal megt\u00f6lt\u00f6tt t\u0151zeges cserepekbe kell \u00fcltetni \u00fagy, hogy 1-2 magot 0,5-1,5 cm m\u00e9lys\u00e9gbe helyez\u00fcnk. +22\u201325 \u00b0C az ide\u00e1lis h\u0151m\u00e9rs\u00e9klet a cs\u00edr\u00e1z\u00e1shoz. A vet\u0151mag cs\u00edr\u00e1z\u00e1sa sor\u00e1n azonban nagyon fontos elker\u00fclni a h\u0151m\u00e9rs\u00e9klet- \u00e9s p\u00e1ratartalom-ingadoz\u00e1sokat. A pal\u00e1nt\u00e1knak a n\u00f6veked\u00e9si k\u00f6r\u00fclm\u00e9nyekt\u0151l f\u00fcgg\u0151en 60-80 napon bel\u00fcl kell feln\u0151ni\u00fck.<br \/>\nEgyszerre egy n\u00f6v\u00e9ny el\u00fcltet\u00e9s\u00e9vel 12 mag elegend\u0151 lesz 5-7 cser\u00e9phez.<\/p>\n<p>Sz\u00fcret VII-IX<br \/>\nVet\u00e9sid\u0151 \u00fcvegh\u00e1zban III<br \/>\nGy\u00e1rt\u00f3: Lucia Elite<br \/>\nT\u00e1vols\u00e1gok, cm 50&#215;50 cm<br \/>\nMagok sz\u00e1ma a csomagban, db. 12<\/p>\n","protected":false},"featured_media":21076,"comment_status":"closed","ping_status":"closed","template":"","meta":[],"product_brand":[],"product_cat":[368],"product_tag":[],"class_list":{"0":"post-21075","1":"product","2":"type-product","3":"status-publish","4":"has-post-thumbnail","6":"product_cat-zoldseg-vetomagok","8":"first","9":"instock","10":"taxable","11":"shipping-taxable","12":"purchasable","13":"product-type-simple"},"_links":{"self":[{"href":"https:\/\/chilimag.hu\/webshop\/wp-json\/wp\/v2\/product\/21075","targetHints":{"allow":["GET"]}}],"collection":[{"href":"https:\/\/chilimag.hu\/webshop\/wp-json\/wp\/v2\/product"}],"about":[{"href":"https:\/\/chilimag.hu\/webshop\/wp-json\/wp\/v2\/types\/product"}],"replies":[{"embeddable":true,"href":"https:\/\/chilimag.hu\/webshop\/wp-json\/wp\/v2\/comments?post=21075"}],"wp:featuredmedia":[{"embeddable":true,"href":"https:\/\/chilimag.hu\/webshop\/wp-json\/wp\/v2\/media\/21076"}],"wp:attachment":[{"href":"https:\/\/chilimag.hu\/webshop\/wp-json\/wp\/v2\/media?parent=21075"}],"wp:term":[{"taxonomy":"product_brand","embeddable":true,"href":"https:\/\/chilimag.hu\/webshop\/wp-json\/wp\/v2\/product_brand?post=21075"},{"taxonomy":"product_cat","embeddable":true,"href":"https:\/\/chilimag.hu\/webshop\/wp-json\/wp\/v2\/product_cat?post=21075"},{"taxonomy":"product_tag","embeddable":true,"href":"https:\/\/chilimag.hu\/webshop\/wp-json\/wp\/v2\/product_tag?post=21075"}],"curies":[{"name":"wp","href":"https:\/\/api.w.org\/{rel}","templated":true}]}}