{"id":21066,"date":"2023-02-12T11:49:26","date_gmt":"2023-02-12T11:49:26","guid":{"rendered":"https:\/\/chilimag.hu\/webshop\/?post_type=product&#038;p=21066"},"modified":"2026-02-16T22:08:47","modified_gmt":"2026-02-16T22:08:47","slug":"bazsalikom-mrsellais-sl-ow","status":"publish","type":"product","link":"https:\/\/chilimag.hu\/webshop\/termek\/bazsalikom-mrsellais-sl-ow\/","title":{"rendered":"Bazsalikom Marseillais SL OW"},"content":{"rendered":"","protected":false},"excerpt":{"rendered":"<p><img decoding=\"async\" class=\"active-logo\" src=\"https:\/\/b2b.seklos.lt\/themes\/warehouse\/img\/logo_en.png\" alt=\"Agrofirma S\u0117klos, UAB\" width=\"280\" height=\"95\" \/><\/p>\n<p>Illatos egyny\u00e1ri kulin\u00e1ris, f\u00e1s sz\u00e1r\u00fa n\u00f6v\u00e9nyek. Emberi fogyaszt\u00e1sra friss \u00e9s sz\u00e1r\u00edtott leveleket vagy levelek \u00e9s vir\u00e1gok kellemes illat\u00fa \u00e9s keser\u0171 \u00edz\u0171 kever\u00e9k\u00e9t haszn\u00e1lj\u00e1k. Nevelhet\u0151 \u00e1gy\u00e1sban, erk\u00e9lyen vagy ablakp\u00e1rk\u00e1nyon.<\/p>\n<p>S\u00falya 0,3g<br \/>\nMagok sz\u00e1ma grammonk\u00e9nt 500<br \/>\nSz\u00fcret VII-IX<br \/>\nVet\u00e9sid\u0151 a talajban IV-VI, 1 cm<br \/>\nGy\u00e1rt\u00f3 Organic Way<br \/>\nT\u00e1vols\u00e1gok, cm V-VI,40&#215;15-20<\/p>\n","protected":false},"featured_media":21067,"comment_status":"closed","ping_status":"closed","template":"","meta":[],"product_brand":[],"product_cat":[354],"product_tag":[],"class_list":{"0":"post-21066","1":"product","2":"type-product","3":"status-publish","4":"has-post-thumbnail","6":"product_cat-organic-way","8":"first","9":"instock","10":"taxable","11":"shipping-taxable","12":"purchasable","13":"product-type-simple"},"_links":{"self":[{"href":"https:\/\/chilimag.hu\/webshop\/wp-json\/wp\/v2\/product\/21066","targetHints":{"allow":["GET"]}}],"collection":[{"href":"https:\/\/chilimag.hu\/webshop\/wp-json\/wp\/v2\/product"}],"about":[{"href":"https:\/\/chilimag.hu\/webshop\/wp-json\/wp\/v2\/types\/product"}],"replies":[{"embeddable":true,"href":"https:\/\/chilimag.hu\/webshop\/wp-json\/wp\/v2\/comments?post=21066"}],"wp:featuredmedia":[{"embeddable":true,"href":"https:\/\/chilimag.hu\/webshop\/wp-json\/wp\/v2\/media\/21067"}],"wp:attachment":[{"href":"https:\/\/chilimag.hu\/webshop\/wp-json\/wp\/v2\/media?parent=21066"}],"wp:term":[{"taxonomy":"product_brand","embeddable":true,"href":"https:\/\/chilimag.hu\/webshop\/wp-json\/wp\/v2\/product_brand?post=21066"},{"taxonomy":"product_cat","embeddable":true,"href":"https:\/\/chilimag.hu\/webshop\/wp-json\/wp\/v2\/product_cat?post=21066"},{"taxonomy":"product_tag","embeddable":true,"href":"https:\/\/chilimag.hu\/webshop\/wp-json\/wp\/v2\/product_tag?post=21066"}],"curies":[{"name":"wp","href":"https:\/\/api.w.org\/{rel}","templated":true}]}}