{"id":21062,"date":"2023-02-12T11:43:36","date_gmt":"2023-02-12T11:43:36","guid":{"rendered":"https:\/\/chilimag.hu\/webshop\/?post_type=product&#038;p=21062"},"modified":"2026-01-29T09:11:09","modified_gmt":"2026-01-29T09:11:09","slug":"paradicsom-eduardo-f1-sl-eln","status":"publish","type":"product","link":"https:\/\/chilimag.hu\/webshop\/termek\/paradicsom-eduardo-f1-sl-eln\/","title":{"rendered":"Paradicsom Eduardo Hibrid SL ELN"},"content":{"rendered":"","protected":false},"excerpt":{"rendered":"<p><img decoding=\"async\" class=\"active-logo\" src=\"https:\/\/b2b.seklos.lt\/themes\/warehouse\/img\/logo_en.png\" alt=\"Agrofirma S\u0117klos, UAB\" width=\"280\" height=\"95\" \/><\/p>\n<p>K\u00f6z\u00e9pkorai, nagy hozam\u00fa hibrid fajta. Nagyra becs\u00fclik a nagy, hossz\u00fak\u00e1s, \u00edzletes gy\u00fcm\u00f6lcs\u00f6ket. Hossz\u00fa sz\u00e1r\u00fa n\u00f6v\u00e9nyek, term\u00e9sek s\u00falya kb. 130-150 g, 12 cm hossz\u00fa, sz\u00e9p form\u00e1j\u00fa. M\u00e9g frissen fogyaszthat\u00f3, tart\u00f3s\u00edt\u00e1sra alkalmas. Az erk\u00e9lyen, \u00fcvegh\u00e1zban termesztett n\u00f6v\u00e9nyek betegs\u00e9gekkel szemben ellen\u00e1ll\u00f3ak, magas term\u0151k\u00e9pess\u00e9g\u0171, hossz\u00fa term\u0151t\u00e1v\u00fa fajta. Betegs\u00e9gekkel szembeni ellen\u00e1ll\u00f3 k\u00e9pess\u00e9ge miatt ez a fajta m\u00e9g kedvez\u0151tlen termeszt\u00e9si k\u00f6r\u00fclm\u00e9nyek k\u00f6z\u00f6tt is magas hozam\u00fa. A magokat m\u00e1rciusban vetik el. A magvak gyorsabb \u00e9s egyenletesebb cs\u00edr\u00e1z\u00e1sa \u00e9rdek\u00e9ben a term\u00e9st \u00fcveggel vagy n\u00f6vekv\u0151 gyapj\u00faval kell lefedni. A vet\u00e9shez haszn\u00e1lt aljzat h\u0151m\u00e9rs\u00e9klete legal\u00e1bb +21\u201326 \u00b0C, a szobah\u0151m\u00e9rs\u00e9klet legal\u00e1bb +23 \u00b0C legyen. A 2-4 val\u00f3di leveles pal\u00e1nt\u00e1kat egyenk\u00e9nt kell \u00e1t\u00fcltetni \u00e1lland\u00f3 termeszt\u0151helyre.<br \/>\n6-8 0m2-es ter\u00fcletre 15 mag el\u00e9g lesz.<\/p>\n<p>Sz\u00fcret VI-VIII<br \/>\nA fajta korai ideje M\u00e9rs\u00e9kelten korai<br \/>\nVet\u00e9sid\u0151 \u00fcvegh\u00e1zban III-IV, 1 cm<br \/>\nGy\u00e1rt\u00f3: Lucia Elite<br \/>\nT\u00e1vols\u00e1gok, cm V-VI, 60 x 40 cm<br \/>\nN\u00f6v\u00e9nymagass\u00e1g, magas<br \/>\nMagok sz\u00e1ma a csomagban, db. 15 s<\/p>\n","protected":false},"featured_media":21063,"comment_status":"closed","ping_status":"closed","template":"","meta":[],"product_brand":[],"product_cat":[368],"product_tag":[],"class_list":{"0":"post-21062","1":"product","2":"type-product","3":"status-publish","4":"has-post-thumbnail","6":"product_cat-zoldseg-vetomagok","8":"first","9":"instock","10":"taxable","11":"shipping-taxable","12":"purchasable","13":"product-type-simple"},"_links":{"self":[{"href":"https:\/\/chilimag.hu\/webshop\/wp-json\/wp\/v2\/product\/21062","targetHints":{"allow":["GET"]}}],"collection":[{"href":"https:\/\/chilimag.hu\/webshop\/wp-json\/wp\/v2\/product"}],"about":[{"href":"https:\/\/chilimag.hu\/webshop\/wp-json\/wp\/v2\/types\/product"}],"replies":[{"embeddable":true,"href":"https:\/\/chilimag.hu\/webshop\/wp-json\/wp\/v2\/comments?post=21062"}],"wp:featuredmedia":[{"embeddable":true,"href":"https:\/\/chilimag.hu\/webshop\/wp-json\/wp\/v2\/media\/21063"}],"wp:attachment":[{"href":"https:\/\/chilimag.hu\/webshop\/wp-json\/wp\/v2\/media?parent=21062"}],"wp:term":[{"taxonomy":"product_brand","embeddable":true,"href":"https:\/\/chilimag.hu\/webshop\/wp-json\/wp\/v2\/product_brand?post=21062"},{"taxonomy":"product_cat","embeddable":true,"href":"https:\/\/chilimag.hu\/webshop\/wp-json\/wp\/v2\/product_cat?post=21062"},{"taxonomy":"product_tag","embeddable":true,"href":"https:\/\/chilimag.hu\/webshop\/wp-json\/wp\/v2\/product_tag?post=21062"}],"curies":[{"name":"wp","href":"https:\/\/api.w.org\/{rel}","templated":true}]}}