{"id":21060,"date":"2023-02-12T11:41:20","date_gmt":"2023-02-12T11:41:20","guid":{"rendered":"https:\/\/chilimag.hu\/webshop\/?post_type=product&#038;p=21060"},"modified":"2026-03-06T17:35:33","modified_gmt":"2026-03-06T17:35:33","slug":"paradicsom-oringa-f1-sl-eln","status":"publish","type":"product","link":"https:\/\/chilimag.hu\/webshop\/termek\/paradicsom-oringa-f1-sl-eln\/","title":{"rendered":"Paradicsom Oringa Hibrid SL ELN"},"content":{"rendered":"","protected":false},"excerpt":{"rendered":"<p><img decoding=\"async\" class=\"active-logo\" src=\"https:\/\/b2b.seklos.lt\/themes\/warehouse\/img\/logo_en.png\" alt=\"Agrofirma S\u0117klos, UAB\" width=\"280\" height=\"95\" \/><\/p>\n<p>\u00daj korai \u00e9r\u00e9s\u0171, kis gy\u00fcm\u00f6lcs\u0171 paradicsomfajta. Ezt a fajt\u00e1t \u00e9des, \u00edzletes, sz\u00e1r\u00edt\u00e1sra \u00e9s tart\u00f3s\u00edt\u00e1sra alkalmas gy\u00fcm\u00f6lcsei miatt \u00e9rt\u00e9kelik. Hossz\u00fa sz\u00e1r\u00fa n\u00f6v\u00e9nyek, term\u00e9sek s\u00falya kb. 15-20 g, reped\u00e9s\u00e1ll\u00f3, nem esik le a f\u00fcrtr\u0151l, egy f\u00fcrt\u00f6n 30-35 paradicsom \u00e9rik. A f\u00fcrt\u00f6s gy\u00fcm\u00f6lcs\u00f6k szinte egyszerre \u00e9rnek, f\u00fcrtben szedhet\u0151k. Erk\u00e9lyben, \u00fcvegh\u00e1zban termeszthet\u0151, betegs\u00e9gekkel szemben ellen\u00e1ll\u00f3, magas term\u0151k\u00e9pess\u00e9g\u0171, hossz\u00fa term\u0151t\u00e1v\u00fa fajta. A vet\u00e9shez haszn\u00e1lt aljzat h\u0151m\u00e9rs\u00e9klete legal\u00e1bb +21\u201326 \u00b0C, a szobah\u0151m\u00e9rs\u00e9klet legal\u00e1bb +23 \u00b0C legyen. A 2-4 val\u00f3di leveles pal\u00e1nt\u00e1kat egyenk\u00e9nt kell \u00e1t\u00fcltetni \u00e1lland\u00f3 termeszt\u0151helyre.<br \/>\n15 mag elegend\u0151 lesz 6-8 m2-es ter\u00fclet lefed\u00e9s\u00e9re, a tervezett term\u00e9shozam kedvez\u0151 n\u00f6veked\u00e9si k\u00f6r\u00fclm\u00e9nyek k\u00f6z\u00f6tt 20-30 kg.<\/p>\n<p>Sz\u00fcret VI-VIII<br \/>\nTermeszt\u00e9si hely \u00dcvegh\u00e1zban<br \/>\nA fajta korai ideje Korai<br \/>\nVet\u00e9sid\u0151 \u00fcvegh\u00e1zban III-IV, 1 cm<br \/>\nGy\u00e1rt\u00f3: Lucia Elite<br \/>\nT\u00e1vols\u00e1gok, cm IV-VI, 60&#215;40 cm<br \/>\nN\u00f6v\u00e9nymagass\u00e1g, cm magas<br \/>\nMagok sz\u00e1ma a csomagban, db. 15 s<\/p>\n","protected":false},"featured_media":21061,"comment_status":"closed","ping_status":"closed","template":"","meta":[],"product_brand":[],"product_cat":[368],"product_tag":[],"class_list":{"0":"post-21060","1":"product","2":"type-product","3":"status-publish","4":"has-post-thumbnail","6":"product_cat-zoldseg-vetomagok","8":"first","9":"instock","10":"taxable","11":"shipping-taxable","12":"purchasable","13":"product-type-simple"},"_links":{"self":[{"href":"https:\/\/chilimag.hu\/webshop\/wp-json\/wp\/v2\/product\/21060","targetHints":{"allow":["GET"]}}],"collection":[{"href":"https:\/\/chilimag.hu\/webshop\/wp-json\/wp\/v2\/product"}],"about":[{"href":"https:\/\/chilimag.hu\/webshop\/wp-json\/wp\/v2\/types\/product"}],"replies":[{"embeddable":true,"href":"https:\/\/chilimag.hu\/webshop\/wp-json\/wp\/v2\/comments?post=21060"}],"wp:featuredmedia":[{"embeddable":true,"href":"https:\/\/chilimag.hu\/webshop\/wp-json\/wp\/v2\/media\/21061"}],"wp:attachment":[{"href":"https:\/\/chilimag.hu\/webshop\/wp-json\/wp\/v2\/media?parent=21060"}],"wp:term":[{"taxonomy":"product_brand","embeddable":true,"href":"https:\/\/chilimag.hu\/webshop\/wp-json\/wp\/v2\/product_brand?post=21060"},{"taxonomy":"product_cat","embeddable":true,"href":"https:\/\/chilimag.hu\/webshop\/wp-json\/wp\/v2\/product_cat?post=21060"},{"taxonomy":"product_tag","embeddable":true,"href":"https:\/\/chilimag.hu\/webshop\/wp-json\/wp\/v2\/product_tag?post=21060"}],"curies":[{"name":"wp","href":"https:\/\/api.w.org\/{rel}","templated":true}]}}