{"id":21058,"date":"2023-02-12T11:37:21","date_gmt":"2023-02-12T11:37:21","guid":{"rendered":"https:\/\/chilimag.hu\/webshop\/?post_type=product&#038;p=21058"},"modified":"2026-02-02T08:36:44","modified_gmt":"2026-02-02T08:36:44","slug":"paradicsom-lemonia-f1-sl-eln","status":"publish","type":"product","link":"https:\/\/chilimag.hu\/webshop\/termek\/paradicsom-lemonia-f1-sl-eln\/","title":{"rendered":"Paradicsom Lemonia Hibrid SL ELN"},"content":{"rendered":"","protected":false},"excerpt":{"rendered":"<p><img decoding=\"async\" class=\"active-logo\" src=\"https:\/\/b2b.seklos.lt\/themes\/warehouse\/img\/logo_en.png\" alt=\"Agrofirma S\u0117klos, UAB\" width=\"280\" height=\"95\" \/><\/p>\n<p>Korai, kokt\u00e9l t\u00edpus\u00fa hibrid paradicsomfajta, amelyet az \u00edzletes gy\u00fcm\u00f6lcs\u00f6k\u00e9rt \u00e9rt\u00e9kelnek. A n\u00f6v\u00e9nyek magasak, ellen\u00e1llnak a betegs\u00e9geknek \u00e9s a kedvez\u0151tlen n\u00f6veked\u00e9si k\u00f6r\u00fclm\u00e9nyeknek. A 40-50 g t\u00f6meg\u0171 term\u00e9sek reped\u00e9s\u00e1ll\u00f3ak, nem esnek le a f\u00fcrt\u00f6kr\u0151l. A f\u00fcrt\u00f6k gy\u00fcm\u00f6lcsei szinte egyszerre \u00e9rnek, f\u00fcrtben szedhet\u0151k. Erk\u00e9lyeken \u00e9s \u00fcvegh\u00e1zakban t\u00f6rt\u00e9n\u0151 termeszt\u00e9sre alkalmas. A n\u00f6v\u00e9nyek ellen\u00e1llnak a betegs\u00e9geknek, magas hozamot produk\u00e1lnak. Az aljzat h\u0151m\u00e9rs\u00e9klete, amelybe a magvakat vetj\u00fck, legal\u00e1bb +21-26 \u00b0C, a szobah\u0151m\u00e9rs\u00e9klet pedig legal\u00e1bb +23 \u00b0C legyen. Miut\u00e1n a n\u00f6v\u00e9ny 2-4 val\u00f3di levelet termel, a pal\u00e1nt\u00e1kat egyenk\u00e9nt kell \u00e1lland\u00f3 term\u0151helyre \u00e1t\u00fcltetni.<br \/>\n15 mag elegend\u0151 6-8 m2-es ter\u00fcletre, kedvez\u0151 termeszt\u00e9si viszonyok mellett \u2013 35-45 kg.<\/p>\n<p>Sz\u00fcret VI-VIII<br \/>\nTermeszt\u00e9si hely \u00dcvegh\u00e1zban<br \/>\nA fajta korai ideje Korai<br \/>\nVet\u00e9sid\u0151 \u00fcvegh\u00e1zban III-IV, 1 cm<br \/>\nGy\u00e1rt\u00f3: Lucia Elite<br \/>\nT\u00e1vols\u00e1gok, cm IV-VI, 60&#215;40 cm<br \/>\nMagok sz\u00e1ma a csomagban, db. 15 s<\/p>\n","protected":false},"featured_media":21059,"comment_status":"closed","ping_status":"closed","template":"","meta":[],"product_brand":[],"product_cat":[368],"product_tag":[],"class_list":{"0":"post-21058","1":"product","2":"type-product","3":"status-publish","4":"has-post-thumbnail","6":"product_cat-zoldseg-vetomagok","8":"first","9":"instock","10":"taxable","11":"shipping-taxable","12":"purchasable","13":"product-type-simple"},"_links":{"self":[{"href":"https:\/\/chilimag.hu\/webshop\/wp-json\/wp\/v2\/product\/21058","targetHints":{"allow":["GET"]}}],"collection":[{"href":"https:\/\/chilimag.hu\/webshop\/wp-json\/wp\/v2\/product"}],"about":[{"href":"https:\/\/chilimag.hu\/webshop\/wp-json\/wp\/v2\/types\/product"}],"replies":[{"embeddable":true,"href":"https:\/\/chilimag.hu\/webshop\/wp-json\/wp\/v2\/comments?post=21058"}],"wp:featuredmedia":[{"embeddable":true,"href":"https:\/\/chilimag.hu\/webshop\/wp-json\/wp\/v2\/media\/21059"}],"wp:attachment":[{"href":"https:\/\/chilimag.hu\/webshop\/wp-json\/wp\/v2\/media?parent=21058"}],"wp:term":[{"taxonomy":"product_brand","embeddable":true,"href":"https:\/\/chilimag.hu\/webshop\/wp-json\/wp\/v2\/product_brand?post=21058"},{"taxonomy":"product_cat","embeddable":true,"href":"https:\/\/chilimag.hu\/webshop\/wp-json\/wp\/v2\/product_cat?post=21058"},{"taxonomy":"product_tag","embeddable":true,"href":"https:\/\/chilimag.hu\/webshop\/wp-json\/wp\/v2\/product_tag?post=21058"}],"curies":[{"name":"wp","href":"https:\/\/api.w.org\/{rel}","templated":true}]}}