{"id":21056,"date":"2023-02-12T11:35:08","date_gmt":"2023-02-12T11:35:08","guid":{"rendered":"https:\/\/chilimag.hu\/webshop\/?post_type=product&#038;p=21056"},"modified":"2026-02-18T12:46:41","modified_gmt":"2026-02-18T12:46:41","slug":"ernyos-verbena-buenos-aires-sl-eln","status":"publish","type":"product","link":"https:\/\/chilimag.hu\/webshop\/termek\/ernyos-verbena-buenos-aires-sl-eln\/","title":{"rendered":"Erny\u0151s verb\u00e9na Buenos Aires SL ELN"},"content":{"rendered":"","protected":false},"excerpt":{"rendered":"<p><img decoding=\"async\" class=\"active-logo\" src=\"https:\/\/b2b.seklos.lt\/themes\/warehouse\/img\/logo_en.png\" alt=\"Agrofirma S\u0117klos, UAB\" width=\"280\" height=\"95\" \/><\/p>\n<p>Egyny\u00e1ri magas vir\u00e1gok el\u00e1gaz\u00f3 sz\u00e1rral \u00e9s kis g\u00f6mb\u00f6ly\u0171 lila vir\u00e1gzattal a tetej\u00e9n. A vir\u00e1gok k\u00f6r\u00fclbel\u00fcl 120 cm magasak, vir\u00e1goskertekben termesztik, magas p\u00e1lc\u00e1kat alkotnak, ez\u00e9rt t\u00f6k\u00e9letesen kieg\u00e9sz\u00edtik a t\u00f6bbi n\u00f6v\u00e9nyt, \u00e9s a vir\u00e1goskertek k\u00edv\u00e1nt k\u00f6nnyeds\u00e9g\u00e9t adj\u00e1k. A nagyon hossz\u00fa vir\u00e1gz\u00e1si id\u0151szak (ny\u00e1r k\u00f6zep\u00e9t\u0151l a fagyokig) \u00e9s a pillang\u00f3k m\u00e1gneses vonz\u00e1sa mellett ez a vir\u00e1g szinte t\u00f6k\u00e9letes \u00e9s p\u00f3tolhatatlan. A verb\u00e9na vadvir\u00e1gos kertekben is j\u00f3l mutat. A k\u00edv\u00e1nt helyre kell \u00fcltetni, mivel a pal\u00e1nt\u00e1kat kora tavasszal vetik, lassan cs\u00edr\u00e1znak. A pal\u00e1nt\u00e1k gondoz\u00e1st ig\u00e9nyelnek. Min\u00e9l er\u0151sebbek a pal\u00e1nt\u00e1k, ann\u00e1l szebb \u00e9s hosszabb a vir\u00e1gz\u00e1si id\u0151szak. Legjobban napos helyen, k\u00f6nny\u0171 \u00e9s sz\u00e1raz talajban fejl\u0151dik.<br \/>\n0,02 g elegend\u0151 lesz a 20 m\u00b2-es ter\u00fclethez.<\/p>\n<p>S\u00falya 0,2g<br \/>\nVet\u00e9sid\u0151 \u00fcvegh\u00e1zban II-IV<br \/>\nGy\u00e1rt\u00f3: Lucia Elite<br \/>\nVir\u00e1gz\u00e1si id\u0151szak VII-X<br \/>\nT\u00e1vols\u00e1gok, cm 45&#215;45 cm<\/p>\n","protected":false},"featured_media":21057,"comment_status":"closed","ping_status":"closed","template":"","meta":[],"product_brand":[],"product_cat":[369],"product_tag":[],"class_list":{"0":"post-21056","1":"product","2":"type-product","3":"status-publish","4":"has-post-thumbnail","6":"product_cat-virag-vetomagok-lucia-elite","8":"first","9":"instock","10":"taxable","11":"shipping-taxable","12":"purchasable","13":"product-type-simple"},"_links":{"self":[{"href":"https:\/\/chilimag.hu\/webshop\/wp-json\/wp\/v2\/product\/21056","targetHints":{"allow":["GET"]}}],"collection":[{"href":"https:\/\/chilimag.hu\/webshop\/wp-json\/wp\/v2\/product"}],"about":[{"href":"https:\/\/chilimag.hu\/webshop\/wp-json\/wp\/v2\/types\/product"}],"replies":[{"embeddable":true,"href":"https:\/\/chilimag.hu\/webshop\/wp-json\/wp\/v2\/comments?post=21056"}],"wp:featuredmedia":[{"embeddable":true,"href":"https:\/\/chilimag.hu\/webshop\/wp-json\/wp\/v2\/media\/21057"}],"wp:attachment":[{"href":"https:\/\/chilimag.hu\/webshop\/wp-json\/wp\/v2\/media?parent=21056"}],"wp:term":[{"taxonomy":"product_brand","embeddable":true,"href":"https:\/\/chilimag.hu\/webshop\/wp-json\/wp\/v2\/product_brand?post=21056"},{"taxonomy":"product_cat","embeddable":true,"href":"https:\/\/chilimag.hu\/webshop\/wp-json\/wp\/v2\/product_cat?post=21056"},{"taxonomy":"product_tag","embeddable":true,"href":"https:\/\/chilimag.hu\/webshop\/wp-json\/wp\/v2\/product_tag?post=21056"}],"curies":[{"name":"wp","href":"https:\/\/api.w.org\/{rel}","templated":true}]}}