{"id":21052,"date":"2023-02-12T11:29:15","date_gmt":"2023-02-12T11:29:15","guid":{"rendered":"https:\/\/chilimag.hu\/webshop\/?post_type=product&#038;p=21052"},"modified":"2026-03-13T12:39:52","modified_gmt":"2026-03-13T12:39:52","slug":"budoske-african-taishan-gold-sl-eln","status":"publish","type":"product","link":"https:\/\/chilimag.hu\/webshop\/termek\/budoske-african-taishan-gold-sl-eln\/","title":{"rendered":"B\u00fcd\u00f6ske African Taishan Gold SL ELN"},"content":{"rendered":"","protected":false},"excerpt":{"rendered":"<p><img decoding=\"async\" class=\"active-logo\" src=\"https:\/\/b2b.seklos.lt\/themes\/warehouse\/img\/logo_en.png\" alt=\"Agrofirma S\u0117klos, UAB\" width=\"280\" height=\"95\" \/><\/p>\n<p>Egyny\u00e1ri, 20-25 cm magas vir\u00e1gok. A vir\u00e1gok nagyok, a 7-9 cm \u00e1tm\u00e9r\u0151j\u0171 n\u00f6v\u00e9nyek er\u0151sen el\u00e1gaz\u00f3ak, egyetlen n\u00f6v\u00e9ny t\u00f6bb tucat vir\u00e1got hoz. Napos helyen \u00e9s \u00e1rny\u00e9kban is j\u00f3l n\u00f6vekszik \u00e9s vir\u00e1gzik. Nincs sz\u00fcks\u00e9g k\u00fcl\u00f6nleges talajviszonyokra. A legjobban fejl\u0151dik v\u00e1lyogos, term\u00e9keny talajban. Z\u00f6ldbe, vir\u00e1goskertbe, temet\u0151be \u00fcltetve, cserepes termeszt\u00e9sre alkalmas. A d\u00fasabb \u00e9s hosszabb vir\u00e1gz\u00e1s \u00e9rdek\u00e9ben elpuszt\u00edtottnak kell lennie. Ez a fajta fitoalexineket tartalmaz, amelyek megv\u00e9dik a k\u00f6zeli n\u00f6v\u00e9nyeket a k\u00e1rtev\u0151kt\u0151l.<br \/>\nA magvakat szemcs\u00e9s\u00edtik, szerves \u00e9s \u00e1sv\u00e1nyi m\u0171tr\u00e1gy\u00e1k kever\u00e9k\u00e9vel vonj\u00e1k be. Cs\u00edr\u00e1z\u00e1skor a magokat ne takarjuk be szubsztr\u00e1tummal, csak enyh\u00e9n nyomjuk bele a talaj felsz\u00edn\u00e9be. A cs\u00edr\u00e1z\u00e1s el\u0151seg\u00edt\u00e9se \u00e9rdek\u00e9ben a talaj felsz\u00edn\u00e9nek folyamatosan nedvesnek kell lennie.<br \/>\n20 mag elegend\u0151 13-15 cser\u00e9phez, ha cser\u00e9pben 1 n\u00f6v\u00e9nyt \u00fcltet\u00fcnk, vagy a 3-5 m\u00b2-es vir\u00e1goskert ter\u00fclet\u00e9re.<\/p>\n<p>Napos hely Igen<br \/>\nVet\u00e9sid\u0151 a talajban V<br \/>\nVet\u00e9sid\u0151 \u00fcvegh\u00e1zban III-IV<br \/>\nGy\u00e1rt\u00f3: Lucia Elite<br \/>\nMagok sz\u00e1ma a csomagban, db. 20<br \/>\nVir\u00e1gz\u00e1s VI-IX<br \/>\nT\u00e1vols\u00e1gok, cm 30&#215;30 cm<\/p>\n","protected":false},"featured_media":21053,"comment_status":"closed","ping_status":"closed","template":"","meta":[],"product_brand":[],"product_cat":[369],"product_tag":[],"class_list":{"0":"post-21052","1":"product","2":"type-product","3":"status-publish","4":"has-post-thumbnail","6":"product_cat-virag-vetomagok-lucia-elite","8":"first","9":"instock","10":"taxable","11":"shipping-taxable","12":"purchasable","13":"product-type-simple"},"_links":{"self":[{"href":"https:\/\/chilimag.hu\/webshop\/wp-json\/wp\/v2\/product\/21052","targetHints":{"allow":["GET"]}}],"collection":[{"href":"https:\/\/chilimag.hu\/webshop\/wp-json\/wp\/v2\/product"}],"about":[{"href":"https:\/\/chilimag.hu\/webshop\/wp-json\/wp\/v2\/types\/product"}],"replies":[{"embeddable":true,"href":"https:\/\/chilimag.hu\/webshop\/wp-json\/wp\/v2\/comments?post=21052"}],"wp:featuredmedia":[{"embeddable":true,"href":"https:\/\/chilimag.hu\/webshop\/wp-json\/wp\/v2\/media\/21053"}],"wp:attachment":[{"href":"https:\/\/chilimag.hu\/webshop\/wp-json\/wp\/v2\/media?parent=21052"}],"wp:term":[{"taxonomy":"product_brand","embeddable":true,"href":"https:\/\/chilimag.hu\/webshop\/wp-json\/wp\/v2\/product_brand?post=21052"},{"taxonomy":"product_cat","embeddable":true,"href":"https:\/\/chilimag.hu\/webshop\/wp-json\/wp\/v2\/product_cat?post=21052"},{"taxonomy":"product_tag","embeddable":true,"href":"https:\/\/chilimag.hu\/webshop\/wp-json\/wp\/v2\/product_tag?post=21052"}],"curies":[{"name":"wp","href":"https:\/\/api.w.org\/{rel}","templated":true}]}}