{"id":21048,"date":"2023-02-12T11:24:15","date_gmt":"2023-02-12T11:24:15","guid":{"rendered":"https:\/\/chilimag.hu\/webshop\/?post_type=product&#038;p=21048"},"modified":"2025-11-19T09:57:35","modified_gmt":"2025-11-19T09:57:35","slug":"spenot-lavewa-sl-eln","status":"publish","type":"product","link":"https:\/\/chilimag.hu\/webshop\/termek\/spenot-lavewa-sl-eln\/","title":{"rendered":"Spen\u00f3t Lavewa magszalagos SL ELN"},"content":{"rendered":"","protected":false},"excerpt":{"rendered":"<p><img decoding=\"async\" class=\"active-logo\" src=\"https:\/\/b2b.seklos.lt\/themes\/warehouse\/img\/logo_en.png\" alt=\"Agrofirma S\u0117klos, UAB\" width=\"280\" height=\"95\" \/><\/p>\n<p>K\u00f6z\u00e9pkorai nagyon term\u00e9keny fajta. Az egyik leg\u00e9rt\u00e9kesebb z\u00f6lds\u00e9g. A leveleket sal\u00e1t\u00e1hoz, zabk\u00e1s\u00e1hoz, leveshez haszn\u00e1lj\u00e1k, t\u00e9lre is eltarthat\u00f3. A legjobban fejl\u0151dik k\u00f6zepesen neh\u00e9z humuszos, meglehet\u0151sen term\u00e9keny talajban. Kora tavasszal vagy \u0151sszel vetve, ha a ny\u00e1ri h\u0151s\u00e9g idej\u00e9n vetj\u00fck el \u2013 kev\u00e9s term\u00e9st hoz.<br \/>\nA vet\u0151magszalag el\u0151nyei: b\u0151s\u00e9gesebb, jobb min\u0151s\u00e9g\u0171 betakar\u00edt\u00e1s. A teny\u00e9szt\u00e9s rendezett, a sork\u00f6z\u00f6k egyenl\u0151ek, \u00edgy k\u00f6nnyebb \u00e9s k\u00e9nyelmesebb a gyoml\u00e1l\u00e1s \u00e9s a kert\u00e9szeti f\u00f3li\u00e1val t\u00f6rt\u00e9n\u0151 term\u00e9nytakar\u00e1s. A szalagok lerak\u00e1sa el\u0151tt \u00f6nt\u00f6zze meg a talajt. Ezut\u00e1n fedje le a szalagot f\u00f6lddel \u00e9s b\u0151s\u00e9gesen v\u00edzzel.<br \/>\nEgy 4 m hossz\u00fa szalag k\u00f6r\u00fclbel\u00fcl 180 kiv\u00e1l\u00f3 min\u0151s\u00e9g\u0171 n\u00f6v\u00e9nyt \u00e9s b\u0151s\u00e9ges term\u00e9st eredm\u00e9nyez.<\/p>\n<p>Sz\u00fcret VIII-IX<br \/>\nVet\u00e9sid\u0151 a talajban III-IV, VIII-IX<br \/>\nVet\u00e9sid\u0151 \u00fcvegh\u00e1zban III-IV<br \/>\nGy\u00e1rt\u00f3: Lucia Elite<br \/>\nKiszerel\u00e9s 4 m<br \/>\nT\u00e1vols\u00e1gok, cm 10&#215;20 cm<\/p>\n","protected":false},"featured_media":21049,"comment_status":"closed","ping_status":"closed","template":"","meta":[],"product_brand":[],"product_cat":[368],"product_tag":[],"class_list":{"0":"post-21048","1":"product","2":"type-product","3":"status-publish","4":"has-post-thumbnail","6":"product_cat-zoldseg-vetomagok","8":"first","9":"instock","10":"taxable","11":"shipping-taxable","12":"purchasable","13":"product-type-simple"},"_links":{"self":[{"href":"https:\/\/chilimag.hu\/webshop\/wp-json\/wp\/v2\/product\/21048","targetHints":{"allow":["GET"]}}],"collection":[{"href":"https:\/\/chilimag.hu\/webshop\/wp-json\/wp\/v2\/product"}],"about":[{"href":"https:\/\/chilimag.hu\/webshop\/wp-json\/wp\/v2\/types\/product"}],"replies":[{"embeddable":true,"href":"https:\/\/chilimag.hu\/webshop\/wp-json\/wp\/v2\/comments?post=21048"}],"wp:featuredmedia":[{"embeddable":true,"href":"https:\/\/chilimag.hu\/webshop\/wp-json\/wp\/v2\/media\/21049"}],"wp:attachment":[{"href":"https:\/\/chilimag.hu\/webshop\/wp-json\/wp\/v2\/media?parent=21048"}],"wp:term":[{"taxonomy":"product_brand","embeddable":true,"href":"https:\/\/chilimag.hu\/webshop\/wp-json\/wp\/v2\/product_brand?post=21048"},{"taxonomy":"product_cat","embeddable":true,"href":"https:\/\/chilimag.hu\/webshop\/wp-json\/wp\/v2\/product_cat?post=21048"},{"taxonomy":"product_tag","embeddable":true,"href":"https:\/\/chilimag.hu\/webshop\/wp-json\/wp\/v2\/product_tag?post=21048"}],"curies":[{"name":"wp","href":"https:\/\/api.w.org\/{rel}","templated":true}]}}