{"id":21046,"date":"2023-02-12T11:21:49","date_gmt":"2023-02-12T11:21:49","guid":{"rendered":"https:\/\/chilimag.hu\/webshop\/?post_type=product&#038;p=21046"},"modified":"2026-03-31T22:31:41","modified_gmt":"2026-03-31T22:31:41","slug":"paradicsom-zofka-f1-sl-eln","status":"publish","type":"product","link":"https:\/\/chilimag.hu\/webshop\/termek\/paradicsom-zofka-f1-sl-eln\/","title":{"rendered":"Paradicsom Zofka F1 SL ELN"},"content":{"rendered":"","protected":false},"excerpt":{"rendered":"<p><img decoding=\"async\" class=\"active-logo\" src=\"https:\/\/b2b.seklos.lt\/themes\/warehouse\/img\/logo_en.png\" alt=\"Agrofirma S\u0117klos, UAB\" width=\"280\" height=\"95\" \/><\/p>\n<p>K\u00f6z\u00e9pkorai term\u00e9keny hibrid fajta. Gy\u00fcm\u00f6lcsei nagyon \u00edzletesek, puh\u00e1k, sz\u00e1r\u00edt\u00e1sra alkalmasak. A n\u00f6v\u00e9nyek magasak, 80-100 g s\u00faly\u00fa gy\u00fcm\u00f6lcs\u00f6t hoznak, sz\u00e9p alak\u00faak. Erk\u00e9lyeken, \u00fcvegh\u00e1zakban termesztik. A n\u00f6v\u00e9nyek betegs\u00e9gekkel szemben ellen\u00e1ll\u00f3ak, magas \u00e9s hossz\u00fa hozam\u00faak. A magokat m\u00e1rciusban vetik el. A gyorsabb \u00e9s egyenletesebb magcs\u00edr\u00e1z\u00e1s \u00e9rdek\u00e9ben a term\u00e9st \u00fcveggel vagy f\u00f3li\u00e1val kell lefedni. Az aljzat h\u0151m\u00e9rs\u00e9klete, amelybe a magvakat vetik, legal\u00e1bb +21\u201326 \u00b0C, a szobah\u0151m\u00e9rs\u00e9klet pedig legal\u00e1bb +23 \u00b0C legyen. 2-4 val\u00f3di lev\u00e9l megjelen\u00e9se ut\u00e1n a pal\u00e1nt\u00e1kat egyenk\u00e9nt \u00e1t\u00fcltetj\u00fck.<br \/>\n0,1 g-ban kb. 50-60 mag.<br \/>\n0,1 g 50 m\u00b2-es ter\u00fcletre vagy 30-40 n\u00f6v\u00e9ny termeszt\u00e9s\u00e9re elegend\u0151.<\/p>\n<p>Sz\u00fcret VI-VIII<br \/>\nVet\u00e9sid\u0151 \u00fcvegh\u00e1zban III-IV<br \/>\nGy\u00e1rt\u00f3: Lucia Elite<br \/>\nKiszerel\u00e9s 0,1 g<br \/>\nT\u00e1vols\u00e1gok, cm 60&#215;40 cm<\/p>\n","protected":false},"featured_media":21047,"comment_status":"closed","ping_status":"closed","template":"","meta":[],"product_brand":[],"product_cat":[368],"product_tag":[],"class_list":{"0":"post-21046","1":"product","2":"type-product","3":"status-publish","4":"has-post-thumbnail","6":"product_cat-zoldseg-vetomagok","8":"first","9":"instock","10":"taxable","11":"shipping-taxable","12":"purchasable","13":"product-type-simple"},"_links":{"self":[{"href":"https:\/\/chilimag.hu\/webshop\/wp-json\/wp\/v2\/product\/21046","targetHints":{"allow":["GET"]}}],"collection":[{"href":"https:\/\/chilimag.hu\/webshop\/wp-json\/wp\/v2\/product"}],"about":[{"href":"https:\/\/chilimag.hu\/webshop\/wp-json\/wp\/v2\/types\/product"}],"replies":[{"embeddable":true,"href":"https:\/\/chilimag.hu\/webshop\/wp-json\/wp\/v2\/comments?post=21046"}],"wp:featuredmedia":[{"embeddable":true,"href":"https:\/\/chilimag.hu\/webshop\/wp-json\/wp\/v2\/media\/21047"}],"wp:attachment":[{"href":"https:\/\/chilimag.hu\/webshop\/wp-json\/wp\/v2\/media?parent=21046"}],"wp:term":[{"taxonomy":"product_brand","embeddable":true,"href":"https:\/\/chilimag.hu\/webshop\/wp-json\/wp\/v2\/product_brand?post=21046"},{"taxonomy":"product_cat","embeddable":true,"href":"https:\/\/chilimag.hu\/webshop\/wp-json\/wp\/v2\/product_cat?post=21046"},{"taxonomy":"product_tag","embeddable":true,"href":"https:\/\/chilimag.hu\/webshop\/wp-json\/wp\/v2\/product_tag?post=21046"}],"curies":[{"name":"wp","href":"https:\/\/api.w.org\/{rel}","templated":true}]}}