{"id":21042,"date":"2023-02-12T11:16:43","date_gmt":"2023-02-12T11:16:43","guid":{"rendered":"https:\/\/chilimag.hu\/webshop\/?post_type=product&#038;p=21042"},"modified":"2026-02-12T00:04:40","modified_gmt":"2026-02-12T00:04:40","slug":"paradicsom-buffalosun-f1-sl-eln","status":"publish","type":"product","link":"https:\/\/chilimag.hu\/webshop\/termek\/paradicsom-buffalosun-f1-sl-eln\/","title":{"rendered":"Paradicsom Buffalosun Hibrid SL ELN"},"content":{"rendered":"","protected":false},"excerpt":{"rendered":"<p><img decoding=\"async\" class=\"active-logo\" src=\"https:\/\/b2b.seklos.lt\/themes\/warehouse\/img\/logo_en.png\" alt=\"Agrofirma S\u0117klos, UAB\" width=\"280\" height=\"95\" \/><\/p>\n<p>Az egyik legkor\u00e1bbi marhasz\u00edv t\u00edpus\u00fa paradicsom hibrid fajta, amely nagyon nagy, h\u00fasos \u00e9s \u00edzletes gy\u00fcm\u00f6lcs\u00f6ket hoz. Nemcsak nagyon finomak, de nagyok is, egy gy\u00fcm\u00f6lcs ak\u00e1r 750 g-ot is nyomhat. Ez a paradicsom k\u00fcl\u00f6n\u00f6sen tetszeni fog azoknak, akik szeretik a paradicsomsal\u00e1t\u00e1t. A fajta levesek, sz\u00f3szok k\u00e9sz\u00edt\u00e9s\u00e9re is alkalmas.<br \/>\nA magokat m\u00e1rciusban vetik el. A gyorsabb \u00e9s egyenletesebb magcs\u00edr\u00e1z\u00e1s \u00e9rdek\u00e9ben a term\u00e9st \u00fcveggel vagy f\u00f3li\u00e1val kell lefedni. Az aljzat h\u0151m\u00e9rs\u00e9klete, amelybe a magvakat vetik, legal\u00e1bb +21\u201326 \u00b0C, a szobah\u0151m\u00e9rs\u00e9klet pedig legal\u00e1bb +23 \u00b0C legyen. 2-4 val\u00f3di lev\u00e9l megjelen\u00e9se ut\u00e1n a pal\u00e1nt\u00e1kat egyenk\u00e9nt \u00e1t\u00fcltetj\u00fck. A pal\u00e1nt\u00e1kat \u00fcvegh\u00e1zakba \u00fcltetik, amikor a fagyvesz\u00e9ly elm\u00falt.<br \/>\nVet\u00e9skor a tervezett termesztend\u0151 pal\u00e1ntasz\u00e1mn\u00e1l 15-20%-kal t\u00f6bb magot kell felhaszn\u00e1lni.<br \/>\n5-7 m2-es ter\u00fcletre 10 mag elegend\u0151 lesz, kedvez\u0151 termeszt\u00e9si felt\u00e9telek mellett 25-35 kg betakar\u00edt\u00e1s v\u00e1rhat\u00f3.<\/p>\n<p>Sz\u00fcret VI-VIII<br \/>\nTermeszt\u00e9si hely \u00dcvegh\u00e1zban<br \/>\nA fajta korai ideje Korai<br \/>\nVet\u00e9sid\u0151 \u00fcvegh\u00e1zban III-IV<br \/>\nGy\u00e1rt\u00f3: Lucia Elite<br \/>\nT\u00e1vols\u00e1gok, cm 60&#215;40 cm<br \/>\nMagok sz\u00e1ma a csomagban, db. 10 s<\/p>\n","protected":false},"featured_media":21043,"comment_status":"closed","ping_status":"closed","template":"","meta":[],"product_brand":[],"product_cat":[368],"product_tag":[],"class_list":{"0":"post-21042","1":"product","2":"type-product","3":"status-publish","4":"has-post-thumbnail","6":"product_cat-zoldseg-vetomagok","8":"first","9":"instock","10":"taxable","11":"shipping-taxable","12":"purchasable","13":"product-type-simple"},"_links":{"self":[{"href":"https:\/\/chilimag.hu\/webshop\/wp-json\/wp\/v2\/product\/21042","targetHints":{"allow":["GET"]}}],"collection":[{"href":"https:\/\/chilimag.hu\/webshop\/wp-json\/wp\/v2\/product"}],"about":[{"href":"https:\/\/chilimag.hu\/webshop\/wp-json\/wp\/v2\/types\/product"}],"replies":[{"embeddable":true,"href":"https:\/\/chilimag.hu\/webshop\/wp-json\/wp\/v2\/comments?post=21042"}],"wp:featuredmedia":[{"embeddable":true,"href":"https:\/\/chilimag.hu\/webshop\/wp-json\/wp\/v2\/media\/21043"}],"wp:attachment":[{"href":"https:\/\/chilimag.hu\/webshop\/wp-json\/wp\/v2\/media?parent=21042"}],"wp:term":[{"taxonomy":"product_brand","embeddable":true,"href":"https:\/\/chilimag.hu\/webshop\/wp-json\/wp\/v2\/product_brand?post=21042"},{"taxonomy":"product_cat","embeddable":true,"href":"https:\/\/chilimag.hu\/webshop\/wp-json\/wp\/v2\/product_cat?post=21042"},{"taxonomy":"product_tag","embeddable":true,"href":"https:\/\/chilimag.hu\/webshop\/wp-json\/wp\/v2\/product_tag?post=21042"}],"curies":[{"name":"wp","href":"https:\/\/api.w.org\/{rel}","templated":true}]}}