{"id":21026,"date":"2023-02-11T20:02:48","date_gmt":"2023-02-11T20:02:48","guid":{"rendered":"https:\/\/chilimag.hu\/webshop\/?post_type=product&#038;p=21026"},"modified":"2026-03-31T12:29:13","modified_gmt":"2026-03-31T12:29:13","slug":"szamoca-alpine-attila-sl-eln","status":"publish","type":"product","link":"https:\/\/chilimag.hu\/webshop\/termek\/szamoca-alpine-attila-sl-eln\/","title":{"rendered":"Szamoca  Attila SL ELN"},"content":{"rendered":"","protected":false},"excerpt":{"rendered":"<p><img decoding=\"async\" class=\"active-logo\" src=\"https:\/\/b2b.seklos.lt\/themes\/warehouse\/img\/logo_en.png\" alt=\"Agrofirma S\u0117klos, UAB\" width=\"280\" height=\"95\" \/><\/p>\n<p>Term\u00e9keny k\u00fasz\u00f3 erdei szam\u00f3ca fajta, amely ak\u00e1r 1,5 m\u00e9teres hossz\u00fafut\u00f3t is ad. Magas hozam\u00fa fajta. A bogy\u00f3k illatosak \u00e9s \u00e9desek. A n\u00f6v\u00e9nyek dekorat\u00edvak. F\u00fcggesztett cser\u00e9pben, t\u00e1lc\u00e1ban termeszthet\u0151, cser\u00e9pben kompoz\u00edci\u00f3k k\u00e9sz\u00edt\u00e9s\u00e9re haszn\u00e1lhat\u00f3. J\u00faniust\u00f3l \u0151szig hoz term\u00e9st. K\u00f6zepesen neh\u00e9z talajban fejl\u0151dik a legjobban, j\u00f3l b\u00edrja az \u00e1rny\u00e9kot. A b\u0151s\u00e9ges betakar\u00edt\u00e1s \u00e9rdek\u00e9ben nagyon fontos a megfelel\u0151 nedvess\u00e9g- \u00e9s t\u00e1panyagszint biztos\u00edt\u00e1sa. A magvak 3-4 h\u00e9ten bel\u00fcl kics\u00edr\u00e1znak, az \u00e1lland\u00f3 term\u0151helyre ki\u00fcltetett pal\u00e1nt\u00e1k 3 h\u00f3nap m\u00falva kezdenek term\u00e9st hozni.<br \/>\nK\u00e9s\u0151 \u0151sszel a n\u00f6v\u00e9nyekkel ell\u00e1tott cserepeket z\u00e1rt t\u00e9rben kell tartani, ahol a h\u0151m\u00e9rs\u00e9klet nem alacsonyabb, mint +3 \u00b0C, ritka \u00f6nt\u00f6z\u00e9s javasolt.<br \/>\n0,1 g-ban kb. 300 mag. Ez a mennyis\u00e9g 70-100 j\u00f3 min\u0151s\u00e9g\u0171 pal\u00e1nta kinevel\u00e9s\u00e9re lesz elegend\u0151.<\/p>\n<p>Sz\u00fcret VI-IX<br \/>\nNapos hely Igen<br \/>\nF\u00e9l\u00e1rny\u00e9k Igen<br \/>\n\u00c9vel\u0151 Igen<br \/>\nVet\u00e9sid\u0151 a talajban IV-VIII<br \/>\nVet\u00e9sid\u0151 \u00fcvegh\u00e1zban II-III<br \/>\nGy\u00e1rt\u00f3: Lucia Elite<br \/>\nKiszerel\u00e9s 0,1 g<br \/>\nT\u00e1vols\u00e1gok, cm 40&#215;25 cm<\/p>\n","protected":false},"featured_media":21027,"comment_status":"closed","ping_status":"closed","template":"","meta":[],"product_brand":[],"product_cat":[368],"product_tag":[],"class_list":{"0":"post-21026","1":"product","2":"type-product","3":"status-publish","4":"has-post-thumbnail","6":"product_cat-zoldseg-vetomagok","8":"first","9":"instock","10":"taxable","11":"shipping-taxable","12":"purchasable","13":"product-type-simple"},"_links":{"self":[{"href":"https:\/\/chilimag.hu\/webshop\/wp-json\/wp\/v2\/product\/21026","targetHints":{"allow":["GET"]}}],"collection":[{"href":"https:\/\/chilimag.hu\/webshop\/wp-json\/wp\/v2\/product"}],"about":[{"href":"https:\/\/chilimag.hu\/webshop\/wp-json\/wp\/v2\/types\/product"}],"replies":[{"embeddable":true,"href":"https:\/\/chilimag.hu\/webshop\/wp-json\/wp\/v2\/comments?post=21026"}],"wp:featuredmedia":[{"embeddable":true,"href":"https:\/\/chilimag.hu\/webshop\/wp-json\/wp\/v2\/media\/21027"}],"wp:attachment":[{"href":"https:\/\/chilimag.hu\/webshop\/wp-json\/wp\/v2\/media?parent=21026"}],"wp:term":[{"taxonomy":"product_brand","embeddable":true,"href":"https:\/\/chilimag.hu\/webshop\/wp-json\/wp\/v2\/product_brand?post=21026"},{"taxonomy":"product_cat","embeddable":true,"href":"https:\/\/chilimag.hu\/webshop\/wp-json\/wp\/v2\/product_cat?post=21026"},{"taxonomy":"product_tag","embeddable":true,"href":"https:\/\/chilimag.hu\/webshop\/wp-json\/wp\/v2\/product_tag?post=21026"}],"curies":[{"name":"wp","href":"https:\/\/api.w.org\/{rel}","templated":true}]}}