{"id":21018,"date":"2023-02-11T19:52:18","date_gmt":"2023-02-11T19:52:18","guid":{"rendered":"https:\/\/chilimag.hu\/webshop\/?post_type=product&#038;p=21018"},"modified":"2026-02-06T19:35:00","modified_gmt":"2026-02-06T19:35:00","slug":"salata-lollo-rossa-sl-ow","status":"publish","type":"product","link":"https:\/\/chilimag.hu\/webshop\/termek\/salata-lollo-rossa-sl-ow\/","title":{"rendered":"Sal\u00e1ta Lollo Rossa SL OW"},"content":{"rendered":"","protected":false},"excerpt":{"rendered":"<p><img decoding=\"async\" class=\"active-logo\" src=\"https:\/\/b2b.seklos.lt\/themes\/warehouse\/img\/logo_en.png\" alt=\"Agrofirma S\u0117klos, UAB\" width=\"280\" height=\"95\" \/><\/p>\n<p>K\u00f6z\u00e9pkorai leveles sal\u00e1tafajta. A cs\u00edr\u00e1z\u00e1s ut\u00e1n 45-50 nappal betakar\u00edtj\u00e1k. Kompakt, levelei g\u00f6nd\u00f6r, z\u00f6ldek, sz\u00e9l\u00fck v\u00f6r\u00f6ses. V\u00e1g\u00e1s ut\u00e1n gyorsan visszan\u0151. \u00dcvegh\u00e1zban \u00e9s szabadf\u00f6ld\u00f6n is vethet\u0151.<\/p>\n<p>S\u00faly 1 g<br \/>\nMagok sz\u00e1ma grammonk\u00e9nt 1000<br \/>\nSz\u00fcret IV\u2013IX<br \/>\nTerm\u0151f\u00f6ld<br \/>\nVet\u00e9sid\u0151 a talajban V\u2013VIII, X, 0,5 \u0441m<br \/>\nVet\u00e9sid\u0151 \u00fcvegh\u00e1zban III-IV, 0,5 cm<br \/>\nGy\u00e1rt\u00f3 Organic Way<br \/>\nT\u00e1vols\u00e1gok, cm 20 x 10 cm<\/p>\n","protected":false},"featured_media":21019,"comment_status":"closed","ping_status":"closed","template":"","meta":[],"product_brand":[],"product_cat":[354],"product_tag":[],"class_list":{"0":"post-21018","1":"product","2":"type-product","3":"status-publish","4":"has-post-thumbnail","6":"product_cat-organic-way","8":"first","9":"instock","10":"taxable","11":"shipping-taxable","12":"purchasable","13":"product-type-simple"},"_links":{"self":[{"href":"https:\/\/chilimag.hu\/webshop\/wp-json\/wp\/v2\/product\/21018","targetHints":{"allow":["GET"]}}],"collection":[{"href":"https:\/\/chilimag.hu\/webshop\/wp-json\/wp\/v2\/product"}],"about":[{"href":"https:\/\/chilimag.hu\/webshop\/wp-json\/wp\/v2\/types\/product"}],"replies":[{"embeddable":true,"href":"https:\/\/chilimag.hu\/webshop\/wp-json\/wp\/v2\/comments?post=21018"}],"wp:featuredmedia":[{"embeddable":true,"href":"https:\/\/chilimag.hu\/webshop\/wp-json\/wp\/v2\/media\/21019"}],"wp:attachment":[{"href":"https:\/\/chilimag.hu\/webshop\/wp-json\/wp\/v2\/media?parent=21018"}],"wp:term":[{"taxonomy":"product_brand","embeddable":true,"href":"https:\/\/chilimag.hu\/webshop\/wp-json\/wp\/v2\/product_brand?post=21018"},{"taxonomy":"product_cat","embeddable":true,"href":"https:\/\/chilimag.hu\/webshop\/wp-json\/wp\/v2\/product_cat?post=21018"},{"taxonomy":"product_tag","embeddable":true,"href":"https:\/\/chilimag.hu\/webshop\/wp-json\/wp\/v2\/product_tag?post=21018"}],"curies":[{"name":"wp","href":"https:\/\/api.w.org\/{rel}","templated":true}]}}