{"id":21016,"date":"2023-02-11T19:49:55","date_gmt":"2023-02-11T19:49:55","guid":{"rendered":"https:\/\/chilimag.hu\/webshop\/?post_type=product&#038;p=21016"},"modified":"2026-01-10T18:13:37","modified_gmt":"2026-01-10T18:13:37","slug":"salata-black-seeded-simpson-sl-ow","status":"publish","type":"product","link":"https:\/\/chilimag.hu\/webshop\/termek\/salata-black-seeded-simpson-sl-ow\/","title":{"rendered":"Sal\u00e1ta Black Seeded Simpson SL OW"},"content":{"rendered":"","protected":false},"excerpt":{"rendered":"<p><img decoding=\"async\" class=\"active-logo\" src=\"https:\/\/b2b.seklos.lt\/themes\/warehouse\/img\/logo_en.png\" alt=\"Agrofirma S\u0117klos, UAB\" width=\"280\" height=\"95\" \/><\/p>\n<p>Korai, betegs\u00e9gekkel szemben ellen\u00e1ll\u00f3, term\u00e9keny level\u0171 sal\u00e1tafajta. 53-60 napon bel\u00fcl n\u0151. A n\u00f6v\u00e9ny nagy, g\u00f6nd\u00f6r, halv\u00e1nyz\u00f6ld, l\u00e9d\u00fas, nem keser\u0171 levelekkel rendelkezik, s\u00falya k\u00f6r\u00fclbel\u00fcl 250-400 g. \u00dcvegh\u00e1zakban \u00e9s szabadf\u00f6ld\u00f6n termeszthet\u0151.<\/p>\n<p>S\u00faly 1 g<br \/>\nMagok sz\u00e1ma grammonk\u00e9nt 1000<br \/>\nSz\u00fcret IV\u2013IX<br \/>\nTerm\u0151f\u00f6ld<br \/>\nVet\u00e9sid\u0151 a talajban V\u2013VIII, X, 0,5 \u0441m<br \/>\nVet\u00e9sid\u0151 \u00fcvegh\u00e1zban III-IV, 0,5 cm<br \/>\nGy\u00e1rt\u00f3 Organic Way<br \/>\nT\u00e1vols\u00e1gok, cm 20 x 10 cm<\/p>\n","protected":false},"featured_media":21017,"comment_status":"closed","ping_status":"closed","template":"","meta":[],"product_brand":[],"product_cat":[354],"product_tag":[],"class_list":{"0":"post-21016","1":"product","2":"type-product","3":"status-publish","4":"has-post-thumbnail","6":"product_cat-organic-way","8":"first","9":"instock","10":"taxable","11":"shipping-taxable","12":"purchasable","13":"product-type-simple"},"_links":{"self":[{"href":"https:\/\/chilimag.hu\/webshop\/wp-json\/wp\/v2\/product\/21016","targetHints":{"allow":["GET"]}}],"collection":[{"href":"https:\/\/chilimag.hu\/webshop\/wp-json\/wp\/v2\/product"}],"about":[{"href":"https:\/\/chilimag.hu\/webshop\/wp-json\/wp\/v2\/types\/product"}],"replies":[{"embeddable":true,"href":"https:\/\/chilimag.hu\/webshop\/wp-json\/wp\/v2\/comments?post=21016"}],"wp:featuredmedia":[{"embeddable":true,"href":"https:\/\/chilimag.hu\/webshop\/wp-json\/wp\/v2\/media\/21017"}],"wp:attachment":[{"href":"https:\/\/chilimag.hu\/webshop\/wp-json\/wp\/v2\/media?parent=21016"}],"wp:term":[{"taxonomy":"product_brand","embeddable":true,"href":"https:\/\/chilimag.hu\/webshop\/wp-json\/wp\/v2\/product_brand?post=21016"},{"taxonomy":"product_cat","embeddable":true,"href":"https:\/\/chilimag.hu\/webshop\/wp-json\/wp\/v2\/product_cat?post=21016"},{"taxonomy":"product_tag","embeddable":true,"href":"https:\/\/chilimag.hu\/webshop\/wp-json\/wp\/v2\/product_tag?post=21016"}],"curies":[{"name":"wp","href":"https:\/\/api.w.org\/{rel}","templated":true}]}}