{"id":21004,"date":"2023-02-11T19:28:14","date_gmt":"2023-02-11T19:28:14","guid":{"rendered":"https:\/\/chilimag.hu\/webshop\/?post_type=product&#038;p=21004"},"modified":"2026-03-02T10:02:50","modified_gmt":"2026-03-02T10:02:50","slug":"paprika-csipos-westlandse-lange-rode","status":"publish","type":"product","link":"https:\/\/chilimag.hu\/webshop\/termek\/paprika-csipos-westlandse-lange-rode\/","title":{"rendered":"Paprika  Csip\u0151s Westlandse Lange rode OW SL"},"content":{"rendered":"","protected":false},"excerpt":{"rendered":"<p><img decoding=\"async\" class=\"logo\" src=\"https:\/\/b2b.seklos.lt\/themes\/warehouse\/img\/logo_en.png\" alt=\"Agrofirma S\u0117klos, UAB\" \/><\/p>\n<p>Korai f\u0171szeres fajta, gy\u00fcm\u00f6lcsei z\u00f6ldek \u00e9s pirosak, \u00edz\u00fcket tekintve intenz\u00edvek. Nyers fogyaszt\u00e1sra, bef\u0151z\u00e9sre alkalmas, a gy\u00fcm\u00f6lcs\u00f6k sz\u00e1r\u00edthat\u00f3k. \u00dcvegh\u00e1zban, t\u00e9likertben termesztik meleg ny\u00e1ron, szabadf\u00f6ld\u00f6n termesztve j\u00f3 term\u00e9st hoz.<\/p>\n<p>S\u00falya 0,2g<br \/>\nMagok sz\u00e1ma grammonk\u00e9nt 140<br \/>\nSz\u00fcret VII-VIII<br \/>\nTerm\u0151f\u00f6ld<br \/>\nVet\u00e9sid\u0151 \u00fcvegh\u00e1zban III-IV, 1 cm<br \/>\nGy\u00e1rt\u00f3 Organic Way<br \/>\nT\u00e1vols\u00e1gok, cm V\u2013VI, 40 x 40 cm<\/p>\n","protected":false},"featured_media":21005,"comment_status":"closed","ping_status":"closed","template":"","meta":[],"product_brand":[],"product_cat":[354],"product_tag":[],"class_list":{"0":"post-21004","1":"product","2":"type-product","3":"status-publish","4":"has-post-thumbnail","6":"product_cat-organic-way","8":"first","9":"outofstock","10":"taxable","11":"shipping-taxable","12":"purchasable","13":"product-type-simple"},"_links":{"self":[{"href":"https:\/\/chilimag.hu\/webshop\/wp-json\/wp\/v2\/product\/21004","targetHints":{"allow":["GET"]}}],"collection":[{"href":"https:\/\/chilimag.hu\/webshop\/wp-json\/wp\/v2\/product"}],"about":[{"href":"https:\/\/chilimag.hu\/webshop\/wp-json\/wp\/v2\/types\/product"}],"replies":[{"embeddable":true,"href":"https:\/\/chilimag.hu\/webshop\/wp-json\/wp\/v2\/comments?post=21004"}],"wp:featuredmedia":[{"embeddable":true,"href":"https:\/\/chilimag.hu\/webshop\/wp-json\/wp\/v2\/media\/21005"}],"wp:attachment":[{"href":"https:\/\/chilimag.hu\/webshop\/wp-json\/wp\/v2\/media?parent=21004"}],"wp:term":[{"taxonomy":"product_brand","embeddable":true,"href":"https:\/\/chilimag.hu\/webshop\/wp-json\/wp\/v2\/product_brand?post=21004"},{"taxonomy":"product_cat","embeddable":true,"href":"https:\/\/chilimag.hu\/webshop\/wp-json\/wp\/v2\/product_cat?post=21004"},{"taxonomy":"product_tag","embeddable":true,"href":"https:\/\/chilimag.hu\/webshop\/wp-json\/wp\/v2\/product_tag?post=21004"}],"curies":[{"name":"wp","href":"https:\/\/api.w.org\/{rel}","templated":true}]}}