{"id":21000,"date":"2023-02-11T19:10:22","date_gmt":"2023-02-11T19:10:22","guid":{"rendered":"https:\/\/chilimag.hu\/webshop\/?post_type=product&#038;p=21000"},"modified":"2026-03-03T11:26:52","modified_gmt":"2026-03-03T11:26:52","slug":"citromfu-sl-ow","status":"publish","type":"product","link":"https:\/\/chilimag.hu\/webshop\/termek\/citromfu-sl-ow\/","title":{"rendered":"Citromf\u0171 Lemon Balm SL OW"},"content":{"rendered":"","protected":false},"excerpt":{"rendered":"<div class=\"page\" title=\"Page 35\">\n<div class=\"layoutArea\">\n<div class=\"column\">\n<p><span style=\"font-family: Courier 10 Pitch, Courier, monospace;\"><span style=\"white-space: pre;\"><img decoding=\"async\" class=\"active-logo\" src=\"https:\/\/b2b.seklos.lt\/themes\/warehouse\/img\/logo_en.png\" alt=\"Agrofirma S\u0117klos, UAB\" width=\"280\" height=\"95\" \/><\/span><\/span><\/p>\n<\/div>\n<\/div>\n<\/div>\n<p>\u00c9vel\u0151 gy\u00f3gyn\u00f6v\u00e9nyes nektarifer\u00e1l\u00f3 n\u00f6v\u00e9nyek. A levelek \u00e9s vir\u00e1gok kellemes, friss citromra eml\u00e9keztet\u0151 arom\u00e1t \u00e1rasztanak. \u00c9tkez\u00e9si f\u0171szerk\u00e9nt citrom helyett sz\u00e1r\u00edtott \u00e9s friss f\u0171szern\u00f6v\u00e9nyeket haszn\u00e1lnak.<\/p>\n<p>S\u00falya 0,4g<br \/>\nMagok sz\u00e1ma grammonk\u00e9nt 1600<br \/>\nSz\u00fcret VI\u2013IX<br \/>\nTerm\u0151f\u00f6ld<br \/>\nVet\u00e9sid\u0151 a talajban V, 1 cm<br \/>\nVet\u00e9sid\u0151 \u00fcvegh\u00e1zban III &#8211; IV, 1 cm<br \/>\nGy\u00e1rt\u00f3 Organic Way<br \/>\nT\u00e1vols\u00e1gok, cm V, 40 x 30 cm<\/p>\n","protected":false},"featured_media":21001,"comment_status":"closed","ping_status":"closed","template":"","meta":[],"product_brand":[],"product_cat":[354],"product_tag":[],"class_list":{"0":"post-21000","1":"product","2":"type-product","3":"status-publish","4":"has-post-thumbnail","6":"product_cat-organic-way","8":"first","9":"instock","10":"taxable","11":"shipping-taxable","12":"purchasable","13":"product-type-simple"},"_links":{"self":[{"href":"https:\/\/chilimag.hu\/webshop\/wp-json\/wp\/v2\/product\/21000","targetHints":{"allow":["GET"]}}],"collection":[{"href":"https:\/\/chilimag.hu\/webshop\/wp-json\/wp\/v2\/product"}],"about":[{"href":"https:\/\/chilimag.hu\/webshop\/wp-json\/wp\/v2\/types\/product"}],"replies":[{"embeddable":true,"href":"https:\/\/chilimag.hu\/webshop\/wp-json\/wp\/v2\/comments?post=21000"}],"wp:featuredmedia":[{"embeddable":true,"href":"https:\/\/chilimag.hu\/webshop\/wp-json\/wp\/v2\/media\/21001"}],"wp:attachment":[{"href":"https:\/\/chilimag.hu\/webshop\/wp-json\/wp\/v2\/media?parent=21000"}],"wp:term":[{"taxonomy":"product_brand","embeddable":true,"href":"https:\/\/chilimag.hu\/webshop\/wp-json\/wp\/v2\/product_brand?post=21000"},{"taxonomy":"product_cat","embeddable":true,"href":"https:\/\/chilimag.hu\/webshop\/wp-json\/wp\/v2\/product_cat?post=21000"},{"taxonomy":"product_tag","embeddable":true,"href":"https:\/\/chilimag.hu\/webshop\/wp-json\/wp\/v2\/product_tag?post=21000"}],"curies":[{"name":"wp","href":"https:\/\/api.w.org\/{rel}","templated":true}]}}