{"id":20998,"date":"2023-02-11T19:06:58","date_gmt":"2023-02-11T19:06:58","guid":{"rendered":"https:\/\/chilimag.hu\/webshop\/?post_type=product&#038;p=20998"},"modified":"2024-01-15T05:44:06","modified_gmt":"2024-01-15T05:44:06","slug":"sutotok-quintale-sem-giallo-sl-ow","status":"publish","type":"product","link":"https:\/\/chilimag.hu\/webshop\/termek\/sutotok-quintale-sem-giallo-sl-ow\/","title":{"rendered":"S\u00fct\u0151t\u00f6k Quintale Sem Giallo SL OW"},"content":{"rendered":"","protected":false},"excerpt":{"rendered":"<p>K\u00e9s\u0151i fajta. Gy\u00fcm\u00f6lcsei nagyok, 10-12 kg t\u00f6meg\u0171ek. A h\u00fas narancss\u00e1rga \u00e9s \u00e9des. A kor\u00e1bbi betakar\u00edt\u00e1shoz a magokat cs\u00e9sz\u00e9ben kell cs\u00edr\u00e1ztatni. A s\u00fct\u0151t\u00f6k nyersen fogyaszthat\u00f3, lehet p\u00e1rolni, f\u0151zni, s\u00fctni.<\/p>\n<p>S\u00faly 2 g<br \/>\nMagok sz\u00e1ma grammonk\u00e9nt 5<br \/>\nSz\u00fcret VII\u2013VIII<br \/>\nTerm\u0151f\u00f6ld<br \/>\nVet\u00e9sid\u0151 a talajban V-VI, 4 cm<br \/>\nVet\u00e9sid\u0151 \u00fcvegh\u00e1zban IV, 4 cm<br \/>\nGy\u00e1rt\u00f3 Organic Way<br \/>\nT\u00e1vols\u00e1gok, cm VI, 70 x 60\u201370 cm<\/p>\n","protected":false},"featured_media":20999,"comment_status":"closed","ping_status":"closed","template":"","meta":[],"product_brand":[],"product_cat":[347],"product_tag":[],"class_list":{"0":"post-20998","1":"product","2":"type-product","3":"status-publish","4":"has-post-thumbnail","6":"product_cat-347","8":"first","9":"instock","10":"taxable","11":"shipping-taxable","12":"purchasable","13":"product-type-simple"},"_links":{"self":[{"href":"https:\/\/chilimag.hu\/webshop\/wp-json\/wp\/v2\/product\/20998","targetHints":{"allow":["GET"]}}],"collection":[{"href":"https:\/\/chilimag.hu\/webshop\/wp-json\/wp\/v2\/product"}],"about":[{"href":"https:\/\/chilimag.hu\/webshop\/wp-json\/wp\/v2\/types\/product"}],"replies":[{"embeddable":true,"href":"https:\/\/chilimag.hu\/webshop\/wp-json\/wp\/v2\/comments?post=20998"}],"wp:featuredmedia":[{"embeddable":true,"href":"https:\/\/chilimag.hu\/webshop\/wp-json\/wp\/v2\/media\/20999"}],"wp:attachment":[{"href":"https:\/\/chilimag.hu\/webshop\/wp-json\/wp\/v2\/media?parent=20998"}],"wp:term":[{"taxonomy":"product_brand","embeddable":true,"href":"https:\/\/chilimag.hu\/webshop\/wp-json\/wp\/v2\/product_brand?post=20998"},{"taxonomy":"product_cat","embeddable":true,"href":"https:\/\/chilimag.hu\/webshop\/wp-json\/wp\/v2\/product_cat?post=20998"},{"taxonomy":"product_tag","embeddable":true,"href":"https:\/\/chilimag.hu\/webshop\/wp-json\/wp\/v2\/product_tag?post=20998"}],"curies":[{"name":"wp","href":"https:\/\/api.w.org\/{rel}","templated":true}]}}