{"id":20994,"date":"2023-02-11T19:02:15","date_gmt":"2023-02-11T19:02:15","guid":{"rendered":"https:\/\/chilimag.hu\/webshop\/?post_type=product&#038;p=20994"},"modified":"2026-02-15T09:50:16","modified_gmt":"2026-02-15T09:50:16","slug":"izsop-sl-ow","status":"publish","type":"product","link":"https:\/\/chilimag.hu\/webshop\/termek\/izsop-sl-ow\/","title":{"rendered":"Izs\u00f3p SL OW"},"content":{"rendered":"","protected":false},"excerpt":{"rendered":"<p><img decoding=\"async\" class=\"active-logo\" src=\"https:\/\/b2b.seklos.lt\/themes\/warehouse\/img\/logo_en.png\" alt=\"Agrofirma S\u0117klos, UAB\" width=\"280\" height=\"95\" \/><\/p>\n<p>Nekt\u00e1ros, dekorat\u00edv gy\u00f3gyn\u00f6v\u00e9nyek. F\u0171szerk\u00e9nt friss vagy sz\u00e1r\u00edtott leveleket, vir\u00e1gokat \u00e9s fiatal hajt\u00e1scs\u00facsokat haszn\u00e1lnak. Zs\u00e1lya \u00e9s menta illat. A n\u00f6v\u00e9nyeket dekorat\u00edv tulajdons\u00e1gaik miatt \u00e9rt\u00e9kelik, t\u00f6k\u00e9letesen n\u0151nek a r\u00f3zs\u00e1k k\u00f6zel\u00e9ben, alkalmasak lejt\u0151kre.<\/p>\n<p>S\u00falya 0,6g<br \/>\nMagok sz\u00e1ma grammonk\u00e9nt 900<br \/>\nVir\u00e1gz\u00e1si id\u0151, magass\u00e1g VI-VII, 30 &#8211; 60 cm<br \/>\nTerm\u0151f\u00f6ld<br \/>\nVet\u00e9sid\u0151 a talajban V, X 1 cm<br \/>\nVet\u00e9sid\u0151 \u00fcvegh\u00e1zban IV, 1 cm<br \/>\nGy\u00e1rt\u00f3 Organic Way<br \/>\nT\u00e1vols\u00e1gok, cm V, 70 x 20 cm<\/p>\n","protected":false},"featured_media":20995,"comment_status":"closed","ping_status":"closed","template":"","meta":[],"product_brand":[],"product_cat":[354],"product_tag":[],"class_list":{"0":"post-20994","1":"product","2":"type-product","3":"status-publish","4":"has-post-thumbnail","6":"product_cat-organic-way","8":"first","9":"instock","10":"taxable","11":"shipping-taxable","12":"purchasable","13":"product-type-simple"},"_links":{"self":[{"href":"https:\/\/chilimag.hu\/webshop\/wp-json\/wp\/v2\/product\/20994","targetHints":{"allow":["GET"]}}],"collection":[{"href":"https:\/\/chilimag.hu\/webshop\/wp-json\/wp\/v2\/product"}],"about":[{"href":"https:\/\/chilimag.hu\/webshop\/wp-json\/wp\/v2\/types\/product"}],"replies":[{"embeddable":true,"href":"https:\/\/chilimag.hu\/webshop\/wp-json\/wp\/v2\/comments?post=20994"}],"wp:featuredmedia":[{"embeddable":true,"href":"https:\/\/chilimag.hu\/webshop\/wp-json\/wp\/v2\/media\/20995"}],"wp:attachment":[{"href":"https:\/\/chilimag.hu\/webshop\/wp-json\/wp\/v2\/media?parent=20994"}],"wp:term":[{"taxonomy":"product_brand","embeddable":true,"href":"https:\/\/chilimag.hu\/webshop\/wp-json\/wp\/v2\/product_brand?post=20994"},{"taxonomy":"product_cat","embeddable":true,"href":"https:\/\/chilimag.hu\/webshop\/wp-json\/wp\/v2\/product_cat?post=20994"},{"taxonomy":"product_tag","embeddable":true,"href":"https:\/\/chilimag.hu\/webshop\/wp-json\/wp\/v2\/product_tag?post=20994"}],"curies":[{"name":"wp","href":"https:\/\/api.w.org\/{rel}","templated":true}]}}