{"id":20964,"date":"2023-02-11T10:20:05","date_gmt":"2023-02-11T10:20:05","guid":{"rendered":"https:\/\/chilimag.hu\/webshop\/?post_type=product&#038;p=20964"},"modified":"2026-03-09T08:19:58","modified_gmt":"2026-03-09T08:19:58","slug":"corsikai-menta","status":"publish","type":"product","link":"https:\/\/chilimag.hu\/webshop\/termek\/corsikai-menta\/","title":{"rendered":"Korsikai  menta  mini mint SL ELN"},"content":{"rendered":"","protected":false},"excerpt":{"rendered":"<p><img decoding=\"async\" class=\"active-logo\" src=\"https:\/\/b2b.seklos.lt\/themes\/warehouse\/img\/logo_en.png\" alt=\"Agrofirma S\u0117klos, UAB\" width=\"280\" height=\"95\" \/><\/p>\n<p>D\u00edszn\u00f6v\u00e9ny, amely kis z\u00f6ld leveleket hoz. Egyny\u00e1ri n\u00f6v\u00e9nyk\u00e9nt termesztik. Kellemes arom\u00e1t bocs\u00e1t ki z\u00faz\u00f3d\u00e1skor vagy r\u00e1l\u00e9p\u00e9skor. Nyom\u00f3n\u00f6v\u00e9nyk\u00e9nt termesztik gy\u00f3gyn\u00f6v\u00e9nyes kertekben, vir\u00e1g\u00e1gy\u00e1sokban, cserepekben, erk\u00e9lyt\u00e1lc\u00e1kban. T\u00f6k\u00e9letesen kieg\u00e9sz\u00edti a kompoz\u00edci\u00f3kat, \u00f6nmag\u00e1ban is kiv\u00e1l\u00f3 d\u00edszn\u00f6v\u00e9nyk\u00e9nt \u2013 az \u00e9rett n\u00f6v\u00e9nyek illatos z\u00f6ld sz\u0151nyeget alkotnak. A r\u00e9szleges \u00e1rny\u00e9kot kedveli, sz\u00e1razs\u00e1got is b\u00edr. A pal\u00e1nt\u00e1kat \u00e1lland\u00f3 termeszt\u0151helyre kell \u00fcltetni, magvet\u00e9s is lehets\u00e9ges. Nem szabad t\u00fal\u00f6nt\u00f6zni. V\u00edz- \u00e9s leveg\u0151\u00e1tereszt\u0151 talajt kell v\u00e1lasztani.<br \/>\nPellet\u00e1lt magok (k\u00f6nnyen elvethet\u0151) \u2013 szerves \u00e9s \u00e1sv\u00e1nyi m\u0171tr\u00e1gy\u00e1k megk\u00f6t\u0151 kever\u00e9k\u00e9vel bevonva. A cs\u00edr\u00e1z\u00e1shoz a talaj fel\u00fclet\u00e9nek nedvesnek kell lennie.<br \/>\n20 db pellet\u00e1lt mag 4 m2-es vir\u00e1g\u00e1gy\u00e1shoz vagy 6-8 f\u00fcgg\u0151 \u00fcltetv\u00e9nyhez (mindegyikben 2 db).<br \/>\nM \u00e1rcsoport<br \/>\n\u00dcltet\u00e9si t\u00e1vols\u00e1gok 30&#215;30 cm<br \/>\nSz\u00fcret V-IX<br \/>\nMagh\u00edrek 2020<br \/>\nVet\u00e9sid\u0151 a talajban IV-V<br \/>\nVet\u00e9sid\u0151 \u00fcvegh\u00e1zban I-III<br \/>\nGy\u00e1rt\u00f3: Lucia Elite<br \/>\nMagok sz\u00e1ma a csomagban, db. 20<br \/>\nS\u0117jos gylis, cm 1 cm<br \/>\nT\u00e1vols\u00e1gok, cm 30&#215;30 cm<\/p>\n","protected":false},"featured_media":20965,"comment_status":"closed","ping_status":"closed","template":"","meta":[],"product_brand":[],"product_cat":[369],"product_tag":[],"class_list":{"0":"post-20964","1":"product","2":"type-product","3":"status-publish","4":"has-post-thumbnail","6":"product_cat-virag-vetomagok-lucia-elite","8":"first","9":"instock","10":"taxable","11":"shipping-taxable","12":"purchasable","13":"product-type-simple"},"_links":{"self":[{"href":"https:\/\/chilimag.hu\/webshop\/wp-json\/wp\/v2\/product\/20964","targetHints":{"allow":["GET"]}}],"collection":[{"href":"https:\/\/chilimag.hu\/webshop\/wp-json\/wp\/v2\/product"}],"about":[{"href":"https:\/\/chilimag.hu\/webshop\/wp-json\/wp\/v2\/types\/product"}],"replies":[{"embeddable":true,"href":"https:\/\/chilimag.hu\/webshop\/wp-json\/wp\/v2\/comments?post=20964"}],"wp:featuredmedia":[{"embeddable":true,"href":"https:\/\/chilimag.hu\/webshop\/wp-json\/wp\/v2\/media\/20965"}],"wp:attachment":[{"href":"https:\/\/chilimag.hu\/webshop\/wp-json\/wp\/v2\/media?parent=20964"}],"wp:term":[{"taxonomy":"product_brand","embeddable":true,"href":"https:\/\/chilimag.hu\/webshop\/wp-json\/wp\/v2\/product_brand?post=20964"},{"taxonomy":"product_cat","embeddable":true,"href":"https:\/\/chilimag.hu\/webshop\/wp-json\/wp\/v2\/product_cat?post=20964"},{"taxonomy":"product_tag","embeddable":true,"href":"https:\/\/chilimag.hu\/webshop\/wp-json\/wp\/v2\/product_tag?post=20964"}],"curies":[{"name":"wp","href":"https:\/\/api.w.org\/{rel}","templated":true}]}}