{"id":20956,"date":"2023-02-11T10:06:24","date_gmt":"2023-02-11T10:06:24","guid":{"rendered":"https:\/\/chilimag.hu\/webshop\/?post_type=product&#038;p=20956"},"modified":"2026-05-10T20:46:19","modified_gmt":"2026-05-10T20:46:19","slug":"kleopatra-tuje-rose-queen-sl-agr","status":"publish","type":"product","link":"https:\/\/chilimag.hu\/webshop\/termek\/kleopatra-tuje-rose-queen-sl-agr\/","title":{"rendered":"Kleop\u00e1tra-t\u0171je Rose Queen SL AGR"},"content":{"rendered":"","protected":false},"excerpt":{"rendered":"<p><img decoding=\"async\" class=\"sFlh5c FyHeAf\" src=\"https:\/\/encrypted-tbn0.gstatic.com\/images?q=tbn:ANd9GcT4KHYQ31LCNk5Ao8a4ZmPBaVadscFkFGeWHg&amp;s\" alt=\"AGRONOM | Zaliastotele.lt\" width=\"150\" height=\"85\" data-ilt=\"1771269525375\" \/><\/p>\n<p>Egyny\u00e1ri vir\u00e1gok. Nagyon sz\u00e9p, legink\u00e1bb a vil\u00e1gos, eredeti f\u00fcrtjeik\u00e9rt kedvelt\u00e9k. A legjobban akkor n\u00e9z ki, ha csoportosan \u00fcltetj\u00fck, vagy kis n\u00f6v\u00e9nyek k\u00f6z\u00f6tt elszigetelten. Meleg, sz\u00e9lt\u0151l v\u00e9dett vir\u00e1g\u00e1gy\u00e1sokban termesztik.<\/p>\n<p>S\u00falya 0,4 g<br \/>\nMagok sz\u00e1ma grammonk\u00e9nt 450-480<br \/>\nVir\u00e1gz\u00e1si id\u0151, magass\u00e1g VI\u2013X, 90 cm<br \/>\nVet\u00e9sid\u0151 a talajban IV, 1 \u0441m<br \/>\nGy\u00e1rt\u00f3 Agronom<\/p>\n","protected":false},"featured_media":20957,"comment_status":"closed","ping_status":"closed","template":"","meta":[],"product_brand":[],"product_cat":[405],"product_tag":[],"class_list":{"0":"post-20956","1":"product","2":"type-product","3":"status-publish","4":"has-post-thumbnail","6":"product_cat-virag-vetomagok-agronom","8":"first","9":"instock","10":"taxable","11":"shipping-taxable","12":"purchasable","13":"product-type-simple"},"_links":{"self":[{"href":"https:\/\/chilimag.hu\/webshop\/wp-json\/wp\/v2\/product\/20956","targetHints":{"allow":["GET"]}}],"collection":[{"href":"https:\/\/chilimag.hu\/webshop\/wp-json\/wp\/v2\/product"}],"about":[{"href":"https:\/\/chilimag.hu\/webshop\/wp-json\/wp\/v2\/types\/product"}],"replies":[{"embeddable":true,"href":"https:\/\/chilimag.hu\/webshop\/wp-json\/wp\/v2\/comments?post=20956"}],"wp:featuredmedia":[{"embeddable":true,"href":"https:\/\/chilimag.hu\/webshop\/wp-json\/wp\/v2\/media\/20957"}],"wp:attachment":[{"href":"https:\/\/chilimag.hu\/webshop\/wp-json\/wp\/v2\/media?parent=20956"}],"wp:term":[{"taxonomy":"product_brand","embeddable":true,"href":"https:\/\/chilimag.hu\/webshop\/wp-json\/wp\/v2\/product_brand?post=20956"},{"taxonomy":"product_cat","embeddable":true,"href":"https:\/\/chilimag.hu\/webshop\/wp-json\/wp\/v2\/product_cat?post=20956"},{"taxonomy":"product_tag","embeddable":true,"href":"https:\/\/chilimag.hu\/webshop\/wp-json\/wp\/v2\/product_tag?post=20956"}],"curies":[{"name":"wp","href":"https:\/\/api.w.org\/{rel}","templated":true}]}}