{"id":20947,"date":"2023-02-10T19:16:30","date_gmt":"2023-02-10T19:16:30","guid":{"rendered":"https:\/\/chilimag.hu\/webshop\/?post_type=product&#038;p=20947"},"modified":"2026-02-10T11:17:41","modified_gmt":"2026-02-10T11:17:41","slug":"vilag-mix-japanese-sl-eln","status":"publish","type":"product","link":"https:\/\/chilimag.hu\/webshop\/termek\/vilag-mix-japanese-sl-eln\/","title":{"rendered":"Vir\u00e1g mix Japanese SL ELN"},"content":{"rendered":"","protected":false},"excerpt":{"rendered":"<p><img decoding=\"async\" class=\"active-logo\" src=\"https:\/\/b2b.seklos.lt\/themes\/warehouse\/img\/logo_en.png\" alt=\"Agrofirma S\u0117klos, UAB\" width=\"280\" height=\"95\" \/><\/p>\n<p>Egyny\u00e1ri, k\u00f6nnyen termeszthet\u0151, sz\u00ednes vir\u00e1gok kever\u00e9ke vir\u00e1g\u00e1gy\u00e1sokba, cserepekbe \u00e9s vir\u00e1gos r\u00e9tekbe. A kever\u00e9kben tal\u00e1lhat\u00f3 vir\u00e1gfajt\u00e1k d\u00edsz\u00edt\u0151 megjelen\u00e9s\u00fckkel \u00e9s eg\u00e9sz ny\u00e1ron \u00e1t vir\u00e1gz\u00f3 megjelen\u00e9s\u00fckkel t\u0171nnek ki. Hagyja, hogy ezek a n\u00f6v\u00e9nyek befejezz\u00e9k a vir\u00e1gz\u00e1st, \u00e9s terjessze ki a magokat, hogy a k\u00f6vetkez\u0151 \u00e9vben el nem vetett \u00faj n\u00f6v\u00e9nyek cs\u00edr\u00e1zhassanak. A kever\u00e9kben l\u00e9v\u0151 vir\u00e1gfajt\u00e1k tarka csokrokhoz haszn\u00e1lhat\u00f3k. A kever\u00e9kben a vil\u00e1gos pasztell sz\u00edn\u0171 vir\u00e1gok domin\u00e1lnak, \u00e9s 20 f\u00e9le magot tartalmaz.<br \/>\nJavaslat: Ha ezt a kever\u00e9ket vadr\u00e9tre veti, v\u00e1gja le az ott term\u0151 n\u00f6v\u00e9nyeket, \u00e9s csak ezut\u00e1n vesse el a magokat.<br \/>\n1,0 g k\u00f6r\u00fclbel\u00fcl 600 magot tartalmaz.<br \/>\nA 20 m2-es ter\u00fcletet 8,0 g vet\u0151mag bor\u00edtja.<br \/>\nS\u00faly 8 g<br \/>\nVet\u00e9sid\u0151, m\u00e9lys\u00e9g 2 cm<br \/>\n\u00dcltet\u00e9si t\u00e1vols\u00e1gok 10 x 10 cm<br \/>\nVir\u00e1gz\u00e1si id\u0151, magass\u00e1g VI-IX<br \/>\nSz\u00fcret VI-IX<br \/>\nVet\u00e9sid\u0151 a talajban IV-VI<br \/>\nGy\u00e1rt\u00f3: Lucia Elite<br \/>\nVet\u00e9si m\u00e9lys\u00e9g 2 cm<br \/>\nVir\u00e1gzik, magass\u00e1ga VI-IX<br \/>\nS\u0117jos gylis, cm 2 cm<br \/>\nT\u00e1vols\u00e1gok, cm 10&#215;10 cm<\/p>\n","protected":false},"featured_media":20948,"comment_status":"closed","ping_status":"closed","template":"","meta":[],"product_brand":[],"product_cat":[369],"product_tag":[],"class_list":{"0":"post-20947","1":"product","2":"type-product","3":"status-publish","4":"has-post-thumbnail","6":"product_cat-virag-vetomagok-lucia-elite","8":"first","9":"instock","10":"taxable","11":"shipping-taxable","12":"purchasable","13":"product-type-simple"},"_links":{"self":[{"href":"https:\/\/chilimag.hu\/webshop\/wp-json\/wp\/v2\/product\/20947","targetHints":{"allow":["GET"]}}],"collection":[{"href":"https:\/\/chilimag.hu\/webshop\/wp-json\/wp\/v2\/product"}],"about":[{"href":"https:\/\/chilimag.hu\/webshop\/wp-json\/wp\/v2\/types\/product"}],"replies":[{"embeddable":true,"href":"https:\/\/chilimag.hu\/webshop\/wp-json\/wp\/v2\/comments?post=20947"}],"wp:featuredmedia":[{"embeddable":true,"href":"https:\/\/chilimag.hu\/webshop\/wp-json\/wp\/v2\/media\/20948"}],"wp:attachment":[{"href":"https:\/\/chilimag.hu\/webshop\/wp-json\/wp\/v2\/media?parent=20947"}],"wp:term":[{"taxonomy":"product_brand","embeddable":true,"href":"https:\/\/chilimag.hu\/webshop\/wp-json\/wp\/v2\/product_brand?post=20947"},{"taxonomy":"product_cat","embeddable":true,"href":"https:\/\/chilimag.hu\/webshop\/wp-json\/wp\/v2\/product_cat?post=20947"},{"taxonomy":"product_tag","embeddable":true,"href":"https:\/\/chilimag.hu\/webshop\/wp-json\/wp\/v2\/product_tag?post=20947"}],"curies":[{"name":"wp","href":"https:\/\/api.w.org\/{rel}","templated":true}]}}