{"id":20945,"date":"2023-02-10T19:13:43","date_gmt":"2023-02-10T19:13:43","guid":{"rendered":"https:\/\/chilimag.hu\/webshop\/?post_type=product&#038;p=20945"},"modified":"2026-02-10T11:17:41","modified_gmt":"2026-02-10T11:17:41","slug":"vilag-mix-csigak-elleni-vedelemre-sl-eln","status":"publish","type":"product","link":"https:\/\/chilimag.hu\/webshop\/termek\/vilag-mix-csigak-elleni-vedelemre-sl-eln\/","title":{"rendered":"Vir\u00e1g mix csig\u00e1k elleni v\u00e9delemre magszalagos SL ELN"},"content":{"rendered":"","protected":false},"excerpt":{"rendered":"<p><img decoding=\"async\" class=\"active-logo\" src=\"https:\/\/b2b.seklos.lt\/themes\/warehouse\/img\/logo_en.png\" alt=\"Agrofirma S\u0117klos, UAB\" width=\"280\" height=\"95\" \/><\/p>\n<p>Egyny\u00e1ri, k\u00f6nnyen termeszthet\u0151, sz\u00ednes vir\u00e1gkever\u00e9k \u2013 csig\u00e1k, elleni v\u00e9delemre. A kever\u00e9k olyan fajt\u00e1kat tartalmaz, amelyek elriasztj\u00e1k a \u00a0csig\u00e1kat. E k\u00e1rtev\u0151k \u00e1ltal gyakran l\u00e1togatott z\u00f6lds\u00e9gek k\u00f6z\u00f6tt termeszteni javasolt. A kever\u00e9k nem csak vir\u00e1g\u00e1gy\u00e1sokban, hanem a kertben is termeszthet\u0151 sal\u00e1t\u00e1val, k\u00e1poszt\u00e1val, spen\u00f3ttal egy\u00fctt.<br \/>\nA kevert sz\u00ednek k\u00f6z\u00e9 tartozik a feh\u00e9r, a s\u00e1rg\u00e1s-narancss\u00e1rga \u00e9s a k\u00e9k. A kever\u00e9kben l\u00e9v\u0151 vir\u00e1gfajt\u00e1k t\u00f6k\u00e9letesen illeszkednek egym\u00e1shoz, \u00e9s s\u0171r\u0171 vir\u00e1gsz\u0151nyeget alkotnak.<br \/>\nA magszalag el\u0151nyei: k\u00f6nnyen vethet\u0151, a magvak gyorsabban \u00e9s egyenletesebben cs\u00edr\u00e1znak, biztos\u00edtva a rendezett \u00e1gy\u00e1s megjelen\u00e9s\u00e9t.<br \/>\nEgy 4 m hossz\u00fa szalagon mintegy 230 kiv\u00e1l\u00f3 min\u0151s\u00e9g\u0171 vir\u00e1gpal\u00e1nta teremhet.<br \/>\nTartalma: GARDEN COSMOS (Cosmos bipinnatus), SNAPDRAGON (Anthirrhinum majus L.), BUKORZ\u00cdR (Centaurea cyanus), ZINNIA (Zinnia elegans).<br \/>\nSz\u00fcret V-IX<br \/>\nGy\u00e1rt\u00f3: Lucia Elite<br \/>\nVet\u0151szalag hossza 4 m<br \/>\nS\u0117jos gylis, cm 1 cm<br \/>\nT\u00e1vols\u00e1gok, cm<\/p>\n","protected":false},"featured_media":20946,"comment_status":"closed","ping_status":"closed","template":"","meta":[],"product_brand":[],"product_cat":[369],"product_tag":[],"class_list":{"0":"post-20945","1":"product","2":"type-product","3":"status-publish","4":"has-post-thumbnail","6":"product_cat-virag-vetomagok-lucia-elite","8":"first","9":"instock","10":"taxable","11":"shipping-taxable","12":"purchasable","13":"product-type-simple"},"_links":{"self":[{"href":"https:\/\/chilimag.hu\/webshop\/wp-json\/wp\/v2\/product\/20945","targetHints":{"allow":["GET"]}}],"collection":[{"href":"https:\/\/chilimag.hu\/webshop\/wp-json\/wp\/v2\/product"}],"about":[{"href":"https:\/\/chilimag.hu\/webshop\/wp-json\/wp\/v2\/types\/product"}],"replies":[{"embeddable":true,"href":"https:\/\/chilimag.hu\/webshop\/wp-json\/wp\/v2\/comments?post=20945"}],"wp:featuredmedia":[{"embeddable":true,"href":"https:\/\/chilimag.hu\/webshop\/wp-json\/wp\/v2\/media\/20946"}],"wp:attachment":[{"href":"https:\/\/chilimag.hu\/webshop\/wp-json\/wp\/v2\/media?parent=20945"}],"wp:term":[{"taxonomy":"product_brand","embeddable":true,"href":"https:\/\/chilimag.hu\/webshop\/wp-json\/wp\/v2\/product_brand?post=20945"},{"taxonomy":"product_cat","embeddable":true,"href":"https:\/\/chilimag.hu\/webshop\/wp-json\/wp\/v2\/product_cat?post=20945"},{"taxonomy":"product_tag","embeddable":true,"href":"https:\/\/chilimag.hu\/webshop\/wp-json\/wp\/v2\/product_tag?post=20945"}],"curies":[{"name":"wp","href":"https:\/\/api.w.org\/{rel}","templated":true}]}}