{"id":20933,"date":"2023-02-10T18:55:25","date_gmt":"2023-02-10T18:55:25","guid":{"rendered":"https:\/\/chilimag.hu\/webshop\/?post_type=product&#038;p=20933"},"modified":"2026-05-12T20:43:10","modified_gmt":"2026-05-12T20:43:10","slug":"budoske-red-brocate-sl-agr","status":"publish","type":"product","link":"https:\/\/chilimag.hu\/webshop\/termek\/budoske-red-brocate-sl-agr\/","title":{"rendered":"B\u00fcd\u00f6ske Red Brocate SL AGR"},"content":{"rendered":"","protected":false},"excerpt":{"rendered":"<p><img decoding=\"async\" class=\"active-logo\" src=\"https:\/\/b2b.seklos.lt\/themes\/warehouse\/img\/logo_en.png\" alt=\"Agrofirma S\u0117klos, UAB\" width=\"280\" height=\"95\" \/><\/p>\n<p>Egyny\u00e1ri vir\u00e1gok. A vir\u00e1gok \u00e1tm\u00e9r\u0151je 5-6 cm. Talajig\u00e9nytelen \u00e9s k\u00f6nnyen karbantarthat\u00f3. Alkalmas \u00fcltetv\u00e9nyekbe, vir\u00e1goskertekbe, temet\u0151kbe \u00e9s cserepekbe. Vir\u00e1gz\u00e1s ut\u00e1n elpuszt\u00edtjuk, hogy el\u0151seg\u00edts\u00fck \u00e9s meghosszabb\u00edtsuk a vir\u00e1gz\u00e1st.<\/p>\n<p>S\u00falya 0,4 g<br \/>\nMagok sz\u00e1ma grammonk\u00e9nt 300-320<br \/>\nVir\u00e1gz\u00e1si id\u0151, magass\u00e1g VII\u2013X, 20 cm<br \/>\nF\u00e9l\u00e1rny\u00e9k Igen<br \/>\nVet\u00e9sid\u0151 a talajban III\u2013IV, 1 cm<br \/>\nGy\u00e1rt\u00f3 Agronom<\/p>\n","protected":false},"featured_media":20934,"comment_status":"closed","ping_status":"closed","template":"","meta":[],"product_brand":[],"product_cat":[405],"product_tag":[],"class_list":{"0":"post-20933","1":"product","2":"type-product","3":"status-publish","4":"has-post-thumbnail","6":"product_cat-virag-vetomagok-agronom","8":"first","9":"instock","10":"taxable","11":"shipping-taxable","12":"purchasable","13":"product-type-simple"},"_links":{"self":[{"href":"https:\/\/chilimag.hu\/webshop\/wp-json\/wp\/v2\/product\/20933","targetHints":{"allow":["GET"]}}],"collection":[{"href":"https:\/\/chilimag.hu\/webshop\/wp-json\/wp\/v2\/product"}],"about":[{"href":"https:\/\/chilimag.hu\/webshop\/wp-json\/wp\/v2\/types\/product"}],"replies":[{"embeddable":true,"href":"https:\/\/chilimag.hu\/webshop\/wp-json\/wp\/v2\/comments?post=20933"}],"wp:featuredmedia":[{"embeddable":true,"href":"https:\/\/chilimag.hu\/webshop\/wp-json\/wp\/v2\/media\/20934"}],"wp:attachment":[{"href":"https:\/\/chilimag.hu\/webshop\/wp-json\/wp\/v2\/media?parent=20933"}],"wp:term":[{"taxonomy":"product_brand","embeddable":true,"href":"https:\/\/chilimag.hu\/webshop\/wp-json\/wp\/v2\/product_brand?post=20933"},{"taxonomy":"product_cat","embeddable":true,"href":"https:\/\/chilimag.hu\/webshop\/wp-json\/wp\/v2\/product_cat?post=20933"},{"taxonomy":"product_tag","embeddable":true,"href":"https:\/\/chilimag.hu\/webshop\/wp-json\/wp\/v2\/product_tag?post=20933"}],"curies":[{"name":"wp","href":"https:\/\/api.w.org\/{rel}","templated":true}]}}