{"id":20929,"date":"2023-02-10T18:50:02","date_gmt":"2023-02-10T18:50:02","guid":{"rendered":"https:\/\/chilimag.hu\/webshop\/?post_type=product&#038;p=20929"},"modified":"2026-03-19T04:38:30","modified_gmt":"2026-03-19T04:38:30","slug":"budoske-african-clinton-sl-agr","status":"publish","type":"product","link":"https:\/\/chilimag.hu\/webshop\/termek\/budoske-african-clinton-sl-agr\/","title":{"rendered":"B\u00fcd\u00f6ske Clinton  SL AGR"},"content":{"rendered":"","protected":false},"excerpt":{"rendered":"<p><img decoding=\"async\" class=\"active-logo\" src=\"https:\/\/b2b.seklos.lt\/themes\/warehouse\/img\/logo_en.png\" alt=\"Agrofirma S\u0117klos, UAB\" width=\"280\" height=\"95\" \/><\/p>\n<p>Egyny\u00e1ri vir\u00e1gok. A vir\u00e1gok \u00e1tm\u00e9r\u0151je 7-9 cm. Ig\u00e9nytelen a talajra. J\u00f3l n\u0151 \u00fcltetv\u00e9nyekben, vir\u00e1gos kertekben \u00e9s cser\u00e9pben. Fitoalexint tartalmaznak, \u00edgy a k\u00f6zelben l\u00e9v\u0151 m\u00e1s n\u00f6v\u00e9nyeket kev\u00e9sb\u00e9 t\u00e1madj\u00e1k meg a k\u00e1rtev\u0151k.<\/p>\n<p>S\u00faly 0,5 g<br \/>\nMagok sz\u00e1ma grammonk\u00e9nt 290-300<br \/>\nVir\u00e1gz\u00e1si id\u0151, magass\u00e1g VII\u2013X, 70 cm<br \/>\nF\u00e9l\u00e1rny\u00e9k Igen<br \/>\nVet\u00e9sid\u0151 a talajban III\u2013IV, 1 cm<br \/>\nGy\u00e1rt\u00f3 Agronom<\/p>\n","protected":false},"featured_media":20930,"comment_status":"closed","ping_status":"closed","template":"","meta":[],"product_brand":[],"product_cat":[405],"product_tag":[],"class_list":{"0":"post-20929","1":"product","2":"type-product","3":"status-publish","4":"has-post-thumbnail","6":"product_cat-virag-vetomagok-agronom","8":"first","9":"instock","10":"taxable","11":"shipping-taxable","12":"purchasable","13":"product-type-simple"},"_links":{"self":[{"href":"https:\/\/chilimag.hu\/webshop\/wp-json\/wp\/v2\/product\/20929","targetHints":{"allow":["GET"]}}],"collection":[{"href":"https:\/\/chilimag.hu\/webshop\/wp-json\/wp\/v2\/product"}],"about":[{"href":"https:\/\/chilimag.hu\/webshop\/wp-json\/wp\/v2\/types\/product"}],"replies":[{"embeddable":true,"href":"https:\/\/chilimag.hu\/webshop\/wp-json\/wp\/v2\/comments?post=20929"}],"wp:featuredmedia":[{"embeddable":true,"href":"https:\/\/chilimag.hu\/webshop\/wp-json\/wp\/v2\/media\/20930"}],"wp:attachment":[{"href":"https:\/\/chilimag.hu\/webshop\/wp-json\/wp\/v2\/media?parent=20929"}],"wp:term":[{"taxonomy":"product_brand","embeddable":true,"href":"https:\/\/chilimag.hu\/webshop\/wp-json\/wp\/v2\/product_brand?post=20929"},{"taxonomy":"product_cat","embeddable":true,"href":"https:\/\/chilimag.hu\/webshop\/wp-json\/wp\/v2\/product_cat?post=20929"},{"taxonomy":"product_tag","embeddable":true,"href":"https:\/\/chilimag.hu\/webshop\/wp-json\/wp\/v2\/product_tag?post=20929"}],"curies":[{"name":"wp","href":"https:\/\/api.w.org\/{rel}","templated":true}]}}