{"id":20927,"date":"2023-02-10T18:45:21","date_gmt":"2023-02-10T18:45:21","guid":{"rendered":"https:\/\/chilimag.hu\/webshop\/?post_type=product&#038;p=20927"},"modified":"2026-03-13T12:39:52","modified_gmt":"2026-03-13T12:39:52","slug":"budoske-french-strawberry-blonde-sl-eln","status":"publish","type":"product","link":"https:\/\/chilimag.hu\/webshop\/termek\/budoske-french-strawberry-blonde-sl-eln\/","title":{"rendered":"B\u00fcd\u00f6ske STRAWBERRY BLONDE  SL ELN"},"content":{"rendered":"","protected":false},"excerpt":{"rendered":"<p><img decoding=\"async\" class=\"active-logo\" src=\"https:\/\/b2b.seklos.lt\/themes\/warehouse\/img\/logo_en.png\" alt=\"Agrofirma S\u0117klos, UAB\" width=\"280\" height=\"95\" \/><\/p>\n<p>Egyny\u00e1ri, 20-25 cm magas vir\u00e1gok. Ez a fajta egyed\u00fcl\u00e1ll\u00f3, mivel egyetlen n\u00f6v\u00e9ny k\u00fcl\u00f6nb\u00f6z\u0151 sz\u00edn\u0171 vir\u00e1gokat hoz: v\u00f6r\u00f6ses, s\u00e1rga, m\u00e9lyv\u00f6r\u00f6s \u00e9s k\u00e1rmin. A sz\u00ednek gy\u00f6ny\u00f6r\u0171en kieg\u00e9sz\u00edtik egym\u00e1st. Dupla vir\u00e1gz\u00e1s. Legjobban napos helyeken \u00e9s \u00e1rny\u00e9kban n\u0151 \u00e9s vir\u00e1gzik. Deadheading aj\u00e1nlott, mivel a n\u00f6v\u00e9ny b\u0151s\u00e9ges vir\u00e1gz\u00e1st hoz. Egyny\u00e1ri \u00e9s \u00e9vel\u0151 vir\u00e1gokkal egy\u00fctt vir\u00e1goskertekben termeszthet\u0151, gyakran temet\u0151kbe, erk\u00e9lyekre \u00fcltetve. Az ill\u00f3olaj tartalm\u00fa \u00e9s er\u0151s specifikus szag miatt ezeket a vir\u00e1gokat vir\u00e1g-z\u00f6lds\u00e9g k\u00e1rtev\u0151irt\u00e1snak nevezik. A k\u00f6r\u00f6mvir\u00e1got a hagymavir\u00e1gok ut\u00e1n \u00e9s k\u00f6z\u00e9j\u00fck \u00fcltethetj\u00fck a talaj k\u00e1rtev\u0151inek \u00e9s betegs\u00e9geinek elpuszt\u00edt\u00e1s\u00e1ra.<br \/>\nS\u00faly 0,002 kg<br \/>\nSz\u00fcret VI-IX<br \/>\nVet\u00e9sid\u0151 a talajban V<br \/>\nVet\u00e9sid\u0151 \u00fcvegh\u00e1zban III-IV<br \/>\nGy\u00e1rt\u00f3: Lucia Elite<br \/>\nMagok sz\u00e1ma a csomagban, db. 30<br \/>\nS\u0117jos gylis, cm 1 cm<br \/>\nT\u00e1vols\u00e1gok, cm 25&#215;25 cm<\/p>\n","protected":false},"featured_media":20928,"comment_status":"closed","ping_status":"closed","template":"","meta":[],"product_brand":[],"product_cat":[369],"product_tag":[],"class_list":{"0":"post-20927","1":"product","2":"type-product","3":"status-publish","4":"has-post-thumbnail","6":"product_cat-virag-vetomagok-lucia-elite","8":"first","9":"instock","10":"taxable","11":"shipping-taxable","12":"purchasable","13":"product-type-simple"},"_links":{"self":[{"href":"https:\/\/chilimag.hu\/webshop\/wp-json\/wp\/v2\/product\/20927","targetHints":{"allow":["GET"]}}],"collection":[{"href":"https:\/\/chilimag.hu\/webshop\/wp-json\/wp\/v2\/product"}],"about":[{"href":"https:\/\/chilimag.hu\/webshop\/wp-json\/wp\/v2\/types\/product"}],"replies":[{"embeddable":true,"href":"https:\/\/chilimag.hu\/webshop\/wp-json\/wp\/v2\/comments?post=20927"}],"wp:featuredmedia":[{"embeddable":true,"href":"https:\/\/chilimag.hu\/webshop\/wp-json\/wp\/v2\/media\/20928"}],"wp:attachment":[{"href":"https:\/\/chilimag.hu\/webshop\/wp-json\/wp\/v2\/media?parent=20927"}],"wp:term":[{"taxonomy":"product_brand","embeddable":true,"href":"https:\/\/chilimag.hu\/webshop\/wp-json\/wp\/v2\/product_brand?post=20927"},{"taxonomy":"product_cat","embeddable":true,"href":"https:\/\/chilimag.hu\/webshop\/wp-json\/wp\/v2\/product_cat?post=20927"},{"taxonomy":"product_tag","embeddable":true,"href":"https:\/\/chilimag.hu\/webshop\/wp-json\/wp\/v2\/product_tag?post=20927"}],"curies":[{"name":"wp","href":"https:\/\/api.w.org\/{rel}","templated":true}]}}