{"id":20921,"date":"2023-02-10T18:35:55","date_gmt":"2023-02-10T18:35:55","guid":{"rendered":"https:\/\/chilimag.hu\/webshop\/?post_type=product&#038;p=20921"},"modified":"2026-02-17T08:44:56","modified_gmt":"2026-02-17T08:44:56","slug":"muskatli-f1-eva-sl-eln","status":"publish","type":"product","link":"https:\/\/chilimag.hu\/webshop\/termek\/muskatli-f1-eva-sl-eln\/","title":{"rendered":"Musk\u00e1tli Hibrid  Eva SL ELN"},"content":{"rendered":"","protected":false},"excerpt":{"rendered":"<p><img decoding=\"async\" class=\"logo\" src=\"https:\/\/b2b.seklos.lt\/themes\/warehouse\/img\/logo_en.png\" alt=\"Agrofirma S\u0117klos, UAB\" \/><\/p>\n<p>Egyny\u00e1ri, n\u00e9ha \u00e9vel\u0151 n\u00f6v\u00e9nyk\u00e9nt termesztik. Eg\u00e9sz ny\u00e1ron vir\u00e1gzik a szabadban \u00e9s eg\u00e9sz \u00e9vben bent. A vir\u00e1gok nagyok \u00e9s hat\u00e9konyak. Ezeket a vir\u00e1gokat a hossz\u00fa vir\u00e1gz\u00e1si id\u0151 \u00e9s a kedvez\u0151tlen n\u00f6veked\u00e9si k\u00f6r\u00fclm\u00e9nyek k\u00f6z\u00f6tti t\u00f6k\u00e9letes tolerancia miatt \u00e9rt\u00e9kelik. D\u00edsz\u00edt\u0151 m\u00e9g szeles vir\u00e1g\u00e1gy\u00e1sokban \u00e9s nedvess\u00e9g hi\u00e1ny\u00e1ban is. A vir\u00e1gz\u00e1s folytat\u00e1s\u00e1hoz vigye be a fagy el\u0151tt.<br \/>\nNe feledje, hogy t\u00e9len a musk\u00e1tliknak pihenni\u00fck kell: 12 fokon kell maradniuk, \u00e9s ritk\u00e1n kell \u00f6nt\u00f6zni. Febru\u00e1r v\u00e9g\u00e9n vigye belt\u00e9rre vagy ablakp\u00e1rk\u00e1nyra, v\u00e1gja le a r\u00e9gi vastag \u00e1gakat, hogy a fiatal \u00e1gak meger\u0151s\u00f6djenek. M\u00e1sf\u00e9l h\u00f3nap m\u00falva \u00fajra vir\u00e1gzik.<br \/>\n7 mag elegend\u0151 1 m\u00b2 vir\u00e1g\u00e1gy\u00e1s vagy 4 cser\u00e9p el\u00fcltet\u00e9s\u00e9hez.<br \/>\nO \u00e1rcsoport<br \/>\n\u00dcltet\u00e9si t\u00e1vols\u00e1gok 30 x 30 cm<br \/>\nVir\u00e1gz\u00e1si id\u0151, magass\u00e1g VII-XII<br \/>\nSz\u00fcret VII-XII<br \/>\n\u00c9vel\u0151 Igen<br \/>\nVet\u00e9sid\u0151 \u00fcvegh\u00e1zban II-III<br \/>\nGy\u00e1rt\u00f3: Lucia Elite<br \/>\nMagok sz\u00e1ma a csomagban, db. 7<br \/>\nS\u0117jos gylis, cm 1 cm<br \/>\nT\u00e1vols\u00e1gok, cm 30&#215;30 cm<\/p>\n","protected":false},"featured_media":20922,"comment_status":"closed","ping_status":"closed","template":"","meta":[],"product_brand":[],"product_cat":[369],"product_tag":[],"class_list":{"0":"post-20921","1":"product","2":"type-product","3":"status-publish","4":"has-post-thumbnail","6":"product_cat-virag-vetomagok-lucia-elite","8":"first","9":"instock","10":"taxable","11":"shipping-taxable","12":"purchasable","13":"product-type-simple"},"_links":{"self":[{"href":"https:\/\/chilimag.hu\/webshop\/wp-json\/wp\/v2\/product\/20921","targetHints":{"allow":["GET"]}}],"collection":[{"href":"https:\/\/chilimag.hu\/webshop\/wp-json\/wp\/v2\/product"}],"about":[{"href":"https:\/\/chilimag.hu\/webshop\/wp-json\/wp\/v2\/types\/product"}],"replies":[{"embeddable":true,"href":"https:\/\/chilimag.hu\/webshop\/wp-json\/wp\/v2\/comments?post=20921"}],"wp:featuredmedia":[{"embeddable":true,"href":"https:\/\/chilimag.hu\/webshop\/wp-json\/wp\/v2\/media\/20922"}],"wp:attachment":[{"href":"https:\/\/chilimag.hu\/webshop\/wp-json\/wp\/v2\/media?parent=20921"}],"wp:term":[{"taxonomy":"product_brand","embeddable":true,"href":"https:\/\/chilimag.hu\/webshop\/wp-json\/wp\/v2\/product_brand?post=20921"},{"taxonomy":"product_cat","embeddable":true,"href":"https:\/\/chilimag.hu\/webshop\/wp-json\/wp\/v2\/product_cat?post=20921"},{"taxonomy":"product_tag","embeddable":true,"href":"https:\/\/chilimag.hu\/webshop\/wp-json\/wp\/v2\/product_tag?post=20921"}],"curies":[{"name":"wp","href":"https:\/\/api.w.org\/{rel}","templated":true}]}}