{"id":20919,"date":"2023-02-10T18:33:08","date_gmt":"2023-02-10T18:33:08","guid":{"rendered":"https:\/\/chilimag.hu\/webshop\/?post_type=product&#038;p=20919"},"modified":"2026-03-31T17:02:27","modified_gmt":"2026-03-31T17:02:27","slug":"petunia-f1-purple-tie-dye-sl-eln","status":"publish","type":"product","link":"https:\/\/chilimag.hu\/webshop\/termek\/petunia-f1-purple-tie-dye-sl-eln\/","title":{"rendered":"Petunia Hibrid  Purple Tie Dye SL ELN"},"content":{"rendered":"","protected":false},"excerpt":{"rendered":"<p><img decoding=\"async\" class=\"active-logo\" src=\"https:\/\/b2b.seklos.lt\/themes\/warehouse\/img\/logo_en.png\" alt=\"Agrofirma S\u0117klos, UAB\" width=\"280\" height=\"95\" \/><\/p>\n<p>Egyny\u00e1ri, lefut\u00f3 \u00e9s b\u0151s\u00e9gesen ny\u00edl\u00f3 vir\u00e1gok. Ezt az \u00faj hibrid fajt\u00e1t f\u00fcgg\u0151cserepekhez tervezt\u00e9k. Az egyik legd\u00fasabban vir\u00e1gz\u00f3 pet\u00fania, egyedi sz\u00edn\u0171 vir\u00e1gokkal. A vir\u00e1gok \u00e1tm\u00e9r\u0151je 6-7 cm, sz\u00e1ruk 75-100 cm. A magvakat homog\u00e9n filc \u00e9s szerves m\u0171tr\u00e1gya kever\u00e9kben vonj\u00e1k be (k\u00f6nnyen elvehet\u0151). Cs\u00edr\u00e1z\u00e1skor a magokat ne takarjuk be szubsztr\u00e1tummal, csak enyh\u00e9n nyomjuk bele a talaj felsz\u00edn\u00e9be. A talaj felsz\u00edn\u00e9t folyamatosan nedvesen kell tartani, hogy cs\u00edr\u00e1zhasson. A magok 14-16 napon bel\u00fcl kikelnek +22-24 \u00baC-os h\u0151m\u00e9rs\u00e9kleten, alkalmank\u00e9nt v\u00edzzel meglocsolva. A magvak kihajt\u00e1sa ut\u00e1n emelj\u00fck ki az egyes n\u00f6v\u00e9nyeket, \u00e9s el\u0151sz\u00f6r egym\u00e1st\u00f3l 2 cm t\u00e1vols\u00e1gra \u00fcltess\u00fck \u00e1t, m\u00e1sodszor 5 cm t\u00e1vols\u00e1gra.<br \/>\n6 drazs\u00e9mag 4 m2 vir\u00e1g\u00e1gy\u00e1st vagy 4-5 f\u00fcgg\u0151 cserepet bebor\u00edt.<br \/>\nVet\u00e9sid\u0151, m\u00e9lys\u00e9g 0 cm<br \/>\n\u00dcltet\u00e9si t\u00e1vols\u00e1gok 60 x 60 cm<br \/>\nVir\u00e1gz\u00e1si id\u0151, magass\u00e1g VI-IX<br \/>\nSz\u00fcret VI-IX<br \/>\nVet\u00e9sid\u0151 \u00fcvegh\u00e1zban III-IV<br \/>\nGy\u00e1rt\u00f3: Lucia Elite<br \/>\nVet\u00e9si m\u00e9lys\u00e9g 0 cm<br \/>\nVir\u00e1gzik, magass\u00e1ga VI-IX<br \/>\nS\u0117jos gylis, cm 0 cm<br \/>\nT\u00e1vols\u00e1gok, cm 60&#215;60 cm<\/p>\n","protected":false},"featured_media":20920,"comment_status":"closed","ping_status":"closed","template":"","meta":[],"product_brand":[],"product_cat":[369],"product_tag":[],"class_list":{"0":"post-20919","1":"product","2":"type-product","3":"status-publish","4":"has-post-thumbnail","6":"product_cat-virag-vetomagok-lucia-elite","8":"first","9":"instock","10":"taxable","11":"shipping-taxable","12":"purchasable","13":"product-type-simple"},"_links":{"self":[{"href":"https:\/\/chilimag.hu\/webshop\/wp-json\/wp\/v2\/product\/20919","targetHints":{"allow":["GET"]}}],"collection":[{"href":"https:\/\/chilimag.hu\/webshop\/wp-json\/wp\/v2\/product"}],"about":[{"href":"https:\/\/chilimag.hu\/webshop\/wp-json\/wp\/v2\/types\/product"}],"replies":[{"embeddable":true,"href":"https:\/\/chilimag.hu\/webshop\/wp-json\/wp\/v2\/comments?post=20919"}],"wp:featuredmedia":[{"embeddable":true,"href":"https:\/\/chilimag.hu\/webshop\/wp-json\/wp\/v2\/media\/20920"}],"wp:attachment":[{"href":"https:\/\/chilimag.hu\/webshop\/wp-json\/wp\/v2\/media?parent=20919"}],"wp:term":[{"taxonomy":"product_brand","embeddable":true,"href":"https:\/\/chilimag.hu\/webshop\/wp-json\/wp\/v2\/product_brand?post=20919"},{"taxonomy":"product_cat","embeddable":true,"href":"https:\/\/chilimag.hu\/webshop\/wp-json\/wp\/v2\/product_cat?post=20919"},{"taxonomy":"product_tag","embeddable":true,"href":"https:\/\/chilimag.hu\/webshop\/wp-json\/wp\/v2\/product_tag?post=20919"}],"curies":[{"name":"wp","href":"https:\/\/api.w.org\/{rel}","templated":true}]}}