{"id":20917,"date":"2023-02-10T18:29:55","date_gmt":"2023-02-10T18:29:55","guid":{"rendered":"https:\/\/chilimag.hu\/webshop\/?post_type=product&#038;p=20917"},"modified":"2026-03-25T06:05:27","modified_gmt":"2026-03-25T06:05:27","slug":"petunia-f1-easy-wave-plum-vein-improved-sl-eln","status":"publish","type":"product","link":"https:\/\/chilimag.hu\/webshop\/termek\/petunia-f1-easy-wave-plum-vein-improved-sl-eln\/","title":{"rendered":"Petunia Hibrid Easy Wave Purple improved SL ELN"},"content":{"rendered":"","protected":false},"excerpt":{"rendered":"<p><img decoding=\"async\" class=\"active-logo\" src=\"https:\/\/b2b.seklos.lt\/themes\/warehouse\/img\/logo_en.png\" alt=\"Agrofirma S\u0117klos, UAB\" width=\"280\" height=\"95\" \/><\/p>\n<p>Egyny\u00e1ri, hajladoz\u00f3 \u00e9s b\u0151s\u00e9gesen ny\u00edl\u00f3 vir\u00e1gok. Ezt a hibrid fajt\u00e1t az\u00e9rt \u00e9rt\u00e9kelik, mert kor\u00e1n vir\u00e1gzik, k\u00f6nnyen termeszthet\u0151, ellen\u00e1ll a betegs\u00e9geknek. A vir\u00e1gok 5-7 cm \u00e1tm\u00e9r\u0151j\u0171ek, \u00e9s b\u0151s\u00e9gesebben vir\u00e1goznak, mint a t\u00f6bbi t\u00edpus, a sz\u00e1r 90-120 cm hossz\u00fa, s\u0171r\u0171 n\u00f6v\u00e9ny. Alkalmas \u00e1gyakhoz, erk\u00e9lyekhez, f\u00fcgg\u0151 ed\u00e9nyekhez. Kapszul\u00e1zott magvak (k\u00f6nnyen elvethet\u0151) \u2013 b\u0151s\u00e9ges szerves \u00e9s \u00e1sv\u00e1nyi m\u0171tr\u00e1gya kever\u00e9kkel vannak bevonva. A cs\u00edr\u00e1z\u00e1shoz ne takarjuk be a magokat szubsztr\u00e1tummal, csak enyh\u00e9n nyomjuk bele a talajba. A talaj felsz\u00edn\u00e9t nedvesen kell tartani a cs\u00edr\u00e1z\u00e1shoz. A magokat + 22\u201324 \u00b0C-on cs\u00edr\u00e1zzuk, \u00f6nt\u00f6zz\u00fck, \u00f3vatosan permetezz\u00fck v\u00edzzel. 14-16 napon bel\u00fcl cs\u00edr\u00e1zik. A kihajtott hajt\u00e1sokat k\u00e9tszer sz\u00farjuk ki: el\u0151sz\u00f6r 2 cm-re egym\u00e1st\u00f3l, a m\u00e1sodikn\u00e1l 5 cm-re.<br \/>\n6 kapszul\u00e1zott mag 4 m2 vir\u00e1g\u00e1gy\u00e1st vagy 4-5 f\u00fcgg\u0151kosarat takar.<br \/>\nO \u00e1rcsoport<br \/>\n\u00dcltet\u00e9si t\u00e1vols\u00e1gok 60 x 60 cm<br \/>\nVir\u00e1gz\u00e1si id\u0151, magass\u00e1g VI-IX<br \/>\nSz\u00fcret VI-IX<br \/>\nVet\u00e9sid\u0151 \u00fcvegh\u00e1zban III-IV<br \/>\nGy\u00e1rt\u00f3: Lucia Elite<br \/>\nMagok sz\u00e1ma a csomagban, db. 6<br \/>\nS\u0117jos gylis, cm 0 cm<br \/>\nT\u00e1vols\u00e1gok, cm 60&#215;60 cm<\/p>\n","protected":false},"featured_media":20918,"comment_status":"closed","ping_status":"closed","template":"","meta":[],"product_brand":[],"product_cat":[369],"product_tag":[],"class_list":{"0":"post-20917","1":"product","2":"type-product","3":"status-publish","4":"has-post-thumbnail","6":"product_cat-virag-vetomagok-lucia-elite","8":"first","9":"instock","10":"taxable","11":"shipping-taxable","12":"purchasable","13":"product-type-simple"},"_links":{"self":[{"href":"https:\/\/chilimag.hu\/webshop\/wp-json\/wp\/v2\/product\/20917","targetHints":{"allow":["GET"]}}],"collection":[{"href":"https:\/\/chilimag.hu\/webshop\/wp-json\/wp\/v2\/product"}],"about":[{"href":"https:\/\/chilimag.hu\/webshop\/wp-json\/wp\/v2\/types\/product"}],"replies":[{"embeddable":true,"href":"https:\/\/chilimag.hu\/webshop\/wp-json\/wp\/v2\/comments?post=20917"}],"wp:featuredmedia":[{"embeddable":true,"href":"https:\/\/chilimag.hu\/webshop\/wp-json\/wp\/v2\/media\/20918"}],"wp:attachment":[{"href":"https:\/\/chilimag.hu\/webshop\/wp-json\/wp\/v2\/media?parent=20917"}],"wp:term":[{"taxonomy":"product_brand","embeddable":true,"href":"https:\/\/chilimag.hu\/webshop\/wp-json\/wp\/v2\/product_brand?post=20917"},{"taxonomy":"product_cat","embeddable":true,"href":"https:\/\/chilimag.hu\/webshop\/wp-json\/wp\/v2\/product_cat?post=20917"},{"taxonomy":"product_tag","embeddable":true,"href":"https:\/\/chilimag.hu\/webshop\/wp-json\/wp\/v2\/product_tag?post=20917"}],"curies":[{"name":"wp","href":"https:\/\/api.w.org\/{rel}","templated":true}]}}