{"id":20901,"date":"2023-02-10T13:44:03","date_gmt":"2023-02-10T13:44:03","guid":{"rendered":"https:\/\/chilimag.hu\/webshop\/?post_type=product&#038;p=20901"},"modified":"2025-08-21T10:12:52","modified_gmt":"2025-08-21T10:12:52","slug":"arvacska-frizzle-sizzle-f1-sarga-sl-eln","status":"publish","type":"product","link":"https:\/\/chilimag.hu\/webshop\/termek\/arvacska-frizzle-sizzle-f1-sarga-sl-eln\/","title":{"rendered":"\u00c1rv\u00e1cska Frizzle Sizzle Hibrid s\u00e1rga SL ELN"},"content":{"rendered":"","protected":false},"excerpt":{"rendered":"<p><img decoding=\"async\" class=\"active-logo\" src=\"https:\/\/b2b.seklos.lt\/themes\/warehouse\/img\/logo_en.png\" alt=\"Agrofirma S\u0117klos, UAB\" width=\"280\" height=\"95\" \/><\/p>\n<p>Vir\u00e1g\u00e1gy\u00e1sokban, erk\u00e9lyeken, cserepekben, s\u00edrok tereprendez\u00e9s\u00e9ben termesztett k\u00e9t\u00e9ves vir\u00e1g f\u00e9nyes, hull\u00e1mos vir\u00e1gz\u00e1st hoz. A fajta nagyra \u00e9rt\u00e9kelik a s\u0171r\u0171, 20\u201325 cm magas n\u00f6v\u00e9nyeket \u00e9s a betegs\u00e9gekkel szembeni ellen\u00e1ll\u00e1st. A legkor\u00e1bban tavasszal ny\u00edl\u00f3 vir\u00e1gok. Ha a ny\u00e1r m\u00e1sodik fel\u00e9ben vetik el, eg\u00e9sz \u0151sszel vir\u00e1gzik. Kedvez\u0151 k\u00f6r\u00fclm\u00e9nyek k\u00f6z\u00f6tt november v\u00e9g\u00e9ig vir\u00e1gzik. Cserepekben, t\u00e1lc\u00e1kban, vir\u00e1g\u00e1gy\u00e1sokban termesztik. A vir\u00e1gz\u00e1s maximaliz\u00e1l\u00e1sa \u00e9rdek\u00e9ben javasolt az elpuszt\u00edt\u00e1s \u00e9s a korhadt levelek elt\u00e1vol\u00edt\u00e1sa. A viola gy\u00f6kerei er\u0151sek \u00e9s b\u0151s\u00e9gesek, ez\u00e9rt a vir\u00e1gz\u00f3 n\u00f6v\u00e9nyek \u00e1t\u00fcltethet\u0151k. Kedveli a term\u00e9keny, nyirkos v\u00e1lyogtalajt, a napos \u00e9s r\u00e9szben \u00e1rny\u00e9kos helyet. A veget\u00e1ci\u00f3 sor\u00e1n a viol\u00e1kat 3-szor kell m\u0171tr\u00e1gy\u00e1zni komplex \u00e1sv\u00e1nyi m\u0171tr\u00e1gy\u00e1val (20 g\/m2). Az els\u0151 m\u0171tr\u00e1gy\u00e1z\u00e1st 2 h\u00e9ttel az \u00fcltet\u00e9s ut\u00e1n kell elv\u00e9gezni.<br \/>\n25 db pellet\u00e1lt mag 1-1,5 m2-es vir\u00e1g\u00e1gy\u00e1shoz vagy 4 cser\u00e9phez.<\/p>\n<p>M \u00e1rcsoport<br \/>\nTranszplant\u00e1ci\u00f3 VIII-IX, 20&#215;20 cm<br \/>\nVir\u00e1gz\u00e1si id\u0151, magass\u00e1g IX-X, IV-VI<br \/>\nMagh\u00edrek 2020<br \/>\nVet\u00e9sid\u0151 a talajban VI-VIII<br \/>\nVet\u00e9sid\u0151 \u00fcvegh\u00e1zban II-III<br \/>\nGy\u00e1rt\u00f3: Lucia Elite<br \/>\nMagok sz\u00e1ma a csomagban, db. 25<br \/>\nS\u0117jos gylis, cm 0,5-1 cm<br \/>\nT\u00e1vols\u00e1gok, cm 20&#215;20 cm<\/p>\n","protected":false},"featured_media":20902,"comment_status":"closed","ping_status":"closed","template":"","meta":[],"product_brand":[],"product_cat":[369],"product_tag":[],"class_list":{"0":"post-20901","1":"product","2":"type-product","3":"status-publish","4":"has-post-thumbnail","6":"product_cat-virag-vetomagok-lucia-elite","8":"first","9":"instock","10":"taxable","11":"shipping-taxable","12":"purchasable","13":"product-type-simple"},"_links":{"self":[{"href":"https:\/\/chilimag.hu\/webshop\/wp-json\/wp\/v2\/product\/20901","targetHints":{"allow":["GET"]}}],"collection":[{"href":"https:\/\/chilimag.hu\/webshop\/wp-json\/wp\/v2\/product"}],"about":[{"href":"https:\/\/chilimag.hu\/webshop\/wp-json\/wp\/v2\/types\/product"}],"replies":[{"embeddable":true,"href":"https:\/\/chilimag.hu\/webshop\/wp-json\/wp\/v2\/comments?post=20901"}],"wp:featuredmedia":[{"embeddable":true,"href":"https:\/\/chilimag.hu\/webshop\/wp-json\/wp\/v2\/media\/20902"}],"wp:attachment":[{"href":"https:\/\/chilimag.hu\/webshop\/wp-json\/wp\/v2\/media?parent=20901"}],"wp:term":[{"taxonomy":"product_brand","embeddable":true,"href":"https:\/\/chilimag.hu\/webshop\/wp-json\/wp\/v2\/product_brand?post=20901"},{"taxonomy":"product_cat","embeddable":true,"href":"https:\/\/chilimag.hu\/webshop\/wp-json\/wp\/v2\/product_cat?post=20901"},{"taxonomy":"product_tag","embeddable":true,"href":"https:\/\/chilimag.hu\/webshop\/wp-json\/wp\/v2\/product_tag?post=20901"}],"curies":[{"name":"wp","href":"https:\/\/api.w.org\/{rel}","templated":true}]}}