{"id":20894,"date":"2023-02-10T13:34:12","date_gmt":"2023-02-10T13:34:12","guid":{"rendered":"https:\/\/chilimag.hu\/webshop\/?post_type=product&#038;p=20894"},"modified":"2025-08-21T10:27:39","modified_gmt":"2025-08-21T10:27:39","slug":"orias-hibiszkusz-sl-eln","status":"publish","type":"product","link":"https:\/\/chilimag.hu\/webshop\/termek\/orias-hibiszkusz-sl-eln\/","title":{"rendered":"\u00d3ri\u00e1s Hibiszkusz Luna Rose  SL ELN"},"content":{"rendered":"","protected":false},"excerpt":{"rendered":"<p><img decoding=\"async\" class=\"active-logo\" src=\"https:\/\/b2b.seklos.lt\/themes\/warehouse\/img\/logo_en.png\" alt=\"Agrofirma S\u0117klos, UAB\" width=\"280\" height=\"95\" \/><\/p>\n<p>Ugyanabban az \u00e9vben ny\u00edl\u00f3 \u00e9vel\u0151 vir\u00e1gok. A n\u00f6v\u00e9ny bokor alak\u00fa, nagy vir\u00e1gz\u00e1s\u00fa, a n\u00f6v\u00e9ny el\u00e1gazik, ha nem cs\u00edp. Ezeket a r\u00f3zsam\u00e1lyv\u00e1kat a szabadban termesztik napos, sz\u00e9lt\u0151l v\u00e9dett helyen. Ez a n\u00f6v\u00e9ny ide\u00e1lis szabadon \u00e1ll\u00f3 cser\u00e9pben val\u00f3 termeszt\u00e9sre. Ny\u00e1ron a szabadban termesztik, t\u00e9len pedig narancsosokba helyezik \u00e1t. Hibiszkusz \u2013 meglehet\u0151sen gyorsan n\u00f6v\u0151 n\u00f6v\u00e9ny, ez\u00e9rt ha azt szeretn\u00e9nk, hogy ne n\u0151j\u00f6n t\u00fal magasra, akkor metsz\u00e9s sz\u00fcks\u00e9ges. B\u0151s\u00e9ges vir\u00e1gz\u00e1s a m\u00e1sodik \u00e9vben, vir\u00e1gzik tavaszt\u00f3l ny\u00e1r v\u00e9g\u00e9ig.<br \/>\nA vir\u00e1goskertek n\u00f6v\u00e9nyeit h\u00f3mentes t\u00e9len javasolt letakarni a fagy elker\u00fcl\u00e9se \u00e9rdek\u00e9ben.<br \/>\nA 4 m2-es vir\u00e1goskerthez vagy 4 cser\u00e9phez 6 mag elegend\u0151 lesz.<br \/>\nO \u00e1rcsoport<br \/>\nVir\u00e1gz\u00e1si id\u0151, magass\u00e1g VI, VIII-IX<br \/>\nSz\u00fcret VI, VIII-IX<br \/>\n\u00c9vel\u0151 Igen<br \/>\nVet\u00e9sid\u0151 \u00fcvegh\u00e1zban III-V<br \/>\nGy\u00e1rt\u00f3: Lucia Elite<br \/>\nMagok sz\u00e1ma a csomagban, db. 6<br \/>\nTesztmez\u0151k Tesztmez\u0151kben bejel\u00f6lve<br \/>\nS\u0117jos gylis, cm 2 cm<br \/>\nT\u00e1vols\u00e1gok, cm 50&#215;50 cm<\/p>\n","protected":false},"featured_media":20895,"comment_status":"closed","ping_status":"closed","template":"","meta":[],"product_brand":[],"product_cat":[369],"product_tag":[],"class_list":{"0":"post-20894","1":"product","2":"type-product","3":"status-publish","4":"has-post-thumbnail","6":"product_cat-virag-vetomagok-lucia-elite","8":"first","9":"instock","10":"taxable","11":"shipping-taxable","12":"purchasable","13":"product-type-simple"},"_links":{"self":[{"href":"https:\/\/chilimag.hu\/webshop\/wp-json\/wp\/v2\/product\/20894","targetHints":{"allow":["GET"]}}],"collection":[{"href":"https:\/\/chilimag.hu\/webshop\/wp-json\/wp\/v2\/product"}],"about":[{"href":"https:\/\/chilimag.hu\/webshop\/wp-json\/wp\/v2\/types\/product"}],"replies":[{"embeddable":true,"href":"https:\/\/chilimag.hu\/webshop\/wp-json\/wp\/v2\/comments?post=20894"}],"wp:featuredmedia":[{"embeddable":true,"href":"https:\/\/chilimag.hu\/webshop\/wp-json\/wp\/v2\/media\/20895"}],"wp:attachment":[{"href":"https:\/\/chilimag.hu\/webshop\/wp-json\/wp\/v2\/media?parent=20894"}],"wp:term":[{"taxonomy":"product_brand","embeddable":true,"href":"https:\/\/chilimag.hu\/webshop\/wp-json\/wp\/v2\/product_brand?post=20894"},{"taxonomy":"product_cat","embeddable":true,"href":"https:\/\/chilimag.hu\/webshop\/wp-json\/wp\/v2\/product_cat?post=20894"},{"taxonomy":"product_tag","embeddable":true,"href":"https:\/\/chilimag.hu\/webshop\/wp-json\/wp\/v2\/product_tag?post=20894"}],"curies":[{"name":"wp","href":"https:\/\/api.w.org\/{rel}","templated":true}]}}