{"id":20892,"date":"2023-02-10T13:28:50","date_gmt":"2023-02-10T13:28:50","guid":{"rendered":"https:\/\/chilimag.hu\/webshop\/?post_type=product&#038;p=20892"},"modified":"2026-03-12T07:22:46","modified_gmt":"2026-03-12T07:22:46","slug":"tengerparti-pazsitszegfu-sl-eln","status":"publish","type":"product","link":"https:\/\/chilimag.hu\/webshop\/termek\/tengerparti-pazsitszegfu-sl-eln\/","title":{"rendered":"Tengerparti p\u00e1zsitszegf\u0171 Ballerina Red SL ELN"},"content":{"rendered":"","protected":false},"excerpt":{"rendered":"<p><img decoding=\"async\" class=\"active-logo\" src=\"https:\/\/b2b.seklos.lt\/themes\/warehouse\/img\/logo_en.png\" alt=\"Agrofirma S\u0117klos, UAB\" width=\"280\" height=\"95\" \/><\/p>\n<p>Ugyanabban az \u00e9vben ny\u00edl\u00f3 \u00e9vel\u0151 vir\u00e1gok. Az egyik legn\u00e9pszer\u0171bb ut\u00f3vir\u00e1g a t\u00f6rpe vir\u00e1goskertekben, sziklakertekben. Nem ig\u00e9nyel k\u00fcl\u00f6nleges talajviszonyokat, rossz talajon is termeszthet\u0151. A f\u00e9nyes vir\u00e1gz\u00e1s t\u00f6k\u00e9letesen kontraszt a z\u00f6ld lombozattal. Ezek a vir\u00e1gok keskeny vir\u00e1g\u00e1gy\u00e1sokba alkalmasak, p\u00e1zsitot \u00e9s vir\u00e1goskertet bebor\u00edtanak, elemeiket felt\u00e1rj\u00e1k. A vir\u00e1gokat kis csokrok miatt lehet v\u00e1gni. Csoportosan \u00fcltetve vagy m\u00e1s naprajong\u00f3 vir\u00e1gokkal kombin\u00e1lva. A pal\u00e1nt\u00e1kat vir\u00e1goskertbe kell \u00e1t\u00fcltetni. T\u00e9len nem kell letakarni.<br \/>\nAz 1-1,5 m\u00b2-es vir\u00e1goskerthez 30 mag elegend\u0151.<br \/>\nO \u00e1rcsoport<br \/>\n\u00dcltet\u00e9si t\u00e1vols\u00e1gok 20 x 25 cm<br \/>\nSz\u00fcret V-VI, VIII-IX<br \/>\n\u00c9vel\u0151 Igen<br \/>\nVet\u00e9sid\u0151 a talajban V<br \/>\nVet\u00e9sid\u0151 \u00fcvegh\u00e1zban IV-V<br \/>\nGy\u00e1rt\u00f3: Lucia Elite<br \/>\nMagok sz\u00e1ma a csomagban, db. 30<br \/>\nTesztmez\u0151k Tesztmez\u0151kben bejel\u00f6lve<br \/>\nS\u0117jos gylis, cm 1 cm<br \/>\nT\u00e1vols\u00e1gok, cm 20&#215;25 cm<\/p>\n","protected":false},"featured_media":20893,"comment_status":"closed","ping_status":"closed","template":"","meta":[],"product_brand":[],"product_cat":[369],"product_tag":[],"class_list":{"0":"post-20892","1":"product","2":"type-product","3":"status-publish","4":"has-post-thumbnail","6":"product_cat-virag-vetomagok-lucia-elite","8":"first","9":"instock","10":"taxable","11":"shipping-taxable","12":"purchasable","13":"product-type-simple"},"_links":{"self":[{"href":"https:\/\/chilimag.hu\/webshop\/wp-json\/wp\/v2\/product\/20892","targetHints":{"allow":["GET"]}}],"collection":[{"href":"https:\/\/chilimag.hu\/webshop\/wp-json\/wp\/v2\/product"}],"about":[{"href":"https:\/\/chilimag.hu\/webshop\/wp-json\/wp\/v2\/types\/product"}],"replies":[{"embeddable":true,"href":"https:\/\/chilimag.hu\/webshop\/wp-json\/wp\/v2\/comments?post=20892"}],"wp:featuredmedia":[{"embeddable":true,"href":"https:\/\/chilimag.hu\/webshop\/wp-json\/wp\/v2\/media\/20893"}],"wp:attachment":[{"href":"https:\/\/chilimag.hu\/webshop\/wp-json\/wp\/v2\/media?parent=20892"}],"wp:term":[{"taxonomy":"product_brand","embeddable":true,"href":"https:\/\/chilimag.hu\/webshop\/wp-json\/wp\/v2\/product_brand?post=20892"},{"taxonomy":"product_cat","embeddable":true,"href":"https:\/\/chilimag.hu\/webshop\/wp-json\/wp\/v2\/product_cat?post=20892"},{"taxonomy":"product_tag","embeddable":true,"href":"https:\/\/chilimag.hu\/webshop\/wp-json\/wp\/v2\/product_tag?post=20892"}],"curies":[{"name":"wp","href":"https:\/\/api.w.org\/{rel}","templated":true}]}}