{"id":20890,"date":"2023-02-10T13:26:22","date_gmt":"2023-02-10T13:26:22","guid":{"rendered":"https:\/\/chilimag.hu\/webshop\/?post_type=product&#038;p=20890"},"modified":"2025-08-21T10:25:06","modified_gmt":"2025-08-21T10:25:06","slug":"menyecskeszem-nagyfeszku-early-sunrise-sl-eln","status":"publish","type":"product","link":"https:\/\/chilimag.hu\/webshop\/termek\/menyecskeszem-nagyfeszku-early-sunrise-sl-eln\/","title":{"rendered":"Menyecskeszem Nagyf\u00e9szk\u0171 Early Sunrise SL ELN"},"content":{"rendered":"","protected":false},"excerpt":{"rendered":"<p><img decoding=\"async\" class=\"active-logo\" src=\"https:\/\/b2b.seklos.lt\/themes\/warehouse\/img\/logo_en.png\" alt=\"Agrofirma S\u0117klos, UAB\" width=\"280\" height=\"95\" \/><\/p>\n<p>Ugyanabban az \u00e9vben ny\u00edl\u00f3 \u00e9vel\u0151 vir\u00e1gok. \u00c9l\u00e9nk sz\u00edn\u0171 vir\u00e1gok, f\u00e9lig dupla vir\u00e1gzattal. A n\u00f6v\u00e9ny nem ig\u00e9nyel k\u00fcl\u00f6nleges felt\u00e9teleket, kora tavaszt\u00f3l \u0151szig vir\u00e1gzik. Vir\u00e1goskertekben 2-3 \u00e9vig n\u0151 ugyanazon a helyen. \u00c9l\u00e9nk sz\u00edn\u0171 vir\u00e1gzat, amely kis csokrok sz\u00e1m\u00e1ra alkalmas. Csoportosan \u00fcltetve vagy m\u00e1s naprajong\u00f3 vir\u00e1gokkal kombin\u00e1lva. A pal\u00e1nt\u00e1kat vir\u00e1goskertbe kell \u00e1t\u00fcltetni. T\u00e9len nem kell letakarni.<br \/>\nAz 5-6 m\u00b2-es vir\u00e1goskerthez 50 mag elegend\u0151.<br \/>\nO \u00e1rcsoport<br \/>\nSz\u00fcret V-VI, VIII-IX<br \/>\n\u00c9vel\u0151 Igen<br \/>\nVet\u00e9sid\u0151 a talajban V<br \/>\nVet\u00e9sid\u0151 \u00fcvegh\u00e1zban IV-V<br \/>\nGy\u00e1rt\u00f3: Lucia Elite<br \/>\nMagok sz\u00e1ma a csomagban, db. 50<br \/>\nTesztmez\u0151k Tesztmez\u0151kben bejel\u00f6lve<br \/>\nS\u0117jos gylis, cm 1 cm<br \/>\nT\u00e1vols\u00e1gok, cm 25&#215;25 cm<\/p>\n","protected":false},"featured_media":20891,"comment_status":"closed","ping_status":"closed","template":"","meta":[],"product_brand":[],"product_cat":[369],"product_tag":[],"class_list":{"0":"post-20890","1":"product","2":"type-product","3":"status-publish","4":"has-post-thumbnail","6":"product_cat-virag-vetomagok-lucia-elite","8":"first","9":"instock","10":"taxable","11":"shipping-taxable","12":"purchasable","13":"product-type-simple"},"_links":{"self":[{"href":"https:\/\/chilimag.hu\/webshop\/wp-json\/wp\/v2\/product\/20890","targetHints":{"allow":["GET"]}}],"collection":[{"href":"https:\/\/chilimag.hu\/webshop\/wp-json\/wp\/v2\/product"}],"about":[{"href":"https:\/\/chilimag.hu\/webshop\/wp-json\/wp\/v2\/types\/product"}],"replies":[{"embeddable":true,"href":"https:\/\/chilimag.hu\/webshop\/wp-json\/wp\/v2\/comments?post=20890"}],"wp:featuredmedia":[{"embeddable":true,"href":"https:\/\/chilimag.hu\/webshop\/wp-json\/wp\/v2\/media\/20891"}],"wp:attachment":[{"href":"https:\/\/chilimag.hu\/webshop\/wp-json\/wp\/v2\/media?parent=20890"}],"wp:term":[{"taxonomy":"product_brand","embeddable":true,"href":"https:\/\/chilimag.hu\/webshop\/wp-json\/wp\/v2\/product_brand?post=20890"},{"taxonomy":"product_cat","embeddable":true,"href":"https:\/\/chilimag.hu\/webshop\/wp-json\/wp\/v2\/product_cat?post=20890"},{"taxonomy":"product_tag","embeddable":true,"href":"https:\/\/chilimag.hu\/webshop\/wp-json\/wp\/v2\/product_tag?post=20890"}],"curies":[{"name":"wp","href":"https:\/\/api.w.org\/{rel}","templated":true}]}}