{"id":20880,"date":"2023-02-10T13:11:52","date_gmt":"2023-02-10T13:11:52","guid":{"rendered":"https:\/\/chilimag.hu\/webshop\/?post_type=product&#038;p=20880"},"modified":"2026-02-15T13:53:09","modified_gmt":"2026-02-15T13:53:09","slug":"borso-utrillo-sl-ow","status":"publish","type":"product","link":"https:\/\/chilimag.hu\/webshop\/termek\/borso-utrillo-sl-ow\/","title":{"rendered":"Bors\u00f3 Utrillo SL OW"},"content":{"rendered":"","protected":false},"excerpt":{"rendered":"<p><img decoding=\"async\" class=\"active-logo\" src=\"https:\/\/b2b.seklos.lt\/themes\/warehouse\/img\/logo_en.png\" alt=\"Agrofirma S\u0117klos, UAB\" width=\"280\" height=\"95\" \/><\/p>\n<p>K\u00f6z\u00e9pkorai fajta. 70-80 cm magas n\u00f6v\u00e9nyek. A h\u00fcvelyek s\u00f6t\u00e9tz\u00f6ldek, 12-13 cm hossz\u00faak, kb. 10 r\u00e1ncos mag minden h\u00fcvelyben. A legjobban fejl\u0151dik k\u00f6zepesen neh\u00e9z, leveg\u0151t \u00e9s vizet \u00e1tereszt\u0151 talajban.<br \/>\nMagok sz\u00e1ma grammonk\u00e9nt 3-6<br \/>\nSz\u00fcret VI\u2013VII<br \/>\nNapos hely Igen<br \/>\nTerm\u0151f\u00f6ld<br \/>\nA fajta korai ideje M\u00e9rs\u00e9kelten korai<br \/>\n\u00d6nbeporz\u00f3 sz<br \/>\nVet\u00e9sid\u0151 a talajban III\u2013V, 4 cm<br \/>\nGy\u00e1rt\u00f3 Organic Way<br \/>\nT\u00e1vols\u00e1gok, cm 40 x 5 cm<\/p>\n<p>A csomag 8 gr magot tartalmaz<\/p>\n","protected":false},"featured_media":20881,"comment_status":"closed","ping_status":"closed","template":"","meta":[],"product_brand":[],"product_cat":[354],"product_tag":[],"class_list":{"0":"post-20880","1":"product","2":"type-product","3":"status-publish","4":"has-post-thumbnail","6":"product_cat-organic-way","8":"first","9":"instock","10":"taxable","11":"shipping-taxable","12":"purchasable","13":"product-type-simple"},"_links":{"self":[{"href":"https:\/\/chilimag.hu\/webshop\/wp-json\/wp\/v2\/product\/20880","targetHints":{"allow":["GET"]}}],"collection":[{"href":"https:\/\/chilimag.hu\/webshop\/wp-json\/wp\/v2\/product"}],"about":[{"href":"https:\/\/chilimag.hu\/webshop\/wp-json\/wp\/v2\/types\/product"}],"replies":[{"embeddable":true,"href":"https:\/\/chilimag.hu\/webshop\/wp-json\/wp\/v2\/comments?post=20880"}],"wp:featuredmedia":[{"embeddable":true,"href":"https:\/\/chilimag.hu\/webshop\/wp-json\/wp\/v2\/media\/20881"}],"wp:attachment":[{"href":"https:\/\/chilimag.hu\/webshop\/wp-json\/wp\/v2\/media?parent=20880"}],"wp:term":[{"taxonomy":"product_brand","embeddable":true,"href":"https:\/\/chilimag.hu\/webshop\/wp-json\/wp\/v2\/product_brand?post=20880"},{"taxonomy":"product_cat","embeddable":true,"href":"https:\/\/chilimag.hu\/webshop\/wp-json\/wp\/v2\/product_cat?post=20880"},{"taxonomy":"product_tag","embeddable":true,"href":"https:\/\/chilimag.hu\/webshop\/wp-json\/wp\/v2\/product_tag?post=20880"}],"curies":[{"name":"wp","href":"https:\/\/api.w.org\/{rel}","templated":true}]}}