{"id":20876,"date":"2023-02-10T13:04:21","date_gmt":"2023-02-10T13:04:21","guid":{"rendered":"https:\/\/chilimag.hu\/webshop\/?post_type=product&#038;p=20876"},"modified":"2026-02-06T19:35:00","modified_gmt":"2026-02-06T19:35:00","slug":"cikoriasalata-geante-maraichere-rossa-di-verona-sl-ow","status":"publish","type":"product","link":"https:\/\/chilimag.hu\/webshop\/termek\/cikoriasalata-geante-maraichere-rossa-di-verona-sl-ow\/","title":{"rendered":"Cik\u00f3riasal\u00e1ta  Rossa Di Verona SL OW"},"content":{"rendered":"","protected":false},"excerpt":{"rendered":"<p><img decoding=\"async\" class=\"active-logo\" src=\"https:\/\/b2b.seklos.lt\/themes\/warehouse\/img\/logo_en.png\" alt=\"Agrofirma S\u0117klos, UAB\" width=\"280\" height=\"95\" \/><\/p>\n<p>Eredeti sz\u00edn\u0171, form\u00e1j\u00fa \u00e9s \u00edz\u0171 sal\u00e1ta. 600-800 gramm s\u00faly\u00fa fejeket hoz, ropog\u00f3s levelekkel. Frissen, m\u00e1s sal\u00e1t\u00e1val keverve fogyaszthat\u00f3, enyh\u00e9n zamatos \u00edzt ad. Ny\u00e1ri, \u0151szi betakar\u00edt\u00e1sra termesztik.<br \/>\nSz\u00fcret V-VIII<br \/>\nGy\u00e1rt\u00f3 Organic Way<\/p>\n","protected":false},"featured_media":20877,"comment_status":"closed","ping_status":"closed","template":"","meta":[],"product_brand":[],"product_cat":[354],"product_tag":[],"class_list":{"0":"post-20876","1":"product","2":"type-product","3":"status-publish","4":"has-post-thumbnail","6":"product_cat-organic-way","8":"first","9":"instock","10":"taxable","11":"shipping-taxable","12":"purchasable","13":"product-type-simple"},"_links":{"self":[{"href":"https:\/\/chilimag.hu\/webshop\/wp-json\/wp\/v2\/product\/20876","targetHints":{"allow":["GET"]}}],"collection":[{"href":"https:\/\/chilimag.hu\/webshop\/wp-json\/wp\/v2\/product"}],"about":[{"href":"https:\/\/chilimag.hu\/webshop\/wp-json\/wp\/v2\/types\/product"}],"replies":[{"embeddable":true,"href":"https:\/\/chilimag.hu\/webshop\/wp-json\/wp\/v2\/comments?post=20876"}],"wp:featuredmedia":[{"embeddable":true,"href":"https:\/\/chilimag.hu\/webshop\/wp-json\/wp\/v2\/media\/20877"}],"wp:attachment":[{"href":"https:\/\/chilimag.hu\/webshop\/wp-json\/wp\/v2\/media?parent=20876"}],"wp:term":[{"taxonomy":"product_brand","embeddable":true,"href":"https:\/\/chilimag.hu\/webshop\/wp-json\/wp\/v2\/product_brand?post=20876"},{"taxonomy":"product_cat","embeddable":true,"href":"https:\/\/chilimag.hu\/webshop\/wp-json\/wp\/v2\/product_cat?post=20876"},{"taxonomy":"product_tag","embeddable":true,"href":"https:\/\/chilimag.hu\/webshop\/wp-json\/wp\/v2\/product_tag?post=20876"}],"curies":[{"name":"wp","href":"https:\/\/api.w.org\/{rel}","templated":true}]}}